{"id":43947,"date":"2019-09-18T13:05:05","date_gmt":"2019-09-18T11:05:05","guid":{"rendered":"https:\/\/octaedro.com\/university\/"},"modified":"2021-06-02T12:14:01","modified_gmt":"2021-06-02T12:14:01","slug":"university","status":"publish","type":"page","link":"https:\/\/wizardly-davinci.82-223-8-23.plesk.page\/en\/university\/","title":{"rendered":"University"},"content":{"rendered":"[et_pb_section fb_built=&#8221;1&#8243; fullwidth=&#8221;on&#8221; _builder_version=&#8221;3.29.3&#8243;][et_pb_fullwidth_image src=&#8221;https:\/\/wizardly-davinci.82-223-8-23.plesk.page\/wp-content\/uploads\/2019\/09\/UNIVERSIDADancho2.png&#8221; _builder_version=&#8221;3.29.3&#8243;][\/et_pb_fullwidth_image][\/et_pb_section][et_pb_section fb_built=&#8221;1&#8243; fullwidth=&#8221;on&#8221; disabled_on=&#8221;off|off|off&#8221; _builder_version=&#8221;3.29.3&#8243;][et_pb_fullwidth_menu menu_id=&#8221;6935&#8243; fullwidth_menu=&#8221;off&#8221; _builder_version=&#8221;3.29.3&#8243; menu_font=&#8221;|600|||||||&#8221; menu_text_color=&#8221;#0C71C3&#8243; background_color=&#8221;rgba(73,143,174,0.37)&#8221; text_orientation=&#8221;center&#8221; link_option_url_new_window=&#8221;on&#8221; border_width_bottom=&#8221;1px&#8221; border_color_bottom=&#8221;rgba(12,113,195,0.27)&#8221; border_style_bottom=&#8221;dashed&#8221;][\/et_pb_fullwidth_menu][\/et_pb_section][et_pb_section fb_built=&#8221;1&#8243; specialty=&#8221;on&#8221; _builder_version=&#8221;3.29.3&#8243;][et_pb_column type=&#8221;1_3&#8243; _builder_version=&#8221;3.25&#8243; custom_padding=&#8221;|||&#8221; custom_padding__hover=&#8221;|||&#8221;][et_pb_sidebar area=&#8221;et_pb_widget_area_24&#8243; show_border=&#8221;off&#8221; _builder_version=&#8221;3.29.3&#8243; custom_margin=&#8221;|||-20px|false|false&#8221; custom_css_title=&#8221;background:%22#498fae%22&#8243;][\/et_pb_sidebar][\/et_pb_column][et_pb_column type=&#8221;2_3&#8243; specialty_columns=&#8221;2&#8243; _builder_version=&#8221;3.25&#8243; custom_padding=&#8221;|||&#8221; custom_padding__hover=&#8221;|||&#8221;][et_pb_row_inner _builder_version=&#8221;3.29.3&#8243;][et_pb_column_inner saved_specialty_column_type=&#8221;3_4&#8243; _builder_version=&#8221;3.29.3&#8243;][et_pb_text _builder_version=&#8221;3.29.3&#8243; text_font_size=&#8221;16px&#8221;]\n<p>OCTAEDRO publishing house:<\/p>\n<p>\n            <strong>It has SPI-accredited editorial prestige (first quartile in the Scholarly Publishers Indicators).<\/strong>\n          <\/p>\n<p style=\"padding-left: 40px;\"><i class=\"fa fa-check-circle-o \" ><\/i> It has a catalogue of more than 1700 books, many published in print and digital format, and approximately 50% are for university environments.<br \/><i class=\"fa fa-check-circle-o \" ><\/i> His works are distinguished by their high quality standards.<br \/><i class=\"fa fa-check-circle-o \" ><\/i> It is published in several languages, including Spanish, Catalan, English and others. It has an extensive international distribution network, with a special focus on Latin American bookshops and libraries.<br \/><i class=\"fa fa-check-circle-o \" ><\/i> La editorial cuenta con una amplia red internacional de descarga de libros electr\u00f3nicos.<\/p>\n[\/et_pb_text][\/et_pb_column_inner][\/et_pb_row_inner][et_pb_row_inner _builder_version=&#8221;3.29.3&#8243;][et_pb_column_inner saved_specialty_column_type=&#8221;3_4&#8243; _builder_version=&#8221;3.29.3&#8243;][et_pb_text _builder_version=&#8221;3.29.3&#8243;][\/et_pb_text][\/et_pb_column_inner][\/et_pb_row_inner][et_pb_row_inner admin_label=&#8221;EDUCACI\u00d3N SUPERIOR&#8221; _builder_version=&#8221;3.29.3&#8243; border_width_bottom=&#8221;1px&#8221; border_style_bottom=&#8221;none&#8221;][et_pb_column_inner saved_specialty_column_type=&#8221;3_4&#8243; _builder_version=&#8221;3.29.3&#8243;][et_pb_text _builder_version=&#8221;3.29.3&#8243; text_text_color=&#8221;#3e5062&#8243; custom_margin=&#8221;-10px||||false|false&#8221; border_color_all=&#8221;rgba(0,0,0,0)&#8221; border_style_all=&#8221;none&#8221; border_width_bottom=&#8221;2px&#8221; border_color_bottom=&#8221;#0C71C3&#8243;]<span style=\"color: #3583A5;\"><br \/>\n            <strong><br \/>\n              <span style=\"font-size: 30px;\">Higher Education<\/span><br \/>\n            <\/strong><br \/>\n          <\/span><\/p>\n<p>          <div class=\"su-divider su-divider-style-default\" style=\"margin:15px 0;border-width:1px;border-color:#3583A5\"><\/div>[\/et_pb_text][et_pb_shop type=&#8221;product_category&#8221; posts_number=&#8221;21&#8243; include_categories=&#8221;6936&#8243; columns_number=&#8221;3&#8243; orderby=&#8221;date-desc&#8221; admin_label=&#8221;tienda educacion superior&#8221; _builder_version=&#8221;4.6.6&#8243;][\/et_pb_shop][et_pb_button button_url=&#8221;https:\/\/wizardly-davinci.82-223-8-23.plesk.page\/universidad\/educacion-superior\/&#8221; url_new_window=&#8221;on&#8221; button_text=&#8221;See all Higher Education books&#8221; button_alignment=&#8221;center&#8221; disabled_on=&#8221;on|on|on&#8221; _builder_version=&#8221;3.29.3&#8243; custom_button=&#8221;on&#8221; button_text_size=&#8221;14px&#8221; button_text_color=&#8221;#FFFFFF&#8221; button_bg_color=&#8221;#3e5062&#8243; button_border_width=&#8221;0px&#8221; button_font=&#8221;|||on|||||&#8221; button_use_icon=&#8221;off&#8221; disabled=&#8221;on&#8221;][\/et_pb_button][\/et_pb_column_inner][\/et_pb_row_inner][et_pb_row_inner disabled_on=&#8221;on|on|on&#8221; _builder_version=&#8221;3.29.3&#8243; disabled=&#8221;on&#8221;][et_pb_column_inner saved_specialty_column_type=&#8221;3_4&#8243; _builder_version=&#8221;3.29.3&#8243;][et_pb_text admin_label=&#8221;ICE&#8221; _builder_version=&#8221;3.29.3&#8243; text_text_color=&#8221;#3e5062&#8243; custom_margin=&#8221;-10px||||false|false&#8221; border_color_all=&#8221;rgba(0,0,0,0)&#8221; border_style_all=&#8221;none&#8221; border_width_bottom=&#8221;2px&#8221; border_color_bottom=&#8221;#0C71C3&#8243;]\n<p>\n            <span style=\"color: #3583a5;\"><br \/>\n              <strong><br \/>\n                <span style=\"font-size: 30px;\">Octaedro &#8211; Institut de Desenvolupament Professional \/ Institut de Ci\u00e8ncies de l&#8217;Educaci\u00f3<\/span><br \/>\n              <\/strong><br \/>\n            <\/span>\n          <\/p>\n<div class=\"su-divider su-divider-style-default\" style=\"margin:15px 0;border-width:1px;border-color:#3583A5\"><\/div>\n<\/p>\n[\/et_pb_text][\/et_pb_column_inner][\/et_pb_row_inner][et_pb_row_inner disabled_on=&#8221;on|on|on&#8221; admin_label=&#8221;EDUCACI\u00d3N UNIVERSIDAD&#8221; _builder_version=&#8221;3.29.3&#8243; custom_margin=&#8221;||||false|false&#8221; custom_padding=&#8221;|||35px|false|false&#8221; border_width_bottom=&#8221;1px&#8221; border_style_bottom=&#8221;none&#8221; disabled=&#8221;on&#8221;][et_pb_column_inner saved_specialty_column_type=&#8221;3_4&#8243; _builder_version=&#8221;3.29.3&#8243;][et_pb_text admin_label=&#8221;COLECCI\u00d3N&#8221; _builder_version=&#8221;3.29.3&#8243; text_text_color=&#8221;#3e5062&#8243; custom_margin=&#8221;-10px||||false|false&#8221; border_color_all=&#8221;rgba(0,0,0,0)&#8221; border_style_all=&#8221;none&#8221; border_width_bottom=&#8221;2px&#8221; border_color_bottom=&#8221;#0C71C3&#8243;]\n<p>\n            <span style=\"color: #3583a5;\"><br \/>\n              <strong><br \/>\n                <span style=\"font-size: 25px;\">Education University<\/span><br \/>\n              <\/strong><br \/>\n            <\/span>\n          <\/p>\n<div class=\"su-divider su-divider-style-default\" style=\"margin:15px 0;border-width:1px;border-color:#3583A5\"><\/div>\n<h3>\n            <strong>University Education (Directed by Teresa Pag\u00e8s Costas)<\/strong><br \/>\n          <\/h3>\n<p>This collection directed by Teresa Pag\u00e8s Costas (Faculty of Biology UB) contributes to the dissemination of significant experiences and good practices of innovation and teaching improvement in the field of higher education and attempts to provide appropriate responses to the challenges posed by trends in the teaching-learning process and the construction of new spaces for higher education.<\/p>\n<p>Composed of highly popular books on university teaching and learning, it is aimed especially at university lecturers and future teachers in training, university administrators, students in higher education and all those interested in the world of university teaching.<\/p>\n<p>The collection also presents digital editions of all the books and of those documents which, due to their nature or the length and breadth of their approaches, exceed the possibilities of editions in traditional formats.<\/p>\n<p>The Editorial Board of the collection is made up of: Antoni Sans Mart\u00edn (director del ICE, Facultad de Pedagog\u00eda, Universidad de Barcelona); Merc\u00e8 Gracenea Zugarramurdi (secretaria del ICE, Facultad de Farmacia, Universidad de Barcelona); Salvador Carrasco Calvo (ICE, Universidad de Barcelona); Miquel Mart\u00ednez Mart\u00edn (Facultad de Pedagog\u00eda, Universidad de Barcelona); Atil\u00e0 Herms Berenguer (Facultad de F\u00edsica, Universidad de Barcelona); Mar Cruz Pi\u00f1ol (Facultad de Filolog\u00eda, Universidad de Barcelona); Miguel A. Pereyra Garc\u00eda-Castro (Facultad de Ciencias de la Educaci\u00f3n, Universidad de Granada); Miquel Oliver Trobat (Facultad de Educaci\u00f3n, director del ICE, Universidad Islas Baleares), Carmen Saurina Canals (Facultad de Econom\u00eda, Universidad de Girona), Pedro Allueva Torres (Facultad de Educaci\u00f3n, Universidad de Zaragoza) and the editorial team of Ediciones OCTAEDRO.<\/p>\n<p>Forma parte de esta colecci\u00f3n la serie Educaci\u00f3n comparada e internacional, dirigida por Miguel A. Pereyra, en la Universidad de Granada. The books in this series have a distinct and distinct orientation. It publishes works that present the results of leading international research on issues related to higher education from a comparative perspective.<\/p>\n<\/p>\n[\/et_pb_text][et_pb_shop type=&#8221;product_category&#8221; posts_number=&#8221;3&#8243; include_categories=&#8221;6940&#8243; columns_number=&#8221;3&#8243; orderby=&#8221;date-desc&#8221; admin_label=&#8221;tienda educacion superior&#8221; _builder_version=&#8221;3.29.3&#8243;][\/et_pb_shop][et_pb_button button_url=&#8221;https:\/\/wizardly-davinci.82-223-8-23.plesk.page\/universidad\/octaedro-institut-de-desenvolupament-professional-institut-de-ciencies-de-leducacio\/&#8221; url_new_window=&#8221;on&#8221; button_text=&#8221;It publishes works that present the results of leading international research on issues related to higher education from a comparative perspective.&#8221; button_alignment=&#8221;center&#8221; _builder_version=&#8221;3.29.3&#8243; custom_button=&#8221;on&#8221; button_text_size=&#8221;14px&#8221; button_text_color=&#8221;#FFFFFF&#8221; button_bg_color=&#8221;#3e5062&#8243; button_border_width=&#8221;0px&#8221; button_font=&#8221;|||on|||||&#8221; button_use_icon=&#8221;off&#8221;][\/et_pb_button][\/et_pb_column_inner][\/et_pb_row_inner][et_pb_row_inner disabled_on=&#8221;on|on|on&#8221; admin_label=&#8221;CUADERNOS DE DOCENCIA UNIVERSITARIA&#8221; _builder_version=&#8221;3.29.3&#8243; custom_margin=&#8221;||||false|false&#8221; custom_padding=&#8221;|||35px|false|false&#8221; border_width_bottom=&#8221;1px&#8221; border_style_bottom=&#8221;none&#8221; disabled=&#8221;on&#8221;][et_pb_column_inner saved_specialty_column_type=&#8221;3_4&#8243; _builder_version=&#8221;3.29.3&#8243;][et_pb_text _builder_version=&#8221;3.29.3&#8243; text_text_color=&#8221;#3e5062&#8243; custom_margin=&#8221;-10px||||false|false&#8221; border_color_all=&#8221;rgba(0,0,0,0)&#8221; border_style_all=&#8221;none&#8221; border_width_bottom=&#8221;2px&#8221; border_color_bottom=&#8221;#0C71C3&#8243;]\n<p>\n            <span style=\"color: #3583A5;\"><br \/>\n              <strong><br \/>\n                <span style=\"font-size: 25px;\">Cuadernos de docencia universitaria<\/span><br \/>\n              <\/strong><br \/>\n            <\/span>\n          <\/p>\n<div class=\"su-divider su-divider-style-default\" style=\"margin:15px 0;border-width:1px;border-color:#3583A5\"><\/div>\n<p>Los Cuadernos de Docencia Universitaria aim to provide university teaching staff with materials and documents that facilitate teaching work, in accordance with a vision of teaching and learning centred on the work of students, and to disseminate good practices in teaching innovation.<\/p>\n<p>In the Cuadernos de Docencia Universitaria proposals are made that help to clarify key concepts; varied strategies for planning, methodology and teaching evaluation are presented, designed from different disciplinary and academic contexts; didactic proposals made by teaching teams are presented; and experiences are offered in which good teaching use has been made of information and communication technologies.<\/p>\n<p>Because of their content and usefulness, these materials can help to improve teaching and be an instrument for the training of university teaching staff.<\/p>\n<p>EDITORIAL COMITTEE<br \/>Director: Teresa Pag\u00e8s Costas (jefa de la Secci\u00f3n de Universidad. ICE, Facultad de Biolog\u00eda)<\/p>\n<p>Coordinator: Anna For\u00e9s Miravalles (Facultad de Educaci\u00f3n)<\/p>\n<p>Editorial comittee: Antoni Sans Mart\u00edn (director del ICE, Facultad de Educaci\u00f3n), Merc\u00e8 Gracenea Zugarramundi (secretaria del ICE, Facultad de Farmacia), Jaume Fern\u00e1ndez Borr\u00e1s (Facultad de Biolog\u00eda), Francesc Mart\u00ednez Olmo (Facultad de Educaci\u00f3n), Max Turull Rubinat (Facultad de Derecho), Silvia Argudo Plans (Facultad de Biblioteconom\u00eda y Documentaci\u00f3n), Xavier Pastor Dur\u00e1n (Facultad de Medicina y Ciencias de la Salud), Jordi Gratac\u00f3s Roig (Facultad de Bellas Artes), Rosa Say\u00f3s Santigosa (Facultad de Educaci\u00f3n), Pilar Aparicio Chueca (Facultad de Econom\u00eda y Empresa), M. Teresa Icart Isern (Facultad de Medicina y Ciencias de la Salud), Juan Antonio Amador (Facultad de Psicolog\u00eda), Eva Gonz\u00e1lez Fern\u00e1ndez (ICE-UB, secretaria t\u00e9cnica) and the Editorial team of Editorial OCTAEDRO.<\/p>\n<\/p>\n[\/et_pb_text][et_pb_shop type=&#8221;product_category&#8221; posts_number=&#8221;6&#8243; include_categories=&#8221;6946,6942&#8243; columns_number=&#8221;3&#8243; orderby=&#8221;date-desc&#8221; _builder_version=&#8221;3.29.3&#8243; link_option_url_new_window=&#8221;on&#8221;][\/et_pb_shop][et_pb_button button_url=&#8221;https:\/\/wizardly-davinci.82-223-8-23.plesk.page\/universidad\/universidad-cuadernos-de-docencia-universitaria\/&#8221; url_new_window=&#8221;on&#8221; button_text=&#8221;See all Cuadernos de Docencia Universitaria&#8221; button_alignment=&#8221;center&#8221; _builder_version=&#8221;3.29.3&#8243; custom_button=&#8221;on&#8221; button_text_size=&#8221;14px&#8221; button_text_color=&#8221;#FFFFFF&#8221; button_bg_color=&#8221;#3e5062&#8243; button_border_width=&#8221;0px&#8221; button_font=&#8221;|||on|||||&#8221; button_use_icon=&#8221;off&#8221;][\/et_pb_button][\/et_pb_column_inner][\/et_pb_row_inner][et_pb_row_inner disabled_on=&#8221;on|on|on&#8221; admin_label=&#8221;EDUCACI\u00d3N COMPARADA E INTERNACIONAL&#8221; _builder_version=&#8221;3.29.3&#8243; custom_margin=&#8221;||||false|false&#8221; custom_padding=&#8221;|||35px|false|false&#8221; border_width_bottom=&#8221;1px&#8221; border_style_bottom=&#8221;none&#8221; disabled=&#8221;on&#8221;][et_pb_column_inner saved_specialty_column_type=&#8221;3_4&#8243; _builder_version=&#8221;3.29.3&#8243;][et_pb_text admin_label=&#8221;SERIE&#8221; _builder_version=&#8221;3.29.3&#8243; text_text_color=&#8221;#3e5062&#8243; custom_margin=&#8221;-10px||||false|false&#8221; border_color_all=&#8221;rgba(0,0,0,0)&#8221; border_style_all=&#8221;none&#8221; border_width_bottom=&#8221;2px&#8221; border_color_bottom=&#8221;#0C71C3&#8243;]\n<p>\n            <span style=\"color:#3583A5;\"><br \/>\n              <strong><br \/>\n                <span style=\"font-size: 25px;\">Comparative and international education<\/span><br \/>\n              <\/strong><br \/>\n            <\/span>\n          <\/p>\n<div class=\"su-divider su-divider-style-default\" style=\"margin:15px 0;border-width:1px;border-color:#3583A5\"><\/div>\n<p>\u200b<\/p>\n<p>This series, which forms part of the &#8220;Educaci\u00f3n universitaria&#8221; collection and is directed by Miguel A. Pereyra of the University of Granada, has a distinct and unique orientation. It publishes works that present the results of leading international research on issues related to higher education from a comparative perspective.<\/p>\n<p>Management: Miguel Angel Pereyra<\/p>\n<\/p>\n[\/et_pb_text][et_pb_shop type=&#8221;product_category&#8221; posts_number=&#8221;6&#8243; include_categories=&#8221;6943&#8243; columns_number=&#8221;3&#8243; orderby=&#8221;date-desc&#8221; _builder_version=&#8221;3.29.3&#8243; link_option_url_new_window=&#8221;on&#8221;][\/et_pb_shop][et_pb_button button_url=&#8221;https:\/\/wizardly-davinci.82-223-8-23.plesk.page\/universidad\/universidad-educacion-comparada-e-internacional\/&#8221; url_new_window=&#8221;on&#8221; button_text=&#8221;See all books in the series &#8221; button_alignment=&#8221;center&#8221; _builder_version=&#8221;3.29.3&#8243; custom_button=&#8221;on&#8221; button_text_size=&#8221;14px&#8221; button_text_color=&#8221;#FFFFFF&#8221; button_bg_color=&#8221;#3e5062&#8243; button_border_width=&#8221;0px&#8221; button_font=&#8221;|||on|||||&#8221; button_use_icon=&#8221;off&#8221;][\/et_pb_button][\/et_pb_column_inner][\/et_pb_row_inner][et_pb_row_inner _builder_version=&#8221;3.29.3&#8243; disabled_on=&#8221;on|on|on&#8221; disabled=&#8221;on&#8221;][et_pb_column_inner saved_specialty_column_type=&#8221;2_3&#8243; _builder_version=&#8221;3.29.3&#8243;][et_pb_text admin_label=&#8221;COLECCI\u00d3N&#8221; _builder_version=&#8221;3.29.3&#8243; text_text_color=&#8221;#3e5062&#8243; custom_margin=&#8221;-10px||||false|false&#8221; border_color_all=&#8221;rgba(0,0,0,0)&#8221; border_style_all=&#8221;none&#8221; border_width_bottom=&#8221;2px&#8221; border_color_bottom=&#8221;#0C71C3&#8243;]\n<p>\n            <span style=\"color: #3583a5;\"><br \/>\n              <strong><br \/>\n                <span style=\"font-size: 25px;\">Education days<\/span><br \/>\n              <\/strong><br \/>\n            <\/span>\n          <\/p>\n<div class=\"su-divider su-divider-style-default\" style=\"margin:15px 0;border-width:1px;border-color:#3583A5\"><\/div>\n<\/p>\n[\/et_pb_text][et_pb_shop type=&#8221;product_category&#8221; posts_number=&#8221;6&#8243; include_categories=&#8221;6945&#8243; columns_number=&#8221;3&#8243; orderby=&#8221;date-desc&#8221; _builder_version=&#8221;3.29.3&#8243; link_option_url_new_window=&#8221;on&#8221;][\/et_pb_shop][et_pb_button button_url=&#8221;https:\/\/wizardly-davinci.82-223-8-23.plesk.page\/universidad\/universidad-jornadas-educativas\/&#8221; url_new_window=&#8221;on&#8221; button_text=&#8221;See all the books in the collection&#8221; button_alignment=&#8221;center&#8221; _builder_version=&#8221;3.29.3&#8243; custom_button=&#8221;on&#8221; button_text_size=&#8221;14px&#8221; button_text_color=&#8221;#FFFFFF&#8221; button_bg_color=&#8221;#3e5062&#8243; button_border_width=&#8221;0px&#8221; button_font=&#8221;|||on|||||&#8221; button_use_icon=&#8221;off&#8221;][\/et_pb_button][\/et_pb_column_inner][\/et_pb_row_inner][\/et_pb_column][\/et_pb_section][et_pb_section fb_built=&#8221;1&#8243; disabled_on=&#8221;off|off|off&#8221; _builder_version=&#8221;3.29.3&#8243;][et_pb_row column_structure=&#8221;1_2,1_2&#8243; disabled_on=&#8221;on|on|on&#8221; admin_label=&#8221;EDUCACION INNOVACI\u00d3N&#8221; _builder_version=&#8221;3.29.3&#8243; border_color_bottom=&#8221;#e0e0e0&#8243; border_style_bottom=&#8221;none&#8221; disabled]\n            [et_pb_column type=&#8221;1_2&#8243; _builder_version=&#8221;3.29.3&#8243;][\/et_pb_column]\n            [et_pb_column type=&#8221;1_2&#8243; _builder_version=&#8221;3.29.3&#8243;][\/et_pb_column]\n          [\/et_pb_row]\n          [et_pb_row _builder_version=&#8221;3.29.3&#8243;]\n            [et_pb_column type=&#8221;4_4&#8243; _builder_version=&#8221;3.29.3&#8243;]\n              [et_pb_code _builder_version=&#8221;3.29.3&#8243; text_orientation=&#8221;center&#8221; custom_css_main_element=&#8221;color:white;||&#8221;] php if (is_page (&#8216;31909&#8217;)) {?&gt;<!-- [et_pb_line_break_holder] --><\/p>\n<style> #main-header-wrapper {display:none;}<\/style>\n<p> php}?&gt;[\/et_pb_code]\n            [\/et_pb_column]\n          [\/et_pb_row][\/et_pb_section]\n","protected":false},"excerpt":{"rendered":"<p>OCTAEDRO publishing house: It has SPI-accredited editorial prestige (first quartile in the Scholarly Publishers Indicators). <i class=\"fa fa-check-circle-o \" ><\/i> It has a catalogue of more than 1700 books, many published in print and digital format, and approximately 50% are for university environments.<i class=\"fa fa-check-circle-o \" ><\/i> His works are distinguished by their high quality standards.<i class=\"fa fa-&#8221;check-circle-o&#8221; \" ><\/i><\/p>\n","protected":false},"author":1,"featured_media":0,"parent":0,"menu_order":0,"comment_status":"closed","ping_status":"closed","template":"","meta":{"_et_pb_use_builder":"on","_et_pb_old_content":"","_et_gb_content_width":"","footnotes":""},"acf":[],"_links":{"self":[{"href":"https:\/\/wizardly-davinci.82-223-8-23.plesk.page\/en\/wp-json\/wp\/v2\/pages\/43947"}],"collection":[{"href":"https:\/\/wizardly-davinci.82-223-8-23.plesk.page\/en\/wp-json\/wp\/v2\/pages"}],"about":[{"href":"https:\/\/wizardly-davinci.82-223-8-23.plesk.page\/en\/wp-json\/wp\/v2\/types\/page"}],"author":[{"embeddable":true,"href":"https:\/\/wizardly-davinci.82-223-8-23.plesk.page\/en\/wp-json\/wp\/v2\/users\/1"}],"replies":[{"embeddable":true,"href":"https:\/\/wizardly-davinci.82-223-8-23.plesk.page\/en\/wp-json\/wp\/v2\/comments?post=43947"}],"version-history":[{"count":0,"href":"https:\/\/wizardly-davinci.82-223-8-23.plesk.page\/en\/wp-json\/wp\/v2\/pages\/43947\/revisions"}],"wp:attachment":[{"href":"https:\/\/wizardly-davinci.82-223-8-23.plesk.page\/en\/wp-json\/wp\/v2\/media?parent=43947"}],"curies":[{"name":"wp","href":"https:\/\/api.w.org\/{rel}","templated":true}]}}