{"id":44015,"date":"2018-04-26T11:17:15","date_gmt":"2018-04-26T09:17:15","guid":{"rendered":"https:\/\/octaedro.com\/commercial-network\/"},"modified":"2022-01-31T10:37:13","modified_gmt":"2022-01-31T10:37:13","slug":"commercial-network","status":"publish","type":"page","link":"https:\/\/wizardly-davinci.82-223-8-23.plesk.page\/en\/commercial-network\/","title":{"rendered":"Commercial network"},"content":{"rendered":"[et_pb_section fb_built=&#8221;1&#8243; _builder_version=&#8221;3.22&#8243; global_colors_info=&#8221;{}&#8221;][et_pb_row _builder_version=&#8221;3.25&#8243; background_size=&#8221;initial&#8221; background_position=&#8221;top_left&#8221; background_repeat=&#8221;repeat&#8221; global_colors_info=&#8221;{}&#8221;][et_pb_column type=&#8221;4_4&#8243; _builder_version=&#8221;3.25&#8243; custom_padding=&#8221;|||&#8221; global_colors_info=&#8221;{}&#8221; custom_padding__hover=&#8221;|||&#8221;][et_pb_text admin_label=&#8221;T\u00edtulo: Distribuidores Espa\u00f1a&#8221; _builder_version=&#8221;3.27.4&#8243; global_colors_info=&#8221;{}&#8221;]\n<h1> Distributors Spain<\/h1>\n<\/p>\n[\/et_pb_text][\/et_pb_column][\/et_pb_row][et_pb_row column_structure=&#8221;1_3,1_3,1_3&#8243; _builder_version=&#8221;3.25&#8243; background_size=&#8221;initial&#8221; background_position=&#8221;top_left&#8221; background_repeat=&#8221;repeat&#8221; global_colors_info=&#8221;{}&#8221;][et_pb_column type=&#8221;1_3&#8243; _builder_version=&#8221;3.25&#8243; custom_padding=&#8221;|||&#8221; global_colors_info=&#8221;{}&#8221; custom_padding__hover=&#8221;|||&#8221;][et_pb_text admin_label=&#8221;Ediciones M\u00e1gina&#8221; _builder_version=&#8221;4.14.4&#8243; hover_enabled=&#8221;0&#8243; global_colors_info=&#8221;{}&#8221; sticky_enabled=&#8221;0&#8243;]\n<blockquote>\n<p><span style=\"color: #808080;\"><strong><span style=\"font-size: 12pt;\">OCTAEDRO DISTRIBUCI\u00d3N<\/span><\/strong><\/span><\/p>\n<p><span style=\"font-size: 12pt; color: #000000;\"><b>Ediciones M\u00e1gina<\/b><\/span><br \/><span style=\"font-size: 12pt;\">Pol. Virgen de las nieves. <\/span><span style=\"font-size: 12pt;\">Paseo del Lino, 6<\/span><br \/><span style=\"font-size: 12pt;\">18110 Las Gabias (<\/span>Granada)<br \/><span style=\"font-size: 12pt;\">Tel\u00e9fono 958 55 33 24<\/span><br \/><span style=\"font-size: 12pt;\"><a href=\"mailto:magina@wizardly-davinci.82-223-8-23.plesk.page\">magina@wizardly-davinci.82-223-8-23.plesk.page<\/a><\/span><\/p>\n<\/blockquote>\n[\/et_pb_text][\/et_pb_column][et_pb_column type=&#8221;1_3&#8243; _builder_version=&#8221;3.25&#8243; custom_padding=&#8221;|||&#8221; global_colors_info=&#8221;{}&#8221; custom_padding__hover=&#8221;|||&#8221;][\/et_pb_column][et_pb_column type=&#8221;1_3&#8243; _builder_version=&#8221;3.25&#8243; custom_padding=&#8221;|||&#8221; global_colors_info=&#8221;{}&#8221; custom_padding__hover=&#8221;|||&#8221;][\/et_pb_column][\/et_pb_row][et_pb_row column_structure=&#8221;1_3,1_3,1_3&#8243; _builder_version=&#8221;4.14.4&#8243; _module_preset=&#8221;default&#8221; global_colors_info=&#8221;{}&#8221;][et_pb_column type=&#8221;1_3&#8243; _builder_version=&#8221;4.14.4&#8243; _module_preset=&#8221;default&#8221; global_colors_info=&#8221;{}&#8221;][et_pb_text admin_label=&#8221;Distrifer Libros&#8221; _builder_version=&#8221;4.14.4&#8243; global_colors_info=&#8221;{}&#8221;]\n<blockquote>\n<p><span style=\"color: #808080;\"><strong><span style=\"font-size: 12pt;\">MADRID<\/span><\/strong><\/span><\/p>\n<p><span style=\"font-size: 12pt; color: #000000;\"><b>Distrifer Libros<\/b><\/span><br \/><span style=\"font-size: 12pt;\">C\/ Valle de Tobalina, 32 Naves 5-6<\/span><br \/><span style=\"font-size: 12pt;\">28021 Madrid<\/span><br \/><span style=\"font-size: 12pt;\">Tel\u00e9fono 91 796 27 09<\/span><br \/><span style=\"font-size: 12pt;\"><a href=\"mailto:distrifer@distrifer.es\">distrifer@distrifer.es<\/a><\/span><\/p>\n<\/blockquote>\n[\/et_pb_text][\/et_pb_column][et_pb_column type=&#8221;1_3&#8243; _builder_version=&#8221;4.14.4&#8243; _module_preset=&#8221;default&#8221; global_colors_info=&#8221;{}&#8221;][et_pb_text admin_label=&#8221;Ben Vil&#8221; _builder_version=&#8221;4.14.4&#8243; global_colors_info=&#8221;{}&#8221;]\n<blockquote>\n<p><span style=\"color: #808080;\"><strong><span style=\"font-size: 12pt;\">CATALU\u00d1A y BALEARES<br \/><\/span><\/strong><\/span><\/p>\n<p>BEN VIL<br \/>C\/Joan XXIII, 27<br \/>08950 Esplugues de Llobregat (Barcelona)<br \/>Tel\u00e9fono 93 470 54 00<br \/><a href=\"mailto:benvil@benvil.com\">benvil@benvil.com<\/a><\/p>\n<\/blockquote>\n[\/et_pb_text][\/et_pb_column][et_pb_column type=&#8221;1_3&#8243; _builder_version=&#8221;4.14.4&#8243; _module_preset=&#8221;default&#8221; global_colors_info=&#8221;{}&#8221;][\/et_pb_column][\/et_pb_row][et_pb_row _builder_version=&#8221;3.25&#8243; global_colors_info=&#8221;{}&#8221;][et_pb_column type=&#8221;4_4&#8243; _builder_version=&#8221;3.25&#8243; custom_padding=&#8221;|||&#8221; global_colors_info=&#8221;{}&#8221; custom_padding__hover=&#8221;|||&#8221;][et_pb_text admin_label=&#8221;T\u00edtulo: Octaedro Internacional&#8221; _builder_version=&#8221;3.27.4&#8243; global_colors_info=&#8221;{}&#8221;]\n<h1> Octaedro International<\/h1>\n<\/p>\n<p><span style=\"font-size: 12pt;\">List of international distribution partners<\/span><\/p>\n[\/et_pb_text][\/et_pb_column][\/et_pb_row][et_pb_row column_structure=&#8221;1_3,1_3,1_3&#8243; _builder_version=&#8221;3.25&#8243; background_size=&#8221;initial&#8221; background_position=&#8221;top_left&#8221; background_repeat=&#8221;repeat&#8221; global_colors_info=&#8221;{}&#8221;][et_pb_column type=&#8221;1_3&#8243; _builder_version=&#8221;3.25&#8243; custom_padding=&#8221;|||&#8221; global_colors_info=&#8221;{}&#8221; custom_padding__hover=&#8221;|||&#8221;][et_pb_text admin_label=&#8221;EJ Ediciones, S.A. de C.V.&#8221; _builder_version=&#8221;4.10.5&#8243; global_colors_info=&#8221;{}&#8221;]\n<blockquote>\n<p><span style=\"color: #808080;\"><strong><span style=\"font-size: 12pt;\">M\u00c9XICO<\/span><\/strong><\/span><\/p>\n<p>EJ Ediciones, S.A. de C.V.<br \/>Calle Sufragio Efectivo 11 Bis<br \/>Col. San Miguel Amantla<br \/>Azcapotzalco<br \/>C.P. 02700<br \/>M\u00e9xico<br \/>Tel\u00e9fono +52 55 5203-9749<br \/><a href=\"mailto:juventud@editorialjuventud.com.mx\">juventud@editorialjuventud.com.mx<\/a><\/p>\n<p>&nbsp;<\/p>\n<\/blockquote>\n[\/et_pb_text][\/et_pb_column][et_pb_column type=&#8221;1_3&#8243; _builder_version=&#8221;3.25&#8243; custom_padding=&#8221;|||&#8221; global_colors_info=&#8221;{}&#8221; custom_padding__hover=&#8221;|||&#8221;][et_pb_text admin_label=&#8221;Siglo del Hombre Editores&#8221; _builder_version=&#8221;3.27.4&#8243; global_colors_info=&#8221;{}&#8221;]\n<blockquote>\n<p><span style=\"color: #808080;\"><strong><span style=\"font-size: 12pt;\">COLOMBIA<\/span><\/strong><\/span><\/p>\n<p><span style=\"font-size: 12pt; color: #000000;\"><b>Siglo del Hombre Editores<\/b><\/span><br \/><span style=\"font-size: 12pt;\">Carrera 31A n\u00ba25B-50<\/span><br \/><span style=\"font-size: 12pt;\">Bogot\u00e1 DC <\/span><br \/><span style=\"font-size: 12pt;\">Colombia<\/span><br \/><span style=\"font-size: 12pt;\">Phone +571 337 77 00<\/span><br \/><span style=\"font-size: 12pt;\">Fax +571 337 76 65<\/span><br \/><span style=\"font-size: 12pt;\"><a href=\"mailto:info@siglodlehombre.com\">info@siglodlehombre.com<\/a><\/span><\/p>\n<\/blockquote>\n[\/et_pb_text][\/et_pb_column][et_pb_column type=&#8221;1_3&#8243; _builder_version=&#8221;3.25&#8243; custom_padding=&#8221;|||&#8221; global_colors_info=&#8221;{}&#8221; custom_padding__hover=&#8221;|||&#8221;][et_pb_text admin_label=&#8221;AB Representaciones generales SRL&#8221; _builder_version=&#8221;3.27.4&#8243; global_colors_info=&#8221;{}&#8221;]\n<blockquote>\n<p><span style=\"color: #808080;\"><strong><span style=\"font-size: 12pt;\">PER\u00da<\/span><\/strong><\/span><\/p>\n<p><span style=\"font-size: 12pt; color: #000000;\"><b>AB Representaciones generales SRL<\/b><\/span><br \/><span style=\"font-size: 12pt;\">Jr ica, 388 OF. 203<\/span><br \/><span style=\"font-size: 12pt;\">Lima<\/span><br \/><span style=\"font-size: 12pt;\">Per\u00fa<\/span><br \/><span style=\"font-size: 12pt;\">Phone 5114278483<\/span><br \/><span style=\"font-size: 12pt;\">Fax 5114282049<\/span><\/p>\n<\/blockquote>\n[\/et_pb_text][\/et_pb_column][\/et_pb_row][et_pb_row column_structure=&#8221;1_3,1_3,1_3&#8243; _builder_version=&#8221;3.25&#8243; background_size=&#8221;initial&#8221; background_position=&#8221;top_left&#8221; background_repeat=&#8221;repeat&#8221; global_colors_info=&#8221;{}&#8221;][et_pb_column type=&#8221;1_3&#8243; _builder_version=&#8221;3.25&#8243; custom_padding=&#8221;|||&#8221; global_colors_info=&#8221;{}&#8221; custom_padding__hover=&#8221;|||&#8221;][et_pb_text admin_label=&#8221;WALDHUTER&#8221; _builder_version=&#8221;3.27.4&#8243; global_colors_info=&#8221;{}&#8221;]\n<blockquote>\n<p><span style=\"color: #808080;\"><strong><span style=\"font-size: 12pt;\">ARGENTINA<\/span><\/strong><\/span><\/p>\n<p><span style=\"font-size: 12pt; color: #000000;\"><b>WALDHUTER<\/b><\/span><br \/><span style=\"font-size: 12pt;\">Pavon 2636<\/span><br \/><span style=\"font-size: 12pt;\">Ciudad de Buenos Aires <\/span><br \/><span style=\"font-size: 12pt;\">Argentina<\/span><br \/><span style=\"font-size: 12pt;\">Phone (5411)60914786<\/span><\/p>\n<\/blockquote>\n[\/et_pb_text][\/et_pb_column][et_pb_column type=&#8221;1_3&#8243; _builder_version=&#8221;3.25&#8243; custom_padding=&#8221;|||&#8221; global_colors_info=&#8221;{}&#8221; custom_padding__hover=&#8221;|||&#8221;][et_pb_text admin_label=&#8221;LIBERALIA EDICIONES&#8221; _builder_version=&#8221;3.27.4&#8243; global_colors_info=&#8221;{}&#8221;]\n<blockquote>\n<p><span style=\"color: #808080;\"><strong><span style=\"font-size: 12pt;\">CHILE<\/span><\/strong><\/span><\/p>\n<p><span style=\"font-size: 12pt; color: #000000;\"><b>LIBERALIA EDICIONES<\/b><\/span><br \/><span style=\"font-size: 12pt;\">Avda. Italia, n\u00ba 2016<\/span><br \/><span style=\"font-size: 12pt;\">Nu\u00f1oa Santiago <\/span><br \/><span style=\"font-size: 12pt;\">Chile<\/span><br \/><span style=\"font-size: 12pt;\">Phone 562.4328003<\/span><\/p>\n<\/blockquote>\n[\/et_pb_text][\/et_pb_column][et_pb_column type=&#8221;1_3&#8243; _builder_version=&#8221;3.25&#8243; custom_padding=&#8221;|||&#8221; global_colors_info=&#8221;{}&#8221; custom_padding__hover=&#8221;|||&#8221;][et_pb_text admin_label=&#8221;AM\u00c9RICA LATINA LIBROS&#8221; _builder_version=&#8221;3.27.4&#8243; global_colors_info=&#8221;{}&#8221;]\n<blockquote>\n<p><span style=\"color: #808080;\"><strong>URUGUAY<\/strong><\/span><\/p>\n<p><span style=\"font-size: 12pt; color: #000000;\"><b>AM\u00c9RICA LATINA LIBROS<\/b><\/span><br \/><span style=\"font-size: 12pt;\">Av. 18 de Julio <\/span><br \/><span style=\"font-size: 12pt;\">2089 Montevideo <\/span><br \/><span style=\"font-size: 12pt;\">Uruguay <\/span><br \/><span style=\"font-size: 12pt;\">Phone: 2401 5127 <\/span><br \/><span style=\"font-size: 12pt;\">libreria@libreriaamericalatina.com<\/span><br \/><span style=\"font-size: 12pt;\">facebook.com\/LibreriaAmericaLatina<\/span><\/p>\n<\/blockquote>\n[\/et_pb_text][\/et_pb_column][\/et_pb_row][\/et_pb_section]\n","protected":false},"excerpt":{"rendered":"<p>Distributors Spain OCTAEDRO DISTRIBUCI\u00d3N Ediciones M\u00e1ginaPol. Virgen de las nieves. Paseo del Lino, 618110 Las Gabias (Granada)Tel\u00e9fono 958 55 33 24magina@wizardly-davinci.82-223-8-23.plesk.page MADRID Distrifer LibrosC\/ Valle de Tobalina, 32 Naves 5-628021 MadridTel\u00e9fono 91 796 27 09distrifer@distrifer.es CATALU\u00d1A y BALEARES BEN VILC\/Joan XXIII, 2708950 Esplugues de Llobregat (Barcelona)Tel\u00e9fono 93 470 54 00benvil@benvil.com Octaedro International List of international [&hellip;]<\/p>\n","protected":false},"author":1,"featured_media":44016,"parent":0,"menu_order":0,"comment_status":"closed","ping_status":"closed","template":"","meta":{"_et_pb_use_builder":"on","_et_pb_old_content":"","_et_gb_content_width":"","footnotes":""},"acf":[],"_links":{"self":[{"href":"https:\/\/wizardly-davinci.82-223-8-23.plesk.page\/en\/wp-json\/wp\/v2\/pages\/44015"}],"collection":[{"href":"https:\/\/wizardly-davinci.82-223-8-23.plesk.page\/en\/wp-json\/wp\/v2\/pages"}],"about":[{"href":"https:\/\/wizardly-davinci.82-223-8-23.plesk.page\/en\/wp-json\/wp\/v2\/types\/page"}],"author":[{"embeddable":true,"href":"https:\/\/wizardly-davinci.82-223-8-23.plesk.page\/en\/wp-json\/wp\/v2\/users\/1"}],"replies":[{"embeddable":true,"href":"https:\/\/wizardly-davinci.82-223-8-23.plesk.page\/en\/wp-json\/wp\/v2\/comments?post=44015"}],"version-history":[{"count":0,"href":"https:\/\/wizardly-davinci.82-223-8-23.plesk.page\/en\/wp-json\/wp\/v2\/pages\/44015\/revisions"}],"wp:featuredmedia":[{"embeddable":true,"href":"https:\/\/wizardly-davinci.82-223-8-23.plesk.page\/en\/wp-json\/wp\/v2\/media\/44016"}],"wp:attachment":[{"href":"https:\/\/wizardly-davinci.82-223-8-23.plesk.page\/en\/wp-json\/wp\/v2\/media?parent=44015"}],"curies":[{"name":"wp","href":"https:\/\/api.w.org\/{rel}","templated":true}]}}