{"id":45334,"date":"2019-01-22T09:49:57","date_gmt":"2019-01-22T09:49:57","guid":{"rendered":"https:\/\/octaedro.com\/octaedro-ice\/university-teaching-notebooks\/"},"modified":"2021-06-02T11:32:25","modified_gmt":"2021-06-02T11:32:25","slug":"university-teaching-notebooks","status":"publish","type":"page","link":"https:\/\/wizardly-davinci.82-223-8-23.plesk.page\/en\/octaedro-ice\/university-teaching-notebooks\/","title":{"rendered":"University teaching notebooks"},"content":{"rendered":"[et_pb_section fb_built=&#8221;1&#8243; fullwidth=&#8221;on&#8221; _builder_version=&#8221;3.22&#8243;][et_pb_fullwidth_image src=&#8221;https:\/\/wizardly-davinci.82-223-8-23.plesk.page\/wp-content\/uploads\/2019\/01\/banner.gif&#8221; _builder_version=&#8221;3.21.3&#8243;]\n[\/et_pb_fullwidth_image][et_pb_fullwidth_code _builder_version=&#8221;3.29.3&#8243; z_index_tablet=&#8221;500&#8243;][\/et_pb_fullwidth_code][\/et_pb_section][et_pb_section fb_built=&#8221;1&#8243; admin_label=&#8221;section&#8221; _builder_version=&#8221;3.22&#8243; custom_padding=&#8221;19px|0px|35.9375px|0px|false|false&#8221;][et_pb_row admin_label=&#8221;row&#8221; _builder_version=&#8221;3.25&#8243; background_size=&#8221;initial&#8221; background_position=&#8221;top_left&#8221; background_repeat=&#8221;repeat&#8221; width=&#8221;80%&#8221; custom_padding=&#8221;0|0px|17.9688px|0px|false|false&#8221;]\n          [et_pb_column type=&#8221;4_4&#8243; _builder_version=&#8221;3.25&#8243; custom_padding=&#8221;|||&#8221; custom_padding__hover=&#8221;|||&#8221;][et_pb_text admin_label=&#8221;Text&#8221; _builder_version=&#8221;3.29.3&#8243; background_size=&#8221;initial&#8221; background_position=&#8221;top_left&#8221; background_repeat=&#8221;repeat&#8221; z_index_tablet=&#8221;500&#8243;]\n<\/p>\n<p style=\"text-align: justify;\">Los Cuadernos de Docencia Universitaria aim to provide university teaching staff with materials and documents that facilitate teaching work, in accordance with a vision of teaching and learning centred on the work of students, and to disseminate good practices in teaching innovation.<\/p>\n<p style=\"text-align: justify;\">\n            <!-- \/wp:paragraph -->\n          <\/p>\n<p style=\"text-align: justify;\">\n            <!-- wp:paragraph {\"textColor\":\"vivid-cyan-blue\",\"fontSize\":\"medium\"} -->\n          <\/p>\n<p class=\"has-text-color has-medium-font-size has-vivid-cyan-blue-color\" style=\"text-align: justify;\">\n            <span style=\"text-decoration: underline;\">University teaching notebooks<\/span>\n          <\/p>\n<p style=\"text-align: justify;\">\n            <span style=\"text-decoration: underline;\"><br \/>\n              <!-- \/wp:paragraph --><br \/>\n            <\/span>\n          <\/p>\n<p style=\"text-align: justify;\"><span style=\"text-decoration: underline;\"><!-- wp:paragraph -->In the Cuadernos de Docencia Universitaria, proposals are made that help to clarify key concepts; proposals are made to<\/span> The book presents a variety of strategies for planning, methodology and teaching evaluation, designed from different disciplinary and academic contexts; didactic proposals made by teaching teams are presented; and experiences are offered in which good teaching use has been made of information and communication technologies.<\/p>\n<p style=\"text-align: justify;\">\n            <!-- \/wp:paragraph -->\n          <\/p>\n<p style=\"text-align: justify;\"><!-- wp:paragraph -->Because of their content and usefulness, these materials can help to improve teaching and be an instrument for the training of university teaching staff.<\/p>\n<p style=\"text-align: justify;\">\n            <!-- \/wp:paragraph -->\n          <\/p>\n<p style=\"text-align: justify;\"><!-- wp:paragraph -->EDITORIAL COMITTEE<br \/>Director: Teresa Pag\u00e8s Costas (jefa de la Secci\u00f3n de Universidad. ICE, Facultad de Biolog\u00eda)<\/p>\n<p style=\"text-align: justify;\">\n            <!-- \/wp:paragraph -->\n          <\/p>\n<p style=\"text-align: justify;\"><!-- wp:paragraph -->Coordinator: Anna For\u00e9s Miravalles (Facultad de Educaci\u00f3n)<\/p>\n<p style=\"text-align: justify;\">\n            <!-- \/wp:paragraph -->\n          <\/p>\n<p style=\"text-align: justify;\"><!-- wp:paragraph -->Editorial comittee: Antoni Sans Mart\u00edn (director del ICE, Facultad de Educaci\u00f3n), Merc\u00e8 Gracenea Zugarramundi (secretaria del ICE, Facultad de Farmacia), Jaume Fern\u00e1ndez Borr\u00e1s (Facultad de Biolog\u00eda), Francesc Mart\u00ednez Olmo (Facultad de Educaci\u00f3n), Max Turull Rubinat (Facultad de Derecho), Silvia Argudo Plans (Facultad de Biblioteconom\u00eda y Documentaci\u00f3n), Xavier Pastor Dur\u00e1n (Facultad de Medicina y Ciencias de la Salud), Jordi Gratac\u00f3s Roig (Facultad de Bellas Artes), Rosa Say\u00f3s Santigosa (Facultad de Educaci\u00f3n), Pilar Aparicio Chueca (Facultad de Econom\u00eda y Empresa), M. Teresa Icart Isern (Facultad de Medicina y Ciencias de la Salud), Juan Antonio Amador (Facultad de Psicolog\u00eda), Eva Gonz\u00e1lez Fern\u00e1ndez (ICE-UB, secretaria t\u00e9cnica) and the Editorial team of Editorial OCTAEDRO.<\/p>\n<p>\n            <!-- \/wp:paragraph -->\n          <\/p>\n<p>          [\/et_pb_text]\n          [\/et_pb_column]\n          [\/et_pb_row]\n          [et_pb_row admin_label=&#8221;row&#8221; _builder_version=&#8221;3.25&#8243; background_size=&#8221;initial&#8221; background_position=&#8221;top_left&#8221; background_repeat=&#8221;repeat&#8221; width=&#8221;80%&#8221; custom_padding=&#8221;0|0px|17.9688px|0px|false|false&#8221;]\n            [et_pb_column type=&#8221;4_4&#8243; _builder_version=&#8221;3.25&#8243; custom_padding=&#8221;|||&#8221; custom_padding__hover=&#8221;|||&#8221;]\n              [et_pb_text _builder_version=&#8221;4.9.1&#8243; hover_enabled=&#8221;0&#8243; sticky_enabled=&#8221;0&#8243;][\/et_pb_text]\n              [et_pb_cpt_archive columns=&#8221;3&#8243; posts_number=&#8221;100&#8243; image_size=&#8221;sb_cpt_li_150_wide&#8221; image_target=&#8221;new&#8221; show_content=&#8221;none&#8221; show_author=&#8221;off&#8221; show_date=&#8221;off&#8221; show_pagination=&#8221;off&#8221; include_tax=&#8221;coleccion&#8221; include_tax_terms=&#8221;ensenar-cuadernos-de-docencia-universitaria&#8221; admin_label=&#8221;Cuadernos de docencia universitaria&#8221; _builder_version=&#8221;4.0.11&#8243;][\/et_pb_cpt_archive]\n            [\/et_pb_column]\n          [\/et_pb_row]\n          [\/et_pb_section]\n","protected":false},"excerpt":{"rendered":"<p>Los Cuadernos de Docencia Universitaria aim to provide university teaching staff with materials and documents that facilitate teaching work, in accordance with a vision of teaching and learning centred on the work of students, and to disseminate good practices in teaching innovation. University teaching notebooks In the Cuadernos de Docencia Universitaria, proposals are made that [&hellip;]<\/p>\n","protected":false},"author":1,"featured_media":0,"parent":45322,"menu_order":0,"comment_status":"closed","ping_status":"closed","template":"page-template-ice.php","meta":{"_et_pb_use_builder":"on","_et_pb_old_content":"","_et_gb_content_width":"","footnotes":""},"acf":[],"_links":{"self":[{"href":"https:\/\/wizardly-davinci.82-223-8-23.plesk.page\/en\/wp-json\/wp\/v2\/pages\/45334"}],"collection":[{"href":"https:\/\/wizardly-davinci.82-223-8-23.plesk.page\/en\/wp-json\/wp\/v2\/pages"}],"about":[{"href":"https:\/\/wizardly-davinci.82-223-8-23.plesk.page\/en\/wp-json\/wp\/v2\/types\/page"}],"author":[{"embeddable":true,"href":"https:\/\/wizardly-davinci.82-223-8-23.plesk.page\/en\/wp-json\/wp\/v2\/users\/1"}],"replies":[{"embeddable":true,"href":"https:\/\/wizardly-davinci.82-223-8-23.plesk.page\/en\/wp-json\/wp\/v2\/comments?post=45334"}],"version-history":[{"count":0,"href":"https:\/\/wizardly-davinci.82-223-8-23.plesk.page\/en\/wp-json\/wp\/v2\/pages\/45334\/revisions"}],"up":[{"embeddable":true,"href":"https:\/\/wizardly-davinci.82-223-8-23.plesk.page\/en\/wp-json\/wp\/v2\/pages\/45322"}],"wp:attachment":[{"href":"https:\/\/wizardly-davinci.82-223-8-23.plesk.page\/en\/wp-json\/wp\/v2\/media?parent=45334"}],"curies":[{"name":"wp","href":"https:\/\/api.w.org\/{rel}","templated":true}]}}