{"id":45341,"date":"2019-01-22T10:38:43","date_gmt":"2019-01-22T10:38:43","guid":{"rendered":"https:\/\/octaedro.com\/octaedro-ice\/university-education-days\/"},"modified":"2021-06-02T11:37:00","modified_gmt":"2021-06-02T11:37:00","slug":"university-education-days","status":"publish","type":"page","link":"https:\/\/wizardly-davinci.82-223-8-23.plesk.page\/en\/octaedro-ice\/university-education-days\/","title":{"rendered":"University Education Days"},"content":{"rendered":"[et_pb_section fb_built=&#8221;1&#8243; fullwidth=&#8221;on&#8221; _builder_version=&#8221;3.22&#8243; fb_built=&#8221;1&#8243; bb_built=&#8221;1&#8243; _i=&#8221;0&#8243; _address=&#8221;0&#8243;][et_pb_fullwidth_image src=&#8221;https:\/\/wizardly-davinci.82-223-8-23.plesk.page\/wp-content\/uploads\/2019\/01\/banner.gif&#8221; _builder_version=&#8221;3.19.5&#8243; _i=&#8221;0&#8243; _address=&#8221;0.0&#8243;][\/et_pb_fullwidth_image][et_pb_fullwidth_code _builder_version=&#8221;3.21.3&#8243; z_index_tablet=&#8221;500&#8243; _i=&#8221;1&#8243; _address=&#8221;0.1&#8243;]<? php if (is_page ('2805')) {?><!-- [et_pb_line_break_holder] --><\/p>\n<style> #main-header-wrapper {display:none;}<\/style>\n<p> <? php}?>[\/et_pb_fullwidth_code][\/et_pb_section][et_pb_section fb_built=&#8221;1&#8243; _builder_version=&#8221;3.22&#8243; fb_built=&#8221;1&#8243; bb_built=&#8221;1&#8243; _i=&#8221;1&#8243; _address=&#8221;1&#8243;][et_pb_row _builder_version=&#8221;3.25&#8243; background_size=&#8221;initial&#8221; background_position=&#8221;top_left&#8221; background_repeat=&#8221;repeat&#8221; _i=&#8221;0&#8243; _address=&#8221;1.0&#8243;]\n            [et_pb_column type=&#8221;4_4&#8243; _builder_version=&#8221;3.29.3&#8243; _i=&#8221;0&#8243; _address=&#8221;1.0.0&#8243;]\n              [et_pb_shop type=&#8221;product_category&#8221; include_categories=&#8221;6945&#8243; columns_number=&#8221;4&#8243; _builder_version=&#8221;3.29.3&#8243; hover_enabled=&#8221;0&#8243; _i=&#8221;0&#8243; _address=&#8221;1.0.0.0&#8243;][\/et_pb_shop]\n            [\/et_pb_column]\n          [\/et_pb_row][\/et_pb_section]\n","protected":false},"excerpt":{"rendered":"<p>Social Learning and Web 2.0 19,50&euro; Psychosocial risks, teachers&#8217; work and health La formaci\u00f3n del profesorado novel en la Universidad de Barcelona 10,00&euro; VII CIDUI Congr\u00e9s Internacional de Doc\u00e8ncia Universit\u00e0ria i Innovaci\u00f3 2012 10,00&euro; Docencia universitaria e innovaci\u00f3n 18,00&euro; El \u00e1gora de la neuroeducaci\u00f3n 18,50&euro;<\/p>\n","protected":false},"author":1,"featured_media":0,"parent":45322,"menu_order":0,"comment_status":"closed","ping_status":"closed","template":"page-template-ice.php","meta":{"_et_pb_use_builder":"on","_et_pb_old_content":"","_et_gb_content_width":"","footnotes":""},"acf":[],"_links":{"self":[{"href":"https:\/\/wizardly-davinci.82-223-8-23.plesk.page\/en\/wp-json\/wp\/v2\/pages\/45341"}],"collection":[{"href":"https:\/\/wizardly-davinci.82-223-8-23.plesk.page\/en\/wp-json\/wp\/v2\/pages"}],"about":[{"href":"https:\/\/wizardly-davinci.82-223-8-23.plesk.page\/en\/wp-json\/wp\/v2\/types\/page"}],"author":[{"embeddable":true,"href":"https:\/\/wizardly-davinci.82-223-8-23.plesk.page\/en\/wp-json\/wp\/v2\/users\/1"}],"replies":[{"embeddable":true,"href":"https:\/\/wizardly-davinci.82-223-8-23.plesk.page\/en\/wp-json\/wp\/v2\/comments?post=45341"}],"version-history":[{"count":0,"href":"https:\/\/wizardly-davinci.82-223-8-23.plesk.page\/en\/wp-json\/wp\/v2\/pages\/45341\/revisions"}],"up":[{"embeddable":true,"href":"https:\/\/wizardly-davinci.82-223-8-23.plesk.page\/en\/wp-json\/wp\/v2\/pages\/45322"}],"wp:attachment":[{"href":"https:\/\/wizardly-davinci.82-223-8-23.plesk.page\/en\/wp-json\/wp\/v2\/media?parent=45341"}],"curies":[{"name":"wp","href":"https:\/\/api.w.org\/{rel}","templated":true}]}}