{"id":51154,"date":"2021-08-23T08:31:35","date_gmt":"2021-08-23T08:31:35","guid":{"rendered":"https:\/\/octaedro.com\/cart-2\/"},"modified":"2022-01-20T12:35:34","modified_gmt":"2022-01-20T12:35:34","slug":"cart-2","status":"publish","type":"page","link":"https:\/\/wizardly-davinci.82-223-8-23.plesk.page\/en\/cart-2\/","title":{"rendered":"Cart"},"content":{"rendered":"\n<p>&nbsp;<\/p>\n<div class=\"post-content entry-content\">\n<div class=\"su-note\"  style=\"border-color:#d8d8d8;border-radius:3px;-moz-border-radius:3px;-webkit-border-radius:3px;\"><div class=\"su-note-inner su-u-clearfix su-u-trim\" style=\"background-color:#f2f2f2;border-color:#ffffff;color:#333333;border-radius:3px;-moz-border-radius:3px;-webkit-border-radius:3px;\"><span style=\"text-decoration: underline;\"><strong>Informaci\u00f3n de transporte <\/strong><\/span><\/p>\n<p><strong>Espa\u00f1a peninsular <\/strong><\/p>\n<ul>\n<li>Gastos de env\u00edo gratis!<\/li>\n<li>Para los pedidos superiores a 15 Euros. Env\u00edo por Correos Express. Entrega en 24-48 horas<\/li>\n<li>Para los pedidos inferiores a 15 Euros. Env\u00edo por Correos (Tarifa especial para editoriales). Entrega en 3-8 d\u00edas h\u00e1biles (6 d\u00edas en el 95 % de los env\u00edos)<\/li>\n<\/ul>\n<p><strong>Baleares<\/strong><\/p>\n<ul>\n<li>Gastos de env\u00edo gratis!<\/li>\n<li>Para los pedidos superiores a 25 Euros. Env\u00edo por Correos Express. Entrega en 2-4 d\u00edas h\u00e1biles.<\/li>\n<li>Para los pedidos inferiores a 25 Euros. Env\u00edo por Correos (Tarifa especial para editoriales). Entrega en 4-10 d\u00edas h\u00e1biles<\/li>\n<\/ul>\n<p><strong>Canarias, Ceuta, Melilla<\/strong><\/p>\n<ul>\n<li>Gastos de env\u00edo gratis!<\/li>\n<li>Para los pedidos de cualquier importe. Env\u00edo por Correos (Tarifa especial para editoriales). Entrega en 5-12 d\u00edas h\u00e1biles<\/li>\n<\/ul>\n<p><strong>Resto del mundo <\/strong><\/p>\n<p>Gastos de env\u00edo, consultar con la editorial\u00a0<a href=\"mailto:octaedro@wizardly-davinci.82-223-8-23.plesk.page\">octaedro@wizardly-davinci.82-223-8-23.plesk.page<\/a><\/div><\/div>\n<\/div>\n","protected":false},"excerpt":{"rendered":"<p>&nbsp; Informaci\u00f3n de transporte Espa\u00f1a peninsular Gastos de env\u00edo gratis! Para los pedidos superiores a 15 Euros. Env\u00edo por Correos Express. Entrega en 24-48 horas Para los pedidos inferiores a 15 Euros. Env\u00edo por Correos (Tarifa especial para editoriales). Entrega en 3-8 d\u00edas h\u00e1biles (6 d\u00edas en el 95 % de los env\u00edos) Baleares Gastos [&#8230;]<\/p>\n","protected":false},"author":1,"featured_media":0,"parent":0,"menu_order":0,"comment_status":"closed","ping_status":"closed","template":"","meta":{"_et_pb_use_builder":"","_et_pb_old_content":"","_et_gb_content_width":"","footnotes":""},"acf":[],"_links":{"self":[{"href":"https:\/\/wizardly-davinci.82-223-8-23.plesk.page\/en\/wp-json\/wp\/v2\/pages\/51154"}],"collection":[{"href":"https:\/\/wizardly-davinci.82-223-8-23.plesk.page\/en\/wp-json\/wp\/v2\/pages"}],"about":[{"href":"https:\/\/wizardly-davinci.82-223-8-23.plesk.page\/en\/wp-json\/wp\/v2\/types\/page"}],"author":[{"embeddable":true,"href":"https:\/\/wizardly-davinci.82-223-8-23.plesk.page\/en\/wp-json\/wp\/v2\/users\/1"}],"replies":[{"embeddable":true,"href":"https:\/\/wizardly-davinci.82-223-8-23.plesk.page\/en\/wp-json\/wp\/v2\/comments?post=51154"}],"version-history":[{"count":0,"href":"https:\/\/wizardly-davinci.82-223-8-23.plesk.page\/en\/wp-json\/wp\/v2\/pages\/51154\/revisions"}],"wp:attachment":[{"href":"https:\/\/wizardly-davinci.82-223-8-23.plesk.page\/en\/wp-json\/wp\/v2\/media?parent=51154"}],"curies":[{"name":"wp","href":"https:\/\/api.w.org\/{rel}","templated":true}]}}