{"id":51580,"date":"2022-01-24T09:11:20","date_gmt":"2022-01-24T09:11:20","guid":{"rendered":"https:\/\/octaedro.com\/coeducacion-y-masculinidades-hacia-la-construccion-de-sociedades-civicas-y-democraticas-viewer\/"},"modified":"2022-01-24T09:22:22","modified_gmt":"2022-01-24T09:22:22","slug":"coeducacion-y-masculinidades-hacia-la-construccion-de-sociedades-civicas-y-democraticas-viewer","status":"publish","type":"page","link":"https:\/\/wizardly-davinci.82-223-8-23.plesk.page\/en\/coeducacion-y-masculinidades-hacia-la-construccion-de-sociedades-civicas-y-democraticas-viewer\/","title":{"rendered":"Coeducaci\u00f3n y masculinidades: hacia la construcci\u00f3n de sociedades c\u00edvicas y democr\u00e1ticas &#8211; Viewer"},"content":{"rendered":"<a href=\"\/en\/?pdfemb-serveurl=https%3A%2F%2Fwizardly-davinci.82-223-8-23.plesk.page%2Fwp-content%2Fuploads%2Fsecurepdfs%2F2022%2F01%2F9788418819629.pdf\" class=\"pdfemb-viewer\" style=\"\" data-width=\"max\" data-height=\"max\" data-mobile-width=\"500\"  data-scrollbar=\"none\" data-download=\"off\" data-tracking=\"on\" data-newwindow=\"on\" data-pagetextbox=\"off\" data-scrolltotop=\"off\" data-startzoom=\"100\" data-startfpzoom=\"100\" data-download-nonce=\"b5f7d929d9\" data-toolbar=\"both\" data-toolbar-fixed=\"off\">9788418819629<br\/><\/a>\n","protected":false},"excerpt":{"rendered":"<p>9788418819629<\/p>\n","protected":false},"author":1,"featured_media":0,"parent":0,"menu_order":0,"comment_status":"closed","ping_status":"closed","template":"","meta":{"_et_pb_use_builder":"","_et_pb_old_content":"","_et_gb_content_width":"","footnotes":""},"acf":[],"_links":{"self":[{"href":"https:\/\/wizardly-davinci.82-223-8-23.plesk.page\/en\/wp-json\/wp\/v2\/pages\/51580"}],"collection":[{"href":"https:\/\/wizardly-davinci.82-223-8-23.plesk.page\/en\/wp-json\/wp\/v2\/pages"}],"about":[{"href":"https:\/\/wizardly-davinci.82-223-8-23.plesk.page\/en\/wp-json\/wp\/v2\/types\/page"}],"author":[{"embeddable":true,"href":"https:\/\/wizardly-davinci.82-223-8-23.plesk.page\/en\/wp-json\/wp\/v2\/users\/1"}],"replies":[{"embeddable":true,"href":"https:\/\/wizardly-davinci.82-223-8-23.plesk.page\/en\/wp-json\/wp\/v2\/comments?post=51580"}],"version-history":[{"count":0,"href":"https:\/\/wizardly-davinci.82-223-8-23.plesk.page\/en\/wp-json\/wp\/v2\/pages\/51580\/revisions"}],"wp:attachment":[{"href":"https:\/\/wizardly-davinci.82-223-8-23.plesk.page\/en\/wp-json\/wp\/v2\/media?parent=51580"}],"curies":[{"name":"wp","href":"https:\/\/api.w.org\/{rel}","templated":true}]}}