{"id":64589,"date":"2023-06-01T11:31:33","date_gmt":"2023-06-01T09:31:33","guid":{"rendered":"https:\/\/octaedro.com\/?page_id=64589"},"modified":"2023-06-01T11:48:57","modified_gmt":"2023-06-01T09:48:57","slug":"las-ciencias-sociales-y-su-didactica-pensamiento-historico-y-educacion-democratica-visor","status":"publish","type":"page","link":"https:\/\/wizardly-davinci.82-223-8-23.plesk.page\/en\/las-ciencias-sociales-y-su-didactica-pensamiento-historico-y-educacion-democratica-visor\/","title":{"rendered":"Las ciencias sociales y su did\u00e1ctica: pensamiento hist\u00f3rico y educaci\u00f3n democr\u00e1tica &#8211; Visor"},"content":{"rendered":"<a href=\"\/en\/?pdfemb-serveurl=https%3A%2F%2Fwizardly-davinci.82-223-8-23.plesk.page%2Fwp-content%2Fuploads%2Fsecurepdfs%2F2023%2F06%2F09542-1-Las-ciencias-sociales-y-su-didactica-PDF.pdf\" class=\"pdfemb-viewer\" style=\"\" data-width=\"max\" data-height=\"max\" data-mobile-width=\"500\"  data-scrollbar=\"none\" data-download=\"off\" data-tracking=\"on\" data-newwindow=\"on\" data-pagetextbox=\"off\" data-scrolltotop=\"off\" data-startzoom=\"100\" data-startfpzoom=\"100\" data-download-nonce=\"4c4b0d6c34\" data-toolbar=\"both\" data-toolbar-fixed=\"off\">09542-1-Las ciencias sociales y su didactica-PDF<br\/><\/a>\n","protected":false},"excerpt":{"rendered":"<p>09542-1-Las ciencias sociales y su didactica-PDF<\/p>\n","protected":false},"author":1,"featured_media":0,"parent":0,"menu_order":0,"comment_status":"closed","ping_status":"closed","template":"","meta":{"_et_pb_use_builder":"","_et_pb_old_content":"","_et_gb_content_width":"","footnotes":""},"acf":[],"_links":{"self":[{"href":"https:\/\/wizardly-davinci.82-223-8-23.plesk.page\/en\/wp-json\/wp\/v2\/pages\/64589"}],"collection":[{"href":"https:\/\/wizardly-davinci.82-223-8-23.plesk.page\/en\/wp-json\/wp\/v2\/pages"}],"about":[{"href":"https:\/\/wizardly-davinci.82-223-8-23.plesk.page\/en\/wp-json\/wp\/v2\/types\/page"}],"author":[{"embeddable":true,"href":"https:\/\/wizardly-davinci.82-223-8-23.plesk.page\/en\/wp-json\/wp\/v2\/users\/1"}],"replies":[{"embeddable":true,"href":"https:\/\/wizardly-davinci.82-223-8-23.plesk.page\/en\/wp-json\/wp\/v2\/comments?post=64589"}],"version-history":[{"count":2,"href":"https:\/\/wizardly-davinci.82-223-8-23.plesk.page\/en\/wp-json\/wp\/v2\/pages\/64589\/revisions"}],"predecessor-version":[{"id":64591,"href":"https:\/\/wizardly-davinci.82-223-8-23.plesk.page\/en\/wp-json\/wp\/v2\/pages\/64589\/revisions\/64591"}],"wp:attachment":[{"href":"https:\/\/wizardly-davinci.82-223-8-23.plesk.page\/en\/wp-json\/wp\/v2\/media?parent=64589"}],"curies":[{"name":"wp","href":"https:\/\/api.w.org\/{rel}","templated":true}]}}