{"id":12855,"date":"2019-04-02T09:18:49","date_gmt":"2019-04-02T09:18:49","guid":{"rendered":"https:\/\/octaedro.com\/producto\/adopcion-e-identidades\/"},"modified":"2023-04-20T09:56:38","modified_gmt":"2023-04-20T07:56:38","slug":"adopcion-e-identidades","status":"publish","type":"product","link":"https:\/\/wizardly-davinci.82-223-8-23.plesk.page\/en\/producto\/adopcion-e-identidades\/","title":{"rendered":"Adopci\u00f3n e identidades"},"content":{"rendered":"<p>Adoptar es una decisi\u00f3n definitivamente importante para una pareja, un adulto solo o una familia, y especialmente trascendental en la vida de un ni\u00f1o. De su \u00e9xito depende el bienestar y la felicidad de todos ellos. El fracaso significar\u00eda su sufrimiento constante. Esta cuesti\u00f3n, \u00e9xito o fracaso, dependen de la forma como el hijo adoptado pueda reconstruir su identidad despu\u00e9s del cambio, en general dr\u00e1stico, que la adopci\u00f3n significa. Tambi\u00e9n, de que pueda integrarse convenientemente en su medio familiar y social, asumiendo la diferencia \u00e9tnica cuando esta existe. Solo as\u00ed podr\u00e1 hacer de su nueva casa y de su nuevo entorno su hogar y su lugar de pertenencia.<br \/>\nLa tarea m\u00e1s importante de los padres en la adopci\u00f3n es ayudar al hijo a desarrollar estos procesos. Este libro explica el desarrollo y la constante remodelaci\u00f3n de la identidad a lo largo de toda la vida, los acontecimientos que la influyen y su papel en la integraci\u00f3n familiar y social. Describe especialmente la funci\u00f3n de los padres y la ayuda que aportan al hijo adoptado, a trav\u00e9s de la relaci\u00f3n con \u00e9l, a base de inter\u00e9s, apoyo y empat\u00eda. Presenta tambi\u00e9n los factores que pueden limitar las posibilidades de integraci\u00f3n y las formas de reducirlos.<br \/>\nLas autoras son profesionales de la asistencia social, la psicolog\u00eda, la psiquiatr\u00eda de ni\u00f1os y adolescentes y la pediatr\u00eda, con muchos a\u00f1os de experiencia en adopci\u00f3n internacional, que trabajan en la Fundaci\u00f3n <span class=\"destacat\">Eul\u00e0lia Torras de Be\u00e0<\/span> (FETB).<\/p>\n","protected":false},"excerpt":{"rendered":"<p>Adoptar es una decisi\u00f3n definitivamente importante para una pareja, un adulto solo o una familia, y especialmente trascendental en la vida de un ni\u00f1o. De su \u00e9xito depende el bienestar y la felicidad de todos ellos. El fracaso significar\u00eda su sufrimiento constante. Esta cuesti\u00f3n, \u00e9xito o fracaso, dependen de la forma como el hijo adoptado pueda reconstruir su identidad despu\u00e9s del cambio, en general dr\u00e1stico, que la adopci\u00f3n significa. Tambi\u00e9n, de que pueda integrarse convenientemente en su medio familiar y social, asumiendo la diferencia \u00e9tnica cuando esta existe. Solo as\u00ed podr\u00e1 hacer de su nueva casa y de su nuevo entorno su hogar y su lugar de pertenencia.<br \/>\nLa tarea m\u00e1s importante de los padres en la adopci\u00f3n es ayudar al hijo a desarrollar estos procesos. Este libro explica el desarrollo y la constante remodelaci\u00f3n de la identidad a lo largo de toda la vida, los acontecimientos que la influyen y su papel en la integraci\u00f3n familiar y social. Describe especialmente la funci\u00f3n de los padres y la ayuda que aportan al hijo adoptado, a trav\u00e9s de la relaci\u00f3n con \u00e9l, a base de inter\u00e9s, apoyo y empat\u00eda. Presenta tambi\u00e9n los factores que pueden limitar las posibilidades de integraci\u00f3n y las formas de reducirlos.<br \/>\nLas autoras son profesionales de la asistencia social, la psicolog\u00eda, la psiquiatr\u00eda de ni\u00f1os y adolescentes y la pediatr\u00eda, con muchos a\u00f1os de experiencia en adopci\u00f3n internacional, que trabajan en la Fundaci\u00f3n <span class=\"destacat\">Eul\u00e0lia Torras de Be\u00e0<\/span> (FETB).<\/p>\n","protected":false},"featured_media":16509,"comment_status":"open","ping_status":"closed","template":"","meta":{"_et_pb_use_builder":"","_et_pb_old_content":"","_et_gb_content_width":""},"product_cat":[1505,2606,1512,6674,6675,6673,7112,9825],"product_tag":[2609],"edicion":[1085,1084,1083],"editoriales":[1160],"tienda":[],"autor_id":[],"universidades_coeditoras":[],"palabras_clave":[],"listado_alfabetico":[],"acf":[],"_links":{"self":[{"href":"https:\/\/wizardly-davinci.82-223-8-23.plesk.page\/en\/wp-json\/wp\/v2\/product\/12855"}],"collection":[{"href":"https:\/\/wizardly-davinci.82-223-8-23.plesk.page\/en\/wp-json\/wp\/v2\/product"}],"about":[{"href":"https:\/\/wizardly-davinci.82-223-8-23.plesk.page\/en\/wp-json\/wp\/v2\/types\/product"}],"replies":[{"embeddable":true,"href":"https:\/\/wizardly-davinci.82-223-8-23.plesk.page\/en\/wp-json\/wp\/v2\/comments?post=12855"}],"wp:featuredmedia":[{"embeddable":true,"href":"https:\/\/wizardly-davinci.82-223-8-23.plesk.page\/en\/wp-json\/wp\/v2\/media\/16509"}],"wp:attachment":[{"href":"https:\/\/wizardly-davinci.82-223-8-23.plesk.page\/en\/wp-json\/wp\/v2\/media?parent=12855"}],"wp:term":[{"taxonomy":"product_cat","embeddable":true,"href":"https:\/\/wizardly-davinci.82-223-8-23.plesk.page\/en\/wp-json\/wp\/v2\/product_cat?post=12855"},{"taxonomy":"product_tag","embeddable":true,"href":"https:\/\/wizardly-davinci.82-223-8-23.plesk.page\/en\/wp-json\/wp\/v2\/product_tag?post=12855"},{"taxonomy":"edicion","embeddable":true,"href":"https:\/\/wizardly-davinci.82-223-8-23.plesk.page\/en\/wp-json\/wp\/v2\/edicion?post=12855"},{"taxonomy":"editoriales","embeddable":true,"href":"https:\/\/wizardly-davinci.82-223-8-23.plesk.page\/en\/wp-json\/wp\/v2\/editoriales?post=12855"},{"taxonomy":"tienda","embeddable":true,"href":"https:\/\/wizardly-davinci.82-223-8-23.plesk.page\/en\/wp-json\/wp\/v2\/tienda?post=12855"},{"taxonomy":"autor_id","embeddable":true,"href":"https:\/\/wizardly-davinci.82-223-8-23.plesk.page\/en\/wp-json\/wp\/v2\/autor_id?post=12855"},{"taxonomy":"universidades_coeditoras","embeddable":true,"href":"https:\/\/wizardly-davinci.82-223-8-23.plesk.page\/en\/wp-json\/wp\/v2\/universidades_coeditoras?post=12855"},{"taxonomy":"palabras_clave","embeddable":true,"href":"https:\/\/wizardly-davinci.82-223-8-23.plesk.page\/en\/wp-json\/wp\/v2\/palabras_clave?post=12855"},{"taxonomy":"listado_alfabetico","embeddable":true,"href":"https:\/\/wizardly-davinci.82-223-8-23.plesk.page\/en\/wp-json\/wp\/v2\/listado_alfabetico?post=12855"}],"curies":[{"name":"wp","href":"https:\/\/api.w.org\/{rel}","templated":true}]}}