{"id":16513,"date":"2019-04-09T22:04:12","date_gmt":"2019-04-09T22:04:12","guid":{"rendered":"https:\/\/octaedro.com\/producto\/para-hacernos-respetar\/"},"modified":"2023-04-20T09:56:52","modified_gmt":"2023-04-20T07:56:52","slug":"para-hacernos-respetar","status":"publish","type":"product","link":"https:\/\/wizardly-davinci.82-223-8-23.plesk.page\/en\/producto\/para-hacernos-respetar\/","title":{"rendered":"Para hacernos respetar"},"content":{"rendered":"<p>Tanto en la familia, como en la pareja, en el trabajo o en la calle, el respeto se ha convertido en algo dif\u00edcil de encontrar. Parece que s\u00f3lo pueda obtenerlo quien se impone menospreciando la existencia de los dem\u00e1s. \u00a1Pero el respeto no se impone por la fuerza ni con agresividad! Quien grita y da golpes s\u00f3lo puede inspirar miedo.<br \/>\nEn la misma colecci\u00f3n de Octaedro: Hacerse obedecer. Pautas para madres y padres (de los mismos autores).<\/p>\n","protected":false},"excerpt":{"rendered":"<p>Tanto en la familia, como en la pareja, en el trabajo o en la calle, el respeto se ha convertido en algo dif\u00edcil de encontrar. Parece que s\u00f3lo pueda obtenerlo quien se impone menospreciando la existencia de los dem\u00e1s. \u00a1Pero el respeto no se impone por la fuerza ni con agresividad! Quien grita y da golpes s\u00f3lo puede inspirar miedo.<br \/>\nEn la misma colecci\u00f3n de Octaedro: Hacerse obedecer. Pautas para madres y padres (de los mismos autores).<\/p>\n","protected":false},"featured_media":16514,"comment_status":"open","ping_status":"closed","template":"","meta":{"_et_pb_use_builder":"","_et_pb_old_content":"","_et_gb_content_width":""},"product_cat":[1505,1512,6675,9825],"product_tag":[2602],"edicion":[1083],"editoriales":[1160],"tienda":[],"autor_id":[5303,5341],"universidades_coeditoras":[],"palabras_clave":[],"listado_alfabetico":[],"acf":[],"_links":{"self":[{"href":"https:\/\/wizardly-davinci.82-223-8-23.plesk.page\/en\/wp-json\/wp\/v2\/product\/16513"}],"collection":[{"href":"https:\/\/wizardly-davinci.82-223-8-23.plesk.page\/en\/wp-json\/wp\/v2\/product"}],"about":[{"href":"https:\/\/wizardly-davinci.82-223-8-23.plesk.page\/en\/wp-json\/wp\/v2\/types\/product"}],"replies":[{"embeddable":true,"href":"https:\/\/wizardly-davinci.82-223-8-23.plesk.page\/en\/wp-json\/wp\/v2\/comments?post=16513"}],"wp:featuredmedia":[{"embeddable":true,"href":"https:\/\/wizardly-davinci.82-223-8-23.plesk.page\/en\/wp-json\/wp\/v2\/media\/16514"}],"wp:attachment":[{"href":"https:\/\/wizardly-davinci.82-223-8-23.plesk.page\/en\/wp-json\/wp\/v2\/media?parent=16513"}],"wp:term":[{"taxonomy":"product_cat","embeddable":true,"href":"https:\/\/wizardly-davinci.82-223-8-23.plesk.page\/en\/wp-json\/wp\/v2\/product_cat?post=16513"},{"taxonomy":"product_tag","embeddable":true,"href":"https:\/\/wizardly-davinci.82-223-8-23.plesk.page\/en\/wp-json\/wp\/v2\/product_tag?post=16513"},{"taxonomy":"edicion","embeddable":true,"href":"https:\/\/wizardly-davinci.82-223-8-23.plesk.page\/en\/wp-json\/wp\/v2\/edicion?post=16513"},{"taxonomy":"editoriales","embeddable":true,"href":"https:\/\/wizardly-davinci.82-223-8-23.plesk.page\/en\/wp-json\/wp\/v2\/editoriales?post=16513"},{"taxonomy":"tienda","embeddable":true,"href":"https:\/\/wizardly-davinci.82-223-8-23.plesk.page\/en\/wp-json\/wp\/v2\/tienda?post=16513"},{"taxonomy":"autor_id","embeddable":true,"href":"https:\/\/wizardly-davinci.82-223-8-23.plesk.page\/en\/wp-json\/wp\/v2\/autor_id?post=16513"},{"taxonomy":"universidades_coeditoras","embeddable":true,"href":"https:\/\/wizardly-davinci.82-223-8-23.plesk.page\/en\/wp-json\/wp\/v2\/universidades_coeditoras?post=16513"},{"taxonomy":"palabras_clave","embeddable":true,"href":"https:\/\/wizardly-davinci.82-223-8-23.plesk.page\/en\/wp-json\/wp\/v2\/palabras_clave?post=16513"},{"taxonomy":"listado_alfabetico","embeddable":true,"href":"https:\/\/wizardly-davinci.82-223-8-23.plesk.page\/en\/wp-json\/wp\/v2\/listado_alfabetico?post=16513"}],"curies":[{"name":"wp","href":"https:\/\/api.w.org\/{rel}","templated":true}]}}