{"id":16517,"date":"2019-04-09T22:04:13","date_gmt":"2019-04-09T22:04:13","guid":{"rendered":"https:\/\/octaedro.com\/producto\/la-simplicidad-voluntaria-en-130-consejos-practicos\/"},"modified":"2023-04-20T09:57:05","modified_gmt":"2023-04-20T07:57:05","slug":"la-simplicidad-voluntaria-en-130-consejos-practicos","status":"publish","type":"product","link":"https:\/\/wizardly-davinci.82-223-8-23.plesk.page\/en\/producto\/la-simplicidad-voluntaria-en-130-consejos-practicos\/","title":{"rendered":"La simplicidad voluntaria en 130 consejos pr\u00e1cticos"},"content":{"rendered":"<p>Esta obra os invita a elegir voluntariamente un modo de vida sencillo. La actual recesi\u00f3n econ\u00f3mica nos obliga a realizar sustanciales econom\u00edas, pero \u00bfpor qu\u00e9 no, en vez de padecer esta coyuntura, optamos por elegir deliberadamente un nuevo concepto de vida, el de la simplicidad voluntaria?<br \/>\nNo se trata de apretarse el cintur\u00f3n, sino de una forma de hacer totalmente distinta, orientada hacia un nuevo arte de vivir que privilegia el ser al estar, el ser al parecer y la frugalidad al despilfarro. Al liberarnos de las sirenas del consumo excesivo, todos podemos acceder de manera natural a una mayor libertad, a una mayor felicidad y armon\u00eda y a una real conciencia ecol\u00f3gica en la vida diaria.<br \/>\nLos decrecentistas que han adoptado la v\u00eda de la frugalidad encontrar\u00e1n aqu\u00ed una gu\u00eda decididamente pr\u00e1ctica. <span class=\"destacat\">Philippe Lahille<\/span> aborda aqu\u00ed temas tan variados como el hiperconsumo, la publicidad, los intercambios, la ayuda mutua, el dinero, los medios de comunicaci\u00f3n, la cultura, la ecolog\u00eda, las vacaciones, la vivienda, la familia o la salud\u2026 y propone m\u00e1s de 130 consejos pr\u00e1cticos que podr\u00e1n cambiar radicalmente nuestra vida y darle m\u00e1s sentido. El objetivo no es aplicarlos todos, sino elegir aquellos que nos convienen y planificar su ejecuci\u00f3n (con la ayuda de un calendario al final de la obra). Cada cambio ser\u00e1 vivido entonces como una oportunidad de desarrollo y no como una s\u00fabita obligaci\u00f3n. Elegiremos as\u00ed nuestros propios valores, aquellos que se convertir\u00e1n seguramente en los nuevos modelos para las generaciones futuras.<br \/>\nEsta obra es una invitaci\u00f3n concreta a elegir la v\u00eda de la frugalidad, que ser\u00e1 sin duda la del hombre del ma\u00f1ana, y de la que estamos invitados a ser los primeros actores.<\/p>\n","protected":false},"excerpt":{"rendered":"<p>Esta obra os invita a elegir voluntariamente un modo de vida sencillo. La actual recesi\u00f3n econ\u00f3mica nos obliga a realizar sustanciales econom\u00edas, pero \u00bfpor qu\u00e9 no, en vez de padecer esta coyuntura, optamos por elegir deliberadamente un nuevo concepto de vida, el de la simplicidad voluntaria?<br \/>\nNo se trata de apretarse el cintur\u00f3n, sino de una forma de hacer totalmente distinta, orientada hacia un nuevo arte de vivir que privilegia el ser al estar, el ser al parecer y la frugalidad al despilfarro. Al liberarnos de las sirenas del consumo excesivo, todos podemos acceder de manera natural a una mayor libertad, a una mayor felicidad y armon\u00eda y a una real conciencia ecol\u00f3gica en la vida diaria.<br \/>\nLos decrecentistas que han adoptado la v\u00eda de la frugalidad encontrar\u00e1n aqu\u00ed una gu\u00eda decididamente pr\u00e1ctica. <span class=\"destacat\">Philippe Lahille<\/span> aborda aqu\u00ed temas tan variados como el hiperconsumo, la publicidad, los intercambios, la ayuda mutua, el dinero, los medios de comunicaci\u00f3n, la cultura, la ecolog\u00eda, las vacaciones, la vivienda, la familia o la salud\u2026 y propone m\u00e1s de 130 consejos pr\u00e1cticos que podr\u00e1n cambiar radicalmente nuestra vida y darle m\u00e1s sentido. El objetivo no es aplicarlos todos, sino elegir aquellos que nos convienen y planificar su ejecuci\u00f3n (con la ayuda de un calendario al final de la obra). Cada cambio ser\u00e1 vivido entonces como una oportunidad de desarrollo y no como una s\u00fabita obligaci\u00f3n. Elegiremos as\u00ed nuestros propios valores, aquellos que se convertir\u00e1n seguramente en los nuevos modelos para las generaciones futuras.<br \/>\nEsta obra es una invitaci\u00f3n concreta a elegir la v\u00eda de la frugalidad, que ser\u00e1 sin duda la del hombre del ma\u00f1ana, y de la que estamos invitados a ser los primeros actores.<\/p>\n","protected":false},"featured_media":16518,"comment_status":"open","ping_status":"closed","template":"","meta":{"_et_pb_use_builder":"","_et_pb_old_content":"","_et_gb_content_width":""},"product_cat":[1505,2606,1512,6674,6675,6673],"product_tag":[2609],"edicion":[1085,1084,1083],"editoriales":[1160],"tienda":[],"autor_id":[5784],"universidades_coeditoras":[],"palabras_clave":[],"listado_alfabetico":[],"acf":[],"_links":{"self":[{"href":"https:\/\/wizardly-davinci.82-223-8-23.plesk.page\/en\/wp-json\/wp\/v2\/product\/16517"}],"collection":[{"href":"https:\/\/wizardly-davinci.82-223-8-23.plesk.page\/en\/wp-json\/wp\/v2\/product"}],"about":[{"href":"https:\/\/wizardly-davinci.82-223-8-23.plesk.page\/en\/wp-json\/wp\/v2\/types\/product"}],"replies":[{"embeddable":true,"href":"https:\/\/wizardly-davinci.82-223-8-23.plesk.page\/en\/wp-json\/wp\/v2\/comments?post=16517"}],"wp:featuredmedia":[{"embeddable":true,"href":"https:\/\/wizardly-davinci.82-223-8-23.plesk.page\/en\/wp-json\/wp\/v2\/media\/16518"}],"wp:attachment":[{"href":"https:\/\/wizardly-davinci.82-223-8-23.plesk.page\/en\/wp-json\/wp\/v2\/media?parent=16517"}],"wp:term":[{"taxonomy":"product_cat","embeddable":true,"href":"https:\/\/wizardly-davinci.82-223-8-23.plesk.page\/en\/wp-json\/wp\/v2\/product_cat?post=16517"},{"taxonomy":"product_tag","embeddable":true,"href":"https:\/\/wizardly-davinci.82-223-8-23.plesk.page\/en\/wp-json\/wp\/v2\/product_tag?post=16517"},{"taxonomy":"edicion","embeddable":true,"href":"https:\/\/wizardly-davinci.82-223-8-23.plesk.page\/en\/wp-json\/wp\/v2\/edicion?post=16517"},{"taxonomy":"editoriales","embeddable":true,"href":"https:\/\/wizardly-davinci.82-223-8-23.plesk.page\/en\/wp-json\/wp\/v2\/editoriales?post=16517"},{"taxonomy":"tienda","embeddable":true,"href":"https:\/\/wizardly-davinci.82-223-8-23.plesk.page\/en\/wp-json\/wp\/v2\/tienda?post=16517"},{"taxonomy":"autor_id","embeddable":true,"href":"https:\/\/wizardly-davinci.82-223-8-23.plesk.page\/en\/wp-json\/wp\/v2\/autor_id?post=16517"},{"taxonomy":"universidades_coeditoras","embeddable":true,"href":"https:\/\/wizardly-davinci.82-223-8-23.plesk.page\/en\/wp-json\/wp\/v2\/universidades_coeditoras?post=16517"},{"taxonomy":"palabras_clave","embeddable":true,"href":"https:\/\/wizardly-davinci.82-223-8-23.plesk.page\/en\/wp-json\/wp\/v2\/palabras_clave?post=16517"},{"taxonomy":"listado_alfabetico","embeddable":true,"href":"https:\/\/wizardly-davinci.82-223-8-23.plesk.page\/en\/wp-json\/wp\/v2\/listado_alfabetico?post=16517"}],"curies":[{"name":"wp","href":"https:\/\/api.w.org\/{rel}","templated":true}]}}