{"id":16519,"date":"2019-04-09T22:04:13","date_gmt":"2019-04-09T22:04:13","guid":{"rendered":"https:\/\/octaedro.com\/producto\/la-conexion-emocional\/"},"modified":"2023-04-20T09:57:11","modified_gmt":"2023-04-20T07:57:11","slug":"la-conexion-emocional","status":"publish","type":"product","link":"https:\/\/wizardly-davinci.82-223-8-23.plesk.page\/en\/producto\/la-conexion-emocional\/","title":{"rendered":"La conexi\u00f3n emocional"},"content":{"rendered":"<p>\u00bfPor qu\u00e9 ciertas personas reaccionan con seguridad y energ\u00eda ante las dificultades, mientras que otras reaccionan con sentimientos de peque\u00f1ez y des\u00e1nimo? Y lo que en la pr\u00e1ctica es a\u00fan m\u00e1s importante, \u00bfc\u00f3mo podemos cambiar esta manera involuntaria de reaccionar emocionalmente? El cerebro de los humanos ha evolucionado (neuronas espejo) para poder <i>trabajar en red<\/i> con otros cerebros a trav\u00e9s de la <em>conexi\u00f3n emocional<\/em>, cosa que posibilita el fen\u00f3meno de <i>yo siento que t\u00fa sientes lo que yo siento<\/i>. Esta capacidad de sentir lo que el otro siente es la herramienta m\u00e1s eficaz que tenemos para acceder a nuevas maneras de reaccionar emocionalmente.<\/p>\n","protected":false},"excerpt":{"rendered":"<p>\u00bfPor qu\u00e9 ciertas personas reaccionan con seguridad y energ\u00eda ante las dificultades, mientras que otras reaccionan con sentimientos de peque\u00f1ez y des\u00e1nimo? Y lo que en la pr\u00e1ctica es a\u00fan m\u00e1s importante, \u00bfc\u00f3mo podemos cambiar esta manera involuntaria de reaccionar emocionalmente? El cerebro de los humanos ha evolucionado (neuronas espejo) para poder <i>trabajar en red<\/i> con otros cerebros a trav\u00e9s de la <em>conexi\u00f3n emocional<\/em>, cosa que posibilita el fen\u00f3meno de <i>yo siento que t\u00fa sientes lo que yo siento<\/i>. Esta capacidad de sentir lo que el otro siente es la herramienta m\u00e1s eficaz que tenemos para acceder a nuevas maneras de reaccionar emocionalmente.<\/p>\n","protected":false},"featured_media":16520,"comment_status":"open","ping_status":"closed","template":"","meta":{"_et_pb_use_builder":"","_et_pb_old_content":"","_et_gb_content_width":""},"product_cat":[1505,2606,1512,6674,6675,6673,9825],"product_tag":[2609],"edicion":[1085,1084,1083],"editoriales":[1160],"tienda":[],"autor_id":[6241],"universidades_coeditoras":[],"palabras_clave":[],"listado_alfabetico":[],"acf":[],"_links":{"self":[{"href":"https:\/\/wizardly-davinci.82-223-8-23.plesk.page\/en\/wp-json\/wp\/v2\/product\/16519"}],"collection":[{"href":"https:\/\/wizardly-davinci.82-223-8-23.plesk.page\/en\/wp-json\/wp\/v2\/product"}],"about":[{"href":"https:\/\/wizardly-davinci.82-223-8-23.plesk.page\/en\/wp-json\/wp\/v2\/types\/product"}],"replies":[{"embeddable":true,"href":"https:\/\/wizardly-davinci.82-223-8-23.plesk.page\/en\/wp-json\/wp\/v2\/comments?post=16519"}],"wp:featuredmedia":[{"embeddable":true,"href":"https:\/\/wizardly-davinci.82-223-8-23.plesk.page\/en\/wp-json\/wp\/v2\/media\/16520"}],"wp:attachment":[{"href":"https:\/\/wizardly-davinci.82-223-8-23.plesk.page\/en\/wp-json\/wp\/v2\/media?parent=16519"}],"wp:term":[{"taxonomy":"product_cat","embeddable":true,"href":"https:\/\/wizardly-davinci.82-223-8-23.plesk.page\/en\/wp-json\/wp\/v2\/product_cat?post=16519"},{"taxonomy":"product_tag","embeddable":true,"href":"https:\/\/wizardly-davinci.82-223-8-23.plesk.page\/en\/wp-json\/wp\/v2\/product_tag?post=16519"},{"taxonomy":"edicion","embeddable":true,"href":"https:\/\/wizardly-davinci.82-223-8-23.plesk.page\/en\/wp-json\/wp\/v2\/edicion?post=16519"},{"taxonomy":"editoriales","embeddable":true,"href":"https:\/\/wizardly-davinci.82-223-8-23.plesk.page\/en\/wp-json\/wp\/v2\/editoriales?post=16519"},{"taxonomy":"tienda","embeddable":true,"href":"https:\/\/wizardly-davinci.82-223-8-23.plesk.page\/en\/wp-json\/wp\/v2\/tienda?post=16519"},{"taxonomy":"autor_id","embeddable":true,"href":"https:\/\/wizardly-davinci.82-223-8-23.plesk.page\/en\/wp-json\/wp\/v2\/autor_id?post=16519"},{"taxonomy":"universidades_coeditoras","embeddable":true,"href":"https:\/\/wizardly-davinci.82-223-8-23.plesk.page\/en\/wp-json\/wp\/v2\/universidades_coeditoras?post=16519"},{"taxonomy":"palabras_clave","embeddable":true,"href":"https:\/\/wizardly-davinci.82-223-8-23.plesk.page\/en\/wp-json\/wp\/v2\/palabras_clave?post=16519"},{"taxonomy":"listado_alfabetico","embeddable":true,"href":"https:\/\/wizardly-davinci.82-223-8-23.plesk.page\/en\/wp-json\/wp\/v2\/listado_alfabetico?post=16519"}],"curies":[{"name":"wp","href":"https:\/\/api.w.org\/{rel}","templated":true}]}}