{"id":16523,"date":"2019-04-09T22:04:13","date_gmt":"2019-04-09T22:04:13","guid":{"rendered":"https:\/\/octaedro.com\/producto\/dislexia-2\/"},"modified":"2023-04-20T09:57:24","modified_gmt":"2023-04-20T07:57:24","slug":"dislexia-2","status":"publish","type":"product","link":"https:\/\/wizardly-davinci.82-223-8-23.plesk.page\/en\/producto\/dislexia-2\/","title":{"rendered":"Dislexia"},"content":{"rendered":"<p>Existen muchos estudios sobre la dislexia, pero puede decirse que todos ellos se detienen en el s\u00edntoma. Faltaba un estudio que se interesara por la dislexia m\u00e1s all\u00e1 del s\u00edntoma, que no se detuviera en <em>la fiebre que tiene el ni\u00f1o<\/em>, sino que explorara el trastorno de fondo que la produce. Este libro estudia ese trasfondo, analizando c\u00f3mo las din\u00e1micas relacionales, en los primeros a\u00f1os de vida del ni\u00f1o, contribuyen a la organizaci\u00f3n de su mente, c\u00f3mo las estructuras insuficientemente organizadas dan como s\u00edntoma el problema disl\u00e9xico, y, a partir de ah\u00ed, c\u00f3mo se puede organizar mejor su tratamiento, que, al fin y al cabo, es lo m\u00e1s importante.<\/p>\n<p>Por su descripci\u00f3n detallada de la evoluci\u00f3n de la mente, de la capacidad de aprender y del pensamiento, interesar\u00e1 tanto a psic\u00f3logos como a padres, maestros y a cualquier persona preocupada por estos temas.<\/p>\n","protected":false},"excerpt":{"rendered":"<p>Existen muchos estudios sobre la dislexia, pero puede decirse que todos ellos se detienen en el s\u00edntoma. Faltaba un estudio que se interesara por la dislexia m\u00e1s all\u00e1 del s\u00edntoma, que no se detuviera en <em>la fiebre que tiene el ni\u00f1o<\/em>, sino que explorara el trastorno de fondo que la produce. Este libro estudia ese trasfondo, analizando c\u00f3mo las din\u00e1micas relacionales, en los primeros a\u00f1os de vida del ni\u00f1o, contribuyen a la organizaci\u00f3n de su mente, c\u00f3mo las estructuras insuficientemente organizadas dan como s\u00edntoma el problema disl\u00e9xico, y, a partir de ah\u00ed, c\u00f3mo se puede organizar mejor su tratamiento, que, al fin y al cabo, es lo m\u00e1s importante.<\/p>\n<p>Por su descripci\u00f3n detallada de la evoluci\u00f3n de la mente, de la capacidad de aprender y del pensamiento, interesar\u00e1 tanto a psic\u00f3logos como a padres, maestros y a cualquier persona preocupada por estos temas.<\/p>\n","protected":false},"featured_media":16524,"comment_status":"open","ping_status":"closed","template":"","meta":{"_et_pb_use_builder":"","_et_pb_old_content":"","_et_gb_content_width":""},"product_cat":[1505,2606,1512,6674,6675,6673,9825],"product_tag":[2609],"edicion":[1085,1084,1083],"editoriales":[1160],"tienda":[],"autor_id":[6498],"universidades_coeditoras":[],"palabras_clave":[],"listado_alfabetico":[],"acf":[],"_links":{"self":[{"href":"https:\/\/wizardly-davinci.82-223-8-23.plesk.page\/en\/wp-json\/wp\/v2\/product\/16523"}],"collection":[{"href":"https:\/\/wizardly-davinci.82-223-8-23.plesk.page\/en\/wp-json\/wp\/v2\/product"}],"about":[{"href":"https:\/\/wizardly-davinci.82-223-8-23.plesk.page\/en\/wp-json\/wp\/v2\/types\/product"}],"replies":[{"embeddable":true,"href":"https:\/\/wizardly-davinci.82-223-8-23.plesk.page\/en\/wp-json\/wp\/v2\/comments?post=16523"}],"wp:featuredmedia":[{"embeddable":true,"href":"https:\/\/wizardly-davinci.82-223-8-23.plesk.page\/en\/wp-json\/wp\/v2\/media\/16524"}],"wp:attachment":[{"href":"https:\/\/wizardly-davinci.82-223-8-23.plesk.page\/en\/wp-json\/wp\/v2\/media?parent=16523"}],"wp:term":[{"taxonomy":"product_cat","embeddable":true,"href":"https:\/\/wizardly-davinci.82-223-8-23.plesk.page\/en\/wp-json\/wp\/v2\/product_cat?post=16523"},{"taxonomy":"product_tag","embeddable":true,"href":"https:\/\/wizardly-davinci.82-223-8-23.plesk.page\/en\/wp-json\/wp\/v2\/product_tag?post=16523"},{"taxonomy":"edicion","embeddable":true,"href":"https:\/\/wizardly-davinci.82-223-8-23.plesk.page\/en\/wp-json\/wp\/v2\/edicion?post=16523"},{"taxonomy":"editoriales","embeddable":true,"href":"https:\/\/wizardly-davinci.82-223-8-23.plesk.page\/en\/wp-json\/wp\/v2\/editoriales?post=16523"},{"taxonomy":"tienda","embeddable":true,"href":"https:\/\/wizardly-davinci.82-223-8-23.plesk.page\/en\/wp-json\/wp\/v2\/tienda?post=16523"},{"taxonomy":"autor_id","embeddable":true,"href":"https:\/\/wizardly-davinci.82-223-8-23.plesk.page\/en\/wp-json\/wp\/v2\/autor_id?post=16523"},{"taxonomy":"universidades_coeditoras","embeddable":true,"href":"https:\/\/wizardly-davinci.82-223-8-23.plesk.page\/en\/wp-json\/wp\/v2\/universidades_coeditoras?post=16523"},{"taxonomy":"palabras_clave","embeddable":true,"href":"https:\/\/wizardly-davinci.82-223-8-23.plesk.page\/en\/wp-json\/wp\/v2\/palabras_clave?post=16523"},{"taxonomy":"listado_alfabetico","embeddable":true,"href":"https:\/\/wizardly-davinci.82-223-8-23.plesk.page\/en\/wp-json\/wp\/v2\/listado_alfabetico?post=16523"}],"curies":[{"name":"wp","href":"https:\/\/api.w.org\/{rel}","templated":true}]}}