{"id":16525,"date":"2019-04-09T22:04:14","date_gmt":"2019-04-09T22:04:14","guid":{"rendered":"https:\/\/octaedro.com\/producto\/el-oficio-de-ser-hombre\/"},"modified":"2023-04-20T09:57:30","modified_gmt":"2023-04-20T07:57:30","slug":"el-oficio-de-ser-hombre","status":"publish","type":"product","link":"https:\/\/wizardly-davinci.82-223-8-23.plesk.page\/en\/producto\/el-oficio-de-ser-hombre\/","title":{"rendered":"El oficio de ser hombre"},"content":{"rendered":"<p>\u00abUno no nace hombre, se hace\u00bb. El autor toma prestadas estas palabras de Erasmo de Rotterdam con el fin de describir su lucha particular para armarse ante la exigencia de la vida diaria. Y aclara tambi\u00e9n: \u00abcuando empleo la palabra hombre, incluyo evidentemente&#8230; a la mujer\u00bb.<\/p>\n<p>En <em>El oficio de ser hombre,<\/em> <strong>Alexandre Jollien<\/strong> se enfrenta a las grandes experiencias del ser humano: el sufrimiento, la comparaci\u00f3n con el otro, la necesidad del progreso diario; abordando cada problema como una lucha alegre. Traducido a varios idiomas y con un pre\u00e1mbulo de Michel Onfray, la obra pretende dar algunas ideas para avanzar con ligereza en las caminos de la existencia, invitando al lector a que transforme su mirada, dando sentido al sufrimiento para que este no tenga la \u00faltima palabra y que la dicha permanezca.<br \/>\nTras la publicaci\u00f3n de un primer libro, <em>Elogio de la debilidad<\/em> (1999), Jollien escribe <em>El oficio de ser hombre<\/em> (2002), que Octaedro publica ahora previamente a su \u00faltima obra, <em>El fil\u00f3sofo desnudo<\/em> (2010), con m\u00e1s de 100.000 ejemplares vendidos en Francia, y de pr\u00f3xima aparici\u00f3n en esta misma colecci\u00f3n.<\/p>\n","protected":false},"excerpt":{"rendered":"<p>\u00abUno no nace hombre, se hace\u00bb. El autor toma prestadas estas palabras de Erasmo de Rotterdam con el fin de describir su lucha particular para armarse ante la exigencia de la vida diaria. Y aclara tambi\u00e9n: \u00abcuando empleo la palabra hombre, incluyo evidentemente&#8230; a la mujer\u00bb.<\/p>\n<p>En <em>El oficio de ser hombre,<\/em> <strong>Alexandre Jollien<\/strong> se enfrenta a las grandes experiencias del ser humano: el sufrimiento, la comparaci\u00f3n con el otro, la necesidad del progreso diario; abordando cada problema como una lucha alegre. Traducido a varios idiomas y con un pre\u00e1mbulo de Michel Onfray, la obra pretende dar algunas ideas para avanzar con ligereza en las caminos de la existencia, invitando al lector a que transforme su mirada, dando sentido al sufrimiento para que este no tenga la \u00faltima palabra y que la dicha permanezca.<br \/>\nTras la publicaci\u00f3n de un primer libro, <em>Elogio de la debilidad<\/em> (1999), Jollien escribe <em>El oficio de ser hombre<\/em> (2002), que Octaedro publica ahora previamente a su \u00faltima obra, <em>El fil\u00f3sofo desnudo<\/em> (2010), con m\u00e1s de 100.000 ejemplares vendidos en Francia, y de pr\u00f3xima aparici\u00f3n en esta misma colecci\u00f3n.<\/p>\n","protected":false},"featured_media":16526,"comment_status":"open","ping_status":"closed","template":"","meta":{"_et_pb_use_builder":"","_et_pb_old_content":"","_et_gb_content_width":""},"product_cat":[1505,2606,1512,6674,6675,6673],"product_tag":[2609],"edicion":[1084,1083],"editoriales":[1160],"tienda":[],"autor_id":[],"universidades_coeditoras":[],"palabras_clave":[],"listado_alfabetico":[],"acf":[],"_links":{"self":[{"href":"https:\/\/wizardly-davinci.82-223-8-23.plesk.page\/en\/wp-json\/wp\/v2\/product\/16525"}],"collection":[{"href":"https:\/\/wizardly-davinci.82-223-8-23.plesk.page\/en\/wp-json\/wp\/v2\/product"}],"about":[{"href":"https:\/\/wizardly-davinci.82-223-8-23.plesk.page\/en\/wp-json\/wp\/v2\/types\/product"}],"replies":[{"embeddable":true,"href":"https:\/\/wizardly-davinci.82-223-8-23.plesk.page\/en\/wp-json\/wp\/v2\/comments?post=16525"}],"wp:featuredmedia":[{"embeddable":true,"href":"https:\/\/wizardly-davinci.82-223-8-23.plesk.page\/en\/wp-json\/wp\/v2\/media\/16526"}],"wp:attachment":[{"href":"https:\/\/wizardly-davinci.82-223-8-23.plesk.page\/en\/wp-json\/wp\/v2\/media?parent=16525"}],"wp:term":[{"taxonomy":"product_cat","embeddable":true,"href":"https:\/\/wizardly-davinci.82-223-8-23.plesk.page\/en\/wp-json\/wp\/v2\/product_cat?post=16525"},{"taxonomy":"product_tag","embeddable":true,"href":"https:\/\/wizardly-davinci.82-223-8-23.plesk.page\/en\/wp-json\/wp\/v2\/product_tag?post=16525"},{"taxonomy":"edicion","embeddable":true,"href":"https:\/\/wizardly-davinci.82-223-8-23.plesk.page\/en\/wp-json\/wp\/v2\/edicion?post=16525"},{"taxonomy":"editoriales","embeddable":true,"href":"https:\/\/wizardly-davinci.82-223-8-23.plesk.page\/en\/wp-json\/wp\/v2\/editoriales?post=16525"},{"taxonomy":"tienda","embeddable":true,"href":"https:\/\/wizardly-davinci.82-223-8-23.plesk.page\/en\/wp-json\/wp\/v2\/tienda?post=16525"},{"taxonomy":"autor_id","embeddable":true,"href":"https:\/\/wizardly-davinci.82-223-8-23.plesk.page\/en\/wp-json\/wp\/v2\/autor_id?post=16525"},{"taxonomy":"universidades_coeditoras","embeddable":true,"href":"https:\/\/wizardly-davinci.82-223-8-23.plesk.page\/en\/wp-json\/wp\/v2\/universidades_coeditoras?post=16525"},{"taxonomy":"palabras_clave","embeddable":true,"href":"https:\/\/wizardly-davinci.82-223-8-23.plesk.page\/en\/wp-json\/wp\/v2\/palabras_clave?post=16525"},{"taxonomy":"listado_alfabetico","embeddable":true,"href":"https:\/\/wizardly-davinci.82-223-8-23.plesk.page\/en\/wp-json\/wp\/v2\/listado_alfabetico?post=16525"}],"curies":[{"name":"wp","href":"https:\/\/api.w.org\/{rel}","templated":true}]}}