{"id":16527,"date":"2019-04-09T22:04:15","date_gmt":"2019-04-09T22:04:15","guid":{"rendered":"https:\/\/octaedro.com\/producto\/mujeres-tratando-a-mujeres\/"},"modified":"2023-04-20T09:57:39","modified_gmt":"2023-04-20T07:57:39","slug":"mujeres-tratando-a-mujeres","status":"publish","type":"product","link":"https:\/\/wizardly-davinci.82-223-8-23.plesk.page\/en\/producto\/mujeres-tratando-a-mujeres\/","title":{"rendered":"Mujeres tratando a mujeres"},"content":{"rendered":"<p>El libro que tienes en las manos est\u00e1 escrito por un grupo de autoras (reconocidas psic\u00f3logas y m\u00e9dicas) que desde hace m\u00e1s de veinte a\u00f1os se dedican a reflexionar sobre los efectos de la dominaci\u00f3n en la construcci\u00f3n de la feminidad, no s\u00f3lo en lo que respecta a abusos y violencia f\u00edsica, sino tambi\u00e9n a los aspectos m\u00e1s insidiosos y cotidianos de la violencia en las relaciones \u00edntimas.<br \/>\nUn gran n\u00famero de mujeres sufren diversos tipos de malestar, m\u00e1s o menos graves (depresi\u00f3n, inhibici\u00f3n, dolencias corporales, trastornos de la alimentaci\u00f3n). Un tratamiento enfocado desde una perspectiva que contempla las restricciones a las que la feminidad normativa se ve sometida, permite a las mujeres hacer el recorrido sobre sus identidades, que han sido construidas seg\u00fan mandatos que no legitiman sus deseos y opciones personales.<br \/>\nSe trata de un libro repleto de sensibilidad, que refleja la complejidad de la subjetividad y de las relaciones interpersonales, as\u00ed como de los inevitables conflictos de la vida en relaci\u00f3n, fruto del trabajo conjunto en el Seminario sobre La subjetividad femenina, que dirige la Dra <span class=\"destacat\">Emilce Dio Bleichmar<\/span> en ELIPSIS (Escuela de Libre Ense\u00f1anza del Psicoan\u00e1lisis).<br \/>\nEscrito en un lenguaje de f\u00e1cil acceso e ilustrado con ejemplos de historias de vida de mujeres que consultan, podr\u00e1n disfrutar de su lectura tanto los profesionales como todas aquellas personas interesadas en la mirada de g\u00e9nero y la salud mental.<\/p>\n","protected":false},"excerpt":{"rendered":"<p>El libro que tienes en las manos est\u00e1 escrito por un grupo de autoras (reconocidas psic\u00f3logas y m\u00e9dicas) que desde hace m\u00e1s de veinte a\u00f1os se dedican a reflexionar sobre los efectos de la dominaci\u00f3n en la construcci\u00f3n de la feminidad, no s\u00f3lo en lo que respecta a abusos y violencia f\u00edsica, sino tambi\u00e9n a los aspectos m\u00e1s insidiosos y cotidianos de la violencia en las relaciones \u00edntimas.<br \/>\nUn gran n\u00famero de mujeres sufren diversos tipos de malestar, m\u00e1s o menos graves (depresi\u00f3n, inhibici\u00f3n, dolencias corporales, trastornos de la alimentaci\u00f3n). Un tratamiento enfocado desde una perspectiva que contempla las restricciones a las que la feminidad normativa se ve sometida, permite a las mujeres hacer el recorrido sobre sus identidades, que han sido construidas seg\u00fan mandatos que no legitiman sus deseos y opciones personales.<br \/>\nSe trata de un libro repleto de sensibilidad, que refleja la complejidad de la subjetividad y de las relaciones interpersonales, as\u00ed como de los inevitables conflictos de la vida en relaci\u00f3n, fruto del trabajo conjunto en el Seminario sobre La subjetividad femenina, que dirige la Dra <span class=\"destacat\">Emilce Dio Bleichmar<\/span> en ELIPSIS (Escuela de Libre Ense\u00f1anza del Psicoan\u00e1lisis).<br \/>\nEscrito en un lenguaje de f\u00e1cil acceso e ilustrado con ejemplos de historias de vida de mujeres que consultan, podr\u00e1n disfrutar de su lectura tanto los profesionales como todas aquellas personas interesadas en la mirada de g\u00e9nero y la salud mental.<\/p>\n","protected":false},"featured_media":16528,"comment_status":"open","ping_status":"closed","template":"","meta":{"_et_pb_use_builder":"","_et_pb_old_content":"","_et_gb_content_width":""},"product_cat":[1505,2606,1512,6675,6673,9825],"product_tag":[2604],"edicion":[1084,1083],"editoriales":[1160],"tienda":[],"autor_id":[5374],"universidades_coeditoras":[],"palabras_clave":[],"listado_alfabetico":[],"acf":[],"_links":{"self":[{"href":"https:\/\/wizardly-davinci.82-223-8-23.plesk.page\/en\/wp-json\/wp\/v2\/product\/16527"}],"collection":[{"href":"https:\/\/wizardly-davinci.82-223-8-23.plesk.page\/en\/wp-json\/wp\/v2\/product"}],"about":[{"href":"https:\/\/wizardly-davinci.82-223-8-23.plesk.page\/en\/wp-json\/wp\/v2\/types\/product"}],"replies":[{"embeddable":true,"href":"https:\/\/wizardly-davinci.82-223-8-23.plesk.page\/en\/wp-json\/wp\/v2\/comments?post=16527"}],"wp:featuredmedia":[{"embeddable":true,"href":"https:\/\/wizardly-davinci.82-223-8-23.plesk.page\/en\/wp-json\/wp\/v2\/media\/16528"}],"wp:attachment":[{"href":"https:\/\/wizardly-davinci.82-223-8-23.plesk.page\/en\/wp-json\/wp\/v2\/media?parent=16527"}],"wp:term":[{"taxonomy":"product_cat","embeddable":true,"href":"https:\/\/wizardly-davinci.82-223-8-23.plesk.page\/en\/wp-json\/wp\/v2\/product_cat?post=16527"},{"taxonomy":"product_tag","embeddable":true,"href":"https:\/\/wizardly-davinci.82-223-8-23.plesk.page\/en\/wp-json\/wp\/v2\/product_tag?post=16527"},{"taxonomy":"edicion","embeddable":true,"href":"https:\/\/wizardly-davinci.82-223-8-23.plesk.page\/en\/wp-json\/wp\/v2\/edicion?post=16527"},{"taxonomy":"editoriales","embeddable":true,"href":"https:\/\/wizardly-davinci.82-223-8-23.plesk.page\/en\/wp-json\/wp\/v2\/editoriales?post=16527"},{"taxonomy":"tienda","embeddable":true,"href":"https:\/\/wizardly-davinci.82-223-8-23.plesk.page\/en\/wp-json\/wp\/v2\/tienda?post=16527"},{"taxonomy":"autor_id","embeddable":true,"href":"https:\/\/wizardly-davinci.82-223-8-23.plesk.page\/en\/wp-json\/wp\/v2\/autor_id?post=16527"},{"taxonomy":"universidades_coeditoras","embeddable":true,"href":"https:\/\/wizardly-davinci.82-223-8-23.plesk.page\/en\/wp-json\/wp\/v2\/universidades_coeditoras?post=16527"},{"taxonomy":"palabras_clave","embeddable":true,"href":"https:\/\/wizardly-davinci.82-223-8-23.plesk.page\/en\/wp-json\/wp\/v2\/palabras_clave?post=16527"},{"taxonomy":"listado_alfabetico","embeddable":true,"href":"https:\/\/wizardly-davinci.82-223-8-23.plesk.page\/en\/wp-json\/wp\/v2\/listado_alfabetico?post=16527"}],"curies":[{"name":"wp","href":"https:\/\/api.w.org\/{rel}","templated":true}]}}