{"id":16533,"date":"2019-04-09T22:04:16","date_gmt":"2019-04-09T22:04:16","guid":{"rendered":"https:\/\/octaedro.com\/producto\/el-legado\/"},"modified":"2023-04-20T09:57:52","modified_gmt":"2023-04-20T07:57:52","slug":"el-legado","status":"publish","type":"product","link":"https:\/\/wizardly-davinci.82-223-8-23.plesk.page\/en\/producto\/el-legado\/","title":{"rendered":"El legado"},"content":{"rendered":"<p>\u00bfQu\u00e9 dir\u00eda <span class=\"destacat\">David Suzuki<\/span>, uno de los ancianos m\u00e1s preeminentes del planeta, si tuviera que resumir en una \u00faltima clase magistral todo lo que ha aprendido durante su vida? <span class=\"destacat\"><em>El legado<\/em><\/span> es una versi\u00f3n ampliada de la conferencia que pronunci\u00f3 en diciembre del 2009 y que constituye el n\u00facleo de una pel\u00edcula del 2010 titulada <em>Force of Nature<\/em> (\u00abLa fuerza de la naturaleza\u00bb). Suzuki narra la fascinante historia de c\u00f3mo hemos llegado, como especie, a donde estamos hoy y presenta su inspiradora visi\u00f3n para un futuro mejor.<br \/>\nDurante toda su vida, Suzuki ha sido testigo de la explosi\u00f3n del conocimiento cient\u00edfico, as\u00ed como del cambio enorme en nuestra relaci\u00f3n con el planeta \u2014la triplicaci\u00f3n de la poblaci\u00f3n mundial, una huella ecol\u00f3gica mucho mayor como resultado de la econom\u00eda global y un enorme crecimiento de la capacidad tecnol\u00f3gica\u2014. Estos cambios han tenido un efecto funesto en los ecosistemas de la Tierra y, por consiguiente, en nuestro propio bienestar.<br \/>\nPara resolver esta crisis, Suzuki sostiene con vehemencia que debemos darnos cuenta de que las leyes de la naturaleza tienen prioridad sobre las fuerzas econ\u00f3micas y de que el planeta, sencillamente, no puede sostener un crecimiento sin restricciones. Debemos admitir tambi\u00e9n los l\u00edmites del reduccionismo cient\u00edfico y la necesidad de adoptar un punto de vista m\u00e1s integral. Y, seguramente lo m\u00e1s importante, debemos unirnos \u2014como hemos hecho en otros momentos de crisis\u2014 para responder a los problemas a los que nos enfrentamos. Suzuki concluye diciendo que el cambio empieza con cada uno de nosotros; todo lo que se requiere es imaginaci\u00f3n para so\u00f1arlo y voluntad para hacer del sue\u00f1o una realidad.<\/p>\n<p><strong>El \u00ablegado\u00bb, en esta clase magistral, contiene palabras crudas y veraces sobre el mundo en que vivimos, pero tambi\u00e9n esperanzadoras: nuestra oportunidad \u2014si la aprovechamos\u2014 para lograr \u00abla belleza, la maravilla y la complicidad con el resto de la creaci\u00f3n\u00bb. Mi esperanza es que seremos nosotros mismos quienes emulemos a <span class=\"destacat\">David Suzuki<\/span> y dejemos legados tal como \u00e9l ha hecho.<\/strong> (fragmento del pr\u00f3logo de <span class=\"destacat\">Margaret Atwood<\/span>)<\/p>\n","protected":false},"excerpt":{"rendered":"<p>\u00bfQu\u00e9 dir\u00eda <span class=\"destacat\">David Suzuki<\/span>, uno de los ancianos m\u00e1s preeminentes del planeta, si tuviera que resumir en una \u00faltima clase magistral todo lo que ha aprendido durante su vida? <span class=\"destacat\"><em>El legado<\/em><\/span> es una versi\u00f3n ampliada de la conferencia que pronunci\u00f3 en diciembre del 2009 y que constituye el n\u00facleo de una pel\u00edcula del 2010 titulada <em>Force of Nature<\/em> (\u00abLa fuerza de la naturaleza\u00bb). Suzuki narra la fascinante historia de c\u00f3mo hemos llegado, como especie, a donde estamos hoy y presenta su inspiradora visi\u00f3n para un futuro mejor.<br \/>\nDurante toda su vida, Suzuki ha sido testigo de la explosi\u00f3n del conocimiento cient\u00edfico, as\u00ed como del cambio enorme en nuestra relaci\u00f3n con el planeta \u2014la triplicaci\u00f3n de la poblaci\u00f3n mundial, una huella ecol\u00f3gica mucho mayor como resultado de la econom\u00eda global y un enorme crecimiento de la capacidad tecnol\u00f3gica\u2014. Estos cambios han tenido un efecto funesto en los ecosistemas de la Tierra y, por consiguiente, en nuestro propio bienestar.<br \/>\nPara resolver esta crisis, Suzuki sostiene con vehemencia que debemos darnos cuenta de que las leyes de la naturaleza tienen prioridad sobre las fuerzas econ\u00f3micas y de que el planeta, sencillamente, no puede sostener un crecimiento sin restricciones. Debemos admitir tambi\u00e9n los l\u00edmites del reduccionismo cient\u00edfico y la necesidad de adoptar un punto de vista m\u00e1s integral. Y, seguramente lo m\u00e1s importante, debemos unirnos \u2014como hemos hecho en otros momentos de crisis\u2014 para responder a los problemas a los que nos enfrentamos. Suzuki concluye diciendo que el cambio empieza con cada uno de nosotros; todo lo que se requiere es imaginaci\u00f3n para so\u00f1arlo y voluntad para hacer del sue\u00f1o una realidad.<\/p>\n<p><strong>El \u00ablegado\u00bb, en esta clase magistral, contiene palabras crudas y veraces sobre el mundo en que vivimos, pero tambi\u00e9n esperanzadoras: nuestra oportunidad \u2014si la aprovechamos\u2014 para lograr \u00abla belleza, la maravilla y la complicidad con el resto de la creaci\u00f3n\u00bb. Mi esperanza es que seremos nosotros mismos quienes emulemos a <span class=\"destacat\">David Suzuki<\/span> y dejemos legados tal como \u00e9l ha hecho.<\/strong> (fragmento del pr\u00f3logo de <span class=\"destacat\">Margaret Atwood<\/span>)<\/p>\n","protected":false},"featured_media":16534,"comment_status":"open","ping_status":"closed","template":"","meta":{"_et_pb_use_builder":"","_et_pb_old_content":"","_et_gb_content_width":""},"product_cat":[1505,2606,1512,6674,6675,6673],"product_tag":[2609],"edicion":[1085,1084,1083],"editoriales":[1160],"tienda":[],"autor_id":[],"universidades_coeditoras":[],"palabras_clave":[],"listado_alfabetico":[],"acf":[],"_links":{"self":[{"href":"https:\/\/wizardly-davinci.82-223-8-23.plesk.page\/en\/wp-json\/wp\/v2\/product\/16533"}],"collection":[{"href":"https:\/\/wizardly-davinci.82-223-8-23.plesk.page\/en\/wp-json\/wp\/v2\/product"}],"about":[{"href":"https:\/\/wizardly-davinci.82-223-8-23.plesk.page\/en\/wp-json\/wp\/v2\/types\/product"}],"replies":[{"embeddable":true,"href":"https:\/\/wizardly-davinci.82-223-8-23.plesk.page\/en\/wp-json\/wp\/v2\/comments?post=16533"}],"wp:featuredmedia":[{"embeddable":true,"href":"https:\/\/wizardly-davinci.82-223-8-23.plesk.page\/en\/wp-json\/wp\/v2\/media\/16534"}],"wp:attachment":[{"href":"https:\/\/wizardly-davinci.82-223-8-23.plesk.page\/en\/wp-json\/wp\/v2\/media?parent=16533"}],"wp:term":[{"taxonomy":"product_cat","embeddable":true,"href":"https:\/\/wizardly-davinci.82-223-8-23.plesk.page\/en\/wp-json\/wp\/v2\/product_cat?post=16533"},{"taxonomy":"product_tag","embeddable":true,"href":"https:\/\/wizardly-davinci.82-223-8-23.plesk.page\/en\/wp-json\/wp\/v2\/product_tag?post=16533"},{"taxonomy":"edicion","embeddable":true,"href":"https:\/\/wizardly-davinci.82-223-8-23.plesk.page\/en\/wp-json\/wp\/v2\/edicion?post=16533"},{"taxonomy":"editoriales","embeddable":true,"href":"https:\/\/wizardly-davinci.82-223-8-23.plesk.page\/en\/wp-json\/wp\/v2\/editoriales?post=16533"},{"taxonomy":"tienda","embeddable":true,"href":"https:\/\/wizardly-davinci.82-223-8-23.plesk.page\/en\/wp-json\/wp\/v2\/tienda?post=16533"},{"taxonomy":"autor_id","embeddable":true,"href":"https:\/\/wizardly-davinci.82-223-8-23.plesk.page\/en\/wp-json\/wp\/v2\/autor_id?post=16533"},{"taxonomy":"universidades_coeditoras","embeddable":true,"href":"https:\/\/wizardly-davinci.82-223-8-23.plesk.page\/en\/wp-json\/wp\/v2\/universidades_coeditoras?post=16533"},{"taxonomy":"palabras_clave","embeddable":true,"href":"https:\/\/wizardly-davinci.82-223-8-23.plesk.page\/en\/wp-json\/wp\/v2\/palabras_clave?post=16533"},{"taxonomy":"listado_alfabetico","embeddable":true,"href":"https:\/\/wizardly-davinci.82-223-8-23.plesk.page\/en\/wp-json\/wp\/v2\/listado_alfabetico?post=16533"}],"curies":[{"name":"wp","href":"https:\/\/api.w.org\/{rel}","templated":true}]}}