{"id":16541,"date":"2019-04-09T22:04:17","date_gmt":"2019-04-09T22:04:17","guid":{"rendered":"https:\/\/octaedro.com\/producto\/manual-para-sobrevivir-en-el-mundo-laboral\/"},"modified":"2023-04-20T09:58:18","modified_gmt":"2023-04-20T07:58:18","slug":"manual-para-sobrevivir-en-el-mundo-laboral","status":"publish","type":"product","link":"https:\/\/wizardly-davinci.82-223-8-23.plesk.page\/en\/producto\/manual-para-sobrevivir-en-el-mundo-laboral\/","title":{"rendered":"Manual para sobrevivir en el mundo laboral"},"content":{"rendered":"<p><em>No son las especies m\u00e1s fuertes ni las m\u00e1s inteligentes las que sobreviven, sino aquellas que mejor saben adaptarse.<\/em><br \/>\n(Charles Darwin)<\/p>\n<p>Hoy en d\u00eda, muchas personas sufren moral y f\u00edsicamente. Es preciso hacer un cambio y volver a dar un sentido al trabajo para evitar que dicho malestar invada nuestra vida.<br \/>\nAdaptarse es prestar m\u00e1s atenci\u00f3n a nuestras necesidades relacionales fundamentales y, por consiguiente, cuidarlas ante personas que no siempre las comprenden.<br \/>\nAdaptarse es tambi\u00e9n confiar en que, pase lo que pase, seguiremos respet\u00e1ndonos, incluso si a nuestro alrededor los dem\u00e1s no muestran ninguna consideraci\u00f3n hacia nosotros.<br \/>\nAdaptarse significa ser capaz de sobrevivir en los diferentes entornos en los que nos vemos obligados a vivir, incluidos los m\u00e1s hostiles.<br \/>\nGracias a su inmensa experiencia, <span class=\"destacat\">Jacques Salom\u00e9<\/span> nos presenta los medios para proteger y preservar nuestra integridad f\u00edsica, psicol\u00f3gica y moral.<\/p>\n","protected":false},"excerpt":{"rendered":"<p><em>No son las especies m\u00e1s fuertes ni las m\u00e1s inteligentes las que sobreviven, sino aquellas que mejor saben adaptarse.<\/em><br \/>\n(Charles Darwin)<\/p>\n<p>Hoy en d\u00eda, muchas personas sufren moral y f\u00edsicamente. Es preciso hacer un cambio y volver a dar un sentido al trabajo para evitar que dicho malestar invada nuestra vida.<br \/>\nAdaptarse es prestar m\u00e1s atenci\u00f3n a nuestras necesidades relacionales fundamentales y, por consiguiente, cuidarlas ante personas que no siempre las comprenden.<br \/>\nAdaptarse es tambi\u00e9n confiar en que, pase lo que pase, seguiremos respet\u00e1ndonos, incluso si a nuestro alrededor los dem\u00e1s no muestran ninguna consideraci\u00f3n hacia nosotros.<br \/>\nAdaptarse significa ser capaz de sobrevivir en los diferentes entornos en los que nos vemos obligados a vivir, incluidos los m\u00e1s hostiles.<br \/>\nGracias a su inmensa experiencia, <span class=\"destacat\">Jacques Salom\u00e9<\/span> nos presenta los medios para proteger y preservar nuestra integridad f\u00edsica, psicol\u00f3gica y moral.<\/p>\n","protected":false},"featured_media":16542,"comment_status":"open","ping_status":"closed","template":"","meta":{"_et_pb_use_builder":"","_et_pb_old_content":"","_et_gb_content_width":""},"product_cat":[1505,1512,6675],"product_tag":[2602],"edicion":[],"editoriales":[1160],"tienda":[],"autor_id":[],"universidades_coeditoras":[],"palabras_clave":[],"listado_alfabetico":[],"acf":[],"_links":{"self":[{"href":"https:\/\/wizardly-davinci.82-223-8-23.plesk.page\/en\/wp-json\/wp\/v2\/product\/16541"}],"collection":[{"href":"https:\/\/wizardly-davinci.82-223-8-23.plesk.page\/en\/wp-json\/wp\/v2\/product"}],"about":[{"href":"https:\/\/wizardly-davinci.82-223-8-23.plesk.page\/en\/wp-json\/wp\/v2\/types\/product"}],"replies":[{"embeddable":true,"href":"https:\/\/wizardly-davinci.82-223-8-23.plesk.page\/en\/wp-json\/wp\/v2\/comments?post=16541"}],"wp:featuredmedia":[{"embeddable":true,"href":"https:\/\/wizardly-davinci.82-223-8-23.plesk.page\/en\/wp-json\/wp\/v2\/media\/16542"}],"wp:attachment":[{"href":"https:\/\/wizardly-davinci.82-223-8-23.plesk.page\/en\/wp-json\/wp\/v2\/media?parent=16541"}],"wp:term":[{"taxonomy":"product_cat","embeddable":true,"href":"https:\/\/wizardly-davinci.82-223-8-23.plesk.page\/en\/wp-json\/wp\/v2\/product_cat?post=16541"},{"taxonomy":"product_tag","embeddable":true,"href":"https:\/\/wizardly-davinci.82-223-8-23.plesk.page\/en\/wp-json\/wp\/v2\/product_tag?post=16541"},{"taxonomy":"edicion","embeddable":true,"href":"https:\/\/wizardly-davinci.82-223-8-23.plesk.page\/en\/wp-json\/wp\/v2\/edicion?post=16541"},{"taxonomy":"editoriales","embeddable":true,"href":"https:\/\/wizardly-davinci.82-223-8-23.plesk.page\/en\/wp-json\/wp\/v2\/editoriales?post=16541"},{"taxonomy":"tienda","embeddable":true,"href":"https:\/\/wizardly-davinci.82-223-8-23.plesk.page\/en\/wp-json\/wp\/v2\/tienda?post=16541"},{"taxonomy":"autor_id","embeddable":true,"href":"https:\/\/wizardly-davinci.82-223-8-23.plesk.page\/en\/wp-json\/wp\/v2\/autor_id?post=16541"},{"taxonomy":"universidades_coeditoras","embeddable":true,"href":"https:\/\/wizardly-davinci.82-223-8-23.plesk.page\/en\/wp-json\/wp\/v2\/universidades_coeditoras?post=16541"},{"taxonomy":"palabras_clave","embeddable":true,"href":"https:\/\/wizardly-davinci.82-223-8-23.plesk.page\/en\/wp-json\/wp\/v2\/palabras_clave?post=16541"},{"taxonomy":"listado_alfabetico","embeddable":true,"href":"https:\/\/wizardly-davinci.82-223-8-23.plesk.page\/en\/wp-json\/wp\/v2\/listado_alfabetico?post=16541"}],"curies":[{"name":"wp","href":"https:\/\/api.w.org\/{rel}","templated":true}]}}