{"id":16543,"date":"2019-04-09T22:04:17","date_gmt":"2019-04-09T22:04:17","guid":{"rendered":"https:\/\/octaedro.com\/producto\/salir-de-la-sociedad-de-consumo\/"},"modified":"2023-04-20T09:58:24","modified_gmt":"2023-04-20T07:58:24","slug":"salir-de-la-sociedad-de-consumo","status":"publish","type":"product","link":"https:\/\/wizardly-davinci.82-223-8-23.plesk.page\/en\/producto\/salir-de-la-sociedad-de-consumo\/","title":{"rendered":"Salir de la sociedad de consumo"},"content":{"rendered":"<p>La v\u00eda del decrecimiento reposa sobre un postulado compartido por la mayor\u00eda de las sociedades no occidentales: por misteriosa que sea, la vida es un don maravilloso. Es cierto que el hombre tiene la facultad de transformarla en un regalo envenenado y, desde el advenimiento del capitalismo, as\u00ed lo ha hecho. Sin embargo, llegados al fondo del callej\u00f3n sin salida de la sociedad de consumo, no es demasiado tarde para dar media vuelta y buscar un camino practicable, gui\u00e1ndonos por otras voces diferentes de las del pensamiento \u00fanico y de los discursos progresistas de la econom\u00eda y la t\u00e9cnica. La v\u00eda del decrecimiento es la de la resistencia ante la apisonadora de la occidentalizaci\u00f3n del mundo, y tambi\u00e9n la de la disidencia respecto al totalitarismo rampante de la sociedad de consumo mundializada.<br \/>\nEste libro estudia la construcci\u00f3n de una civilizaci\u00f3n de sobriedad voluntaria y de autolimitaci\u00f3n, alternativa al atolladero de la sociedad de crecimiento. A partir de unas peque\u00f1as pinceladas se crea, como en un cuadro impresionista, un dibujo de conjunto, una tonalidad com\u00fan, un <em>ethos.<\/em><\/p>\n","protected":false},"excerpt":{"rendered":"<p>La v\u00eda del decrecimiento reposa sobre un postulado compartido por la mayor\u00eda de las sociedades no occidentales: por misteriosa que sea, la vida es un don maravilloso. Es cierto que el hombre tiene la facultad de transformarla en un regalo envenenado y, desde el advenimiento del capitalismo, as\u00ed lo ha hecho. Sin embargo, llegados al fondo del callej\u00f3n sin salida de la sociedad de consumo, no es demasiado tarde para dar media vuelta y buscar un camino practicable, gui\u00e1ndonos por otras voces diferentes de las del pensamiento \u00fanico y de los discursos progresistas de la econom\u00eda y la t\u00e9cnica. La v\u00eda del decrecimiento es la de la resistencia ante la apisonadora de la occidentalizaci\u00f3n del mundo, y tambi\u00e9n la de la disidencia respecto al totalitarismo rampante de la sociedad de consumo mundializada.<br \/>\nEste libro estudia la construcci\u00f3n de una civilizaci\u00f3n de sobriedad voluntaria y de autolimitaci\u00f3n, alternativa al atolladero de la sociedad de crecimiento. A partir de unas peque\u00f1as pinceladas se crea, como en un cuadro impresionista, un dibujo de conjunto, una tonalidad com\u00fan, un <em>ethos.<\/em><\/p>\n","protected":false},"featured_media":16544,"comment_status":"open","ping_status":"closed","template":"","meta":{"_et_pb_use_builder":"","_et_pb_old_content":"","_et_gb_content_width":""},"product_cat":[1505,2606,1512,6674,6675,6673],"product_tag":[2609],"edicion":[1085,1084,1083],"editoriales":[1160],"tienda":[],"autor_id":[5796],"universidades_coeditoras":[],"palabras_clave":[],"listado_alfabetico":[],"acf":[],"_links":{"self":[{"href":"https:\/\/wizardly-davinci.82-223-8-23.plesk.page\/en\/wp-json\/wp\/v2\/product\/16543"}],"collection":[{"href":"https:\/\/wizardly-davinci.82-223-8-23.plesk.page\/en\/wp-json\/wp\/v2\/product"}],"about":[{"href":"https:\/\/wizardly-davinci.82-223-8-23.plesk.page\/en\/wp-json\/wp\/v2\/types\/product"}],"replies":[{"embeddable":true,"href":"https:\/\/wizardly-davinci.82-223-8-23.plesk.page\/en\/wp-json\/wp\/v2\/comments?post=16543"}],"wp:featuredmedia":[{"embeddable":true,"href":"https:\/\/wizardly-davinci.82-223-8-23.plesk.page\/en\/wp-json\/wp\/v2\/media\/16544"}],"wp:attachment":[{"href":"https:\/\/wizardly-davinci.82-223-8-23.plesk.page\/en\/wp-json\/wp\/v2\/media?parent=16543"}],"wp:term":[{"taxonomy":"product_cat","embeddable":true,"href":"https:\/\/wizardly-davinci.82-223-8-23.plesk.page\/en\/wp-json\/wp\/v2\/product_cat?post=16543"},{"taxonomy":"product_tag","embeddable":true,"href":"https:\/\/wizardly-davinci.82-223-8-23.plesk.page\/en\/wp-json\/wp\/v2\/product_tag?post=16543"},{"taxonomy":"edicion","embeddable":true,"href":"https:\/\/wizardly-davinci.82-223-8-23.plesk.page\/en\/wp-json\/wp\/v2\/edicion?post=16543"},{"taxonomy":"editoriales","embeddable":true,"href":"https:\/\/wizardly-davinci.82-223-8-23.plesk.page\/en\/wp-json\/wp\/v2\/editoriales?post=16543"},{"taxonomy":"tienda","embeddable":true,"href":"https:\/\/wizardly-davinci.82-223-8-23.plesk.page\/en\/wp-json\/wp\/v2\/tienda?post=16543"},{"taxonomy":"autor_id","embeddable":true,"href":"https:\/\/wizardly-davinci.82-223-8-23.plesk.page\/en\/wp-json\/wp\/v2\/autor_id?post=16543"},{"taxonomy":"universidades_coeditoras","embeddable":true,"href":"https:\/\/wizardly-davinci.82-223-8-23.plesk.page\/en\/wp-json\/wp\/v2\/universidades_coeditoras?post=16543"},{"taxonomy":"palabras_clave","embeddable":true,"href":"https:\/\/wizardly-davinci.82-223-8-23.plesk.page\/en\/wp-json\/wp\/v2\/palabras_clave?post=16543"},{"taxonomy":"listado_alfabetico","embeddable":true,"href":"https:\/\/wizardly-davinci.82-223-8-23.plesk.page\/en\/wp-json\/wp\/v2\/listado_alfabetico?post=16543"}],"curies":[{"name":"wp","href":"https:\/\/api.w.org\/{rel}","templated":true}]}}