{"id":16547,"date":"2019-04-09T22:04:18","date_gmt":"2019-04-09T22:04:18","guid":{"rendered":"https:\/\/octaedro.com\/producto\/hacerse-obedecer\/"},"modified":"2023-04-20T09:58:37","modified_gmt":"2023-04-20T07:58:37","slug":"hacerse-obedecer","status":"publish","type":"product","link":"https:\/\/wizardly-davinci.82-223-8-23.plesk.page\/en\/producto\/hacerse-obedecer\/","title":{"rendered":"Hacerse obedecer"},"content":{"rendered":"<p>Un ni\u00f1o desobediente se vuelve en seguida insoportable. Y sin unos l\u00edmites impuestos firmemente se siente perdido y angustiado. No obstante, son muchos los padres que dudan cada vez que deben dar una orden a su hijo. En cambio, \u00a1s\u00f3lo unos padres convencidos ser\u00e1n obedecidos!<br \/>\nCon este libro breve y sint\u00e9tico, el psiquiatra <span class=\"destacat\">St\u00e9phane Clerget<\/span> y la periodista <span class=\"destacat\">Bernadette Costa-Prades<\/span> nos ayudan a comprender por qu\u00e9 cuesta tanto hacerse obedecer y nos proponen algunos trucos para llevar a cabo una educaci\u00f3n de mutuo respeto, siguiendo un plan de acci\u00f3n simple y eficaz:<br \/>\n* \u00bfCu\u00e1les son las normas ineludibles para que el ni\u00f1o obedezca?<br \/>\n* \u00bfC\u00f3mo reaccionar cuando no lo hace?<br \/>\n* \u00bfDebemos felicitarle cuando obedece?<br \/>\n* \u00bfQu\u00e9 hacer para que obedezca?<br \/>\n* \u00bfQu\u00e9 castigos adoptar?<br \/>\n* \u00bfC\u00f3mo gestionar los momentos cr\u00edticos: comidas, sue\u00f1o, fines de semana, visitas en casa de amigos, vacaciones&#8230;<br \/>\n\u00a1La autoridad no impide ni la ternura, ni el amor, ni la alegr\u00eda en casa!<\/p>\n","protected":false},"excerpt":{"rendered":"<p>Un ni\u00f1o desobediente se vuelve en seguida insoportable. Y sin unos l\u00edmites impuestos firmemente se siente perdido y angustiado. No obstante, son muchos los padres que dudan cada vez que deben dar una orden a su hijo. En cambio, \u00a1s\u00f3lo unos padres convencidos ser\u00e1n obedecidos!<br \/>\nCon este libro breve y sint\u00e9tico, el psiquiatra <span class=\"destacat\">St\u00e9phane Clerget<\/span> y la periodista <span class=\"destacat\">Bernadette Costa-Prades<\/span> nos ayudan a comprender por qu\u00e9 cuesta tanto hacerse obedecer y nos proponen algunos trucos para llevar a cabo una educaci\u00f3n de mutuo respeto, siguiendo un plan de acci\u00f3n simple y eficaz:<br \/>\n* \u00bfCu\u00e1les son las normas ineludibles para que el ni\u00f1o obedezca?<br \/>\n* \u00bfC\u00f3mo reaccionar cuando no lo hace?<br \/>\n* \u00bfDebemos felicitarle cuando obedece?<br \/>\n* \u00bfQu\u00e9 hacer para que obedezca?<br \/>\n* \u00bfQu\u00e9 castigos adoptar?<br \/>\n* \u00bfC\u00f3mo gestionar los momentos cr\u00edticos: comidas, sue\u00f1o, fines de semana, visitas en casa de amigos, vacaciones&#8230;<br \/>\n\u00a1La autoridad no impide ni la ternura, ni el amor, ni la alegr\u00eda en casa!<\/p>\n","protected":false},"featured_media":16548,"comment_status":"open","ping_status":"closed","template":"","meta":{"_et_pb_use_builder":"","_et_pb_old_content":"","_et_gb_content_width":""},"product_cat":[1505,1512,6675,7112,9825],"product_tag":[2602],"edicion":[1083],"editoriales":[1160],"tienda":[],"autor_id":[5303,5341],"universidades_coeditoras":[],"palabras_clave":[],"listado_alfabetico":[],"acf":[],"_links":{"self":[{"href":"https:\/\/wizardly-davinci.82-223-8-23.plesk.page\/en\/wp-json\/wp\/v2\/product\/16547"}],"collection":[{"href":"https:\/\/wizardly-davinci.82-223-8-23.plesk.page\/en\/wp-json\/wp\/v2\/product"}],"about":[{"href":"https:\/\/wizardly-davinci.82-223-8-23.plesk.page\/en\/wp-json\/wp\/v2\/types\/product"}],"replies":[{"embeddable":true,"href":"https:\/\/wizardly-davinci.82-223-8-23.plesk.page\/en\/wp-json\/wp\/v2\/comments?post=16547"}],"wp:featuredmedia":[{"embeddable":true,"href":"https:\/\/wizardly-davinci.82-223-8-23.plesk.page\/en\/wp-json\/wp\/v2\/media\/16548"}],"wp:attachment":[{"href":"https:\/\/wizardly-davinci.82-223-8-23.plesk.page\/en\/wp-json\/wp\/v2\/media?parent=16547"}],"wp:term":[{"taxonomy":"product_cat","embeddable":true,"href":"https:\/\/wizardly-davinci.82-223-8-23.plesk.page\/en\/wp-json\/wp\/v2\/product_cat?post=16547"},{"taxonomy":"product_tag","embeddable":true,"href":"https:\/\/wizardly-davinci.82-223-8-23.plesk.page\/en\/wp-json\/wp\/v2\/product_tag?post=16547"},{"taxonomy":"edicion","embeddable":true,"href":"https:\/\/wizardly-davinci.82-223-8-23.plesk.page\/en\/wp-json\/wp\/v2\/edicion?post=16547"},{"taxonomy":"editoriales","embeddable":true,"href":"https:\/\/wizardly-davinci.82-223-8-23.plesk.page\/en\/wp-json\/wp\/v2\/editoriales?post=16547"},{"taxonomy":"tienda","embeddable":true,"href":"https:\/\/wizardly-davinci.82-223-8-23.plesk.page\/en\/wp-json\/wp\/v2\/tienda?post=16547"},{"taxonomy":"autor_id","embeddable":true,"href":"https:\/\/wizardly-davinci.82-223-8-23.plesk.page\/en\/wp-json\/wp\/v2\/autor_id?post=16547"},{"taxonomy":"universidades_coeditoras","embeddable":true,"href":"https:\/\/wizardly-davinci.82-223-8-23.plesk.page\/en\/wp-json\/wp\/v2\/universidades_coeditoras?post=16547"},{"taxonomy":"palabras_clave","embeddable":true,"href":"https:\/\/wizardly-davinci.82-223-8-23.plesk.page\/en\/wp-json\/wp\/v2\/palabras_clave?post=16547"},{"taxonomy":"listado_alfabetico","embeddable":true,"href":"https:\/\/wizardly-davinci.82-223-8-23.plesk.page\/en\/wp-json\/wp\/v2\/listado_alfabetico?post=16547"}],"curies":[{"name":"wp","href":"https:\/\/api.w.org\/{rel}","templated":true}]}}