{"id":16549,"date":"2019-04-09T22:04:18","date_gmt":"2019-04-09T22:04:18","guid":{"rendered":"https:\/\/octaedro.com\/producto\/cuerpo-a-cuerpo-con-el-parkinson\/"},"modified":"2023-04-20T10:04:24","modified_gmt":"2023-04-20T08:04:24","slug":"cuerpo-a-cuerpo-con-el-parkinson","status":"publish","type":"product","link":"https:\/\/wizardly-davinci.82-223-8-23.plesk.page\/en\/producto\/cuerpo-a-cuerpo-con-el-parkinson\/","title":{"rendered":"Cuerpo a cuerpo con el parkinson"},"content":{"rendered":"<p>Empieza de manera insidiosa: \u00abmovimientos bruscos y poco precisos, lentitud, torpeza, rigidez, dolores generalizados, agotamiento, insomnio. Me hab\u00eda vuelto torpe [\u2026]. Recuerdo un d\u00eda de celebraci\u00f3n familiar [\u2026]. Sonaba buena m\u00fasica, un ritmo que daba ganas de moverse. Sin pensarlo me levanto, me sumo a los que est\u00e1n moviendo sus caderas y entonces \u00a1zas! Los zapatos de baile parecen haberse convertido en chirucas y empiezo a bailar de manera grotesca. [\u2026]. Si tuviera menos orgullo, llorar\u00eda\u00bb.<br \/>\nA la edad de 53 a\u00f1os, <span class=\"destacat\">Annick Tournier<\/span> descubre que padece la enfermedad de Parkinson. Como una pesadilla\u2026 Y el primer sentimiento es de verg\u00fcenza. Tanta verg\u00fcenza que se siente incapaz de decirlo. Cada d\u00eda la enfermedad avanza un poco m\u00e1s: los movimientos son cada vez menos voluntarios, los reflejos se debilitan.<br \/>\nEsta enfermedad imprevisible lleva el nombre de su descubridor, el m\u00e9dico brit\u00e1nico James Parkinson (1755-1824). Se saben muchas cosas sobre las posibles causas de esta patolog\u00eda, pero todav\u00eda no se sabe c\u00f3mo curarla.<\/p>\n","protected":false},"excerpt":{"rendered":"<p>Empieza de manera insidiosa: \u00abmovimientos bruscos y poco precisos, lentitud, torpeza, rigidez, dolores generalizados, agotamiento, insomnio. Me hab\u00eda vuelto torpe [\u2026]. Recuerdo un d\u00eda de celebraci\u00f3n familiar [\u2026]. Sonaba buena m\u00fasica, un ritmo que daba ganas de moverse. Sin pensarlo me levanto, me sumo a los que est\u00e1n moviendo sus caderas y entonces \u00a1zas! Los zapatos de baile parecen haberse convertido en chirucas y empiezo a bailar de manera grotesca. [\u2026]. Si tuviera menos orgullo, llorar\u00eda\u00bb.<br \/>\nA la edad de 53 a\u00f1os, <span class=\"destacat\">Annick Tournier<\/span> descubre que padece la enfermedad de Parkinson. Como una pesadilla\u2026 Y el primer sentimiento es de verg\u00fcenza. Tanta verg\u00fcenza que se siente incapaz de decirlo. Cada d\u00eda la enfermedad avanza un poco m\u00e1s: los movimientos son cada vez menos voluntarios, los reflejos se debilitan.<br \/>\nEsta enfermedad imprevisible lleva el nombre de su descubridor, el m\u00e9dico brit\u00e1nico James Parkinson (1755-1824). Se saben muchas cosas sobre las posibles causas de esta patolog\u00eda, pero todav\u00eda no se sabe c\u00f3mo curarla.<\/p>\n","protected":false},"featured_media":16550,"comment_status":"open","ping_status":"closed","template":"","meta":{"_et_pb_use_builder":"","_et_pb_old_content":"","_et_gb_content_width":""},"product_cat":[1505,2606,1512,6674,6675,6673],"product_tag":[2609],"edicion":[1084,1083],"editoriales":[1160],"tienda":[],"autor_id":[6515],"universidades_coeditoras":[],"palabras_clave":[],"listado_alfabetico":[],"acf":[],"_links":{"self":[{"href":"https:\/\/wizardly-davinci.82-223-8-23.plesk.page\/en\/wp-json\/wp\/v2\/product\/16549"}],"collection":[{"href":"https:\/\/wizardly-davinci.82-223-8-23.plesk.page\/en\/wp-json\/wp\/v2\/product"}],"about":[{"href":"https:\/\/wizardly-davinci.82-223-8-23.plesk.page\/en\/wp-json\/wp\/v2\/types\/product"}],"replies":[{"embeddable":true,"href":"https:\/\/wizardly-davinci.82-223-8-23.plesk.page\/en\/wp-json\/wp\/v2\/comments?post=16549"}],"wp:featuredmedia":[{"embeddable":true,"href":"https:\/\/wizardly-davinci.82-223-8-23.plesk.page\/en\/wp-json\/wp\/v2\/media\/16550"}],"wp:attachment":[{"href":"https:\/\/wizardly-davinci.82-223-8-23.plesk.page\/en\/wp-json\/wp\/v2\/media?parent=16549"}],"wp:term":[{"taxonomy":"product_cat","embeddable":true,"href":"https:\/\/wizardly-davinci.82-223-8-23.plesk.page\/en\/wp-json\/wp\/v2\/product_cat?post=16549"},{"taxonomy":"product_tag","embeddable":true,"href":"https:\/\/wizardly-davinci.82-223-8-23.plesk.page\/en\/wp-json\/wp\/v2\/product_tag?post=16549"},{"taxonomy":"edicion","embeddable":true,"href":"https:\/\/wizardly-davinci.82-223-8-23.plesk.page\/en\/wp-json\/wp\/v2\/edicion?post=16549"},{"taxonomy":"editoriales","embeddable":true,"href":"https:\/\/wizardly-davinci.82-223-8-23.plesk.page\/en\/wp-json\/wp\/v2\/editoriales?post=16549"},{"taxonomy":"tienda","embeddable":true,"href":"https:\/\/wizardly-davinci.82-223-8-23.plesk.page\/en\/wp-json\/wp\/v2\/tienda?post=16549"},{"taxonomy":"autor_id","embeddable":true,"href":"https:\/\/wizardly-davinci.82-223-8-23.plesk.page\/en\/wp-json\/wp\/v2\/autor_id?post=16549"},{"taxonomy":"universidades_coeditoras","embeddable":true,"href":"https:\/\/wizardly-davinci.82-223-8-23.plesk.page\/en\/wp-json\/wp\/v2\/universidades_coeditoras?post=16549"},{"taxonomy":"palabras_clave","embeddable":true,"href":"https:\/\/wizardly-davinci.82-223-8-23.plesk.page\/en\/wp-json\/wp\/v2\/palabras_clave?post=16549"},{"taxonomy":"listado_alfabetico","embeddable":true,"href":"https:\/\/wizardly-davinci.82-223-8-23.plesk.page\/en\/wp-json\/wp\/v2\/listado_alfabetico?post=16549"}],"curies":[{"name":"wp","href":"https:\/\/api.w.org\/{rel}","templated":true}]}}