{"id":16553,"date":"2019-04-09T22:04:19","date_gmt":"2019-04-09T22:04:19","guid":{"rendered":"https:\/\/octaedro.com\/producto\/madre-agotada\/"},"modified":"2023-04-20T10:04:37","modified_gmt":"2023-04-20T08:04:37","slug":"madre-agotada","status":"publish","type":"product","link":"https:\/\/wizardly-davinci.82-223-8-23.plesk.page\/en\/producto\/madre-agotada\/","title":{"rendered":"Madre agotada"},"content":{"rendered":"<p>\u00abPoco a poco, pierdo todo deseo: de hablar, de moverme, de ocuparme de mi marido, de mis hijos, de mi casa\u2026 Lo m\u00e1s dif\u00edcil es empezar la jornada. Me despierto presa de la angustia. No tengo fuerzas para nada. Basta ya de esas obligaciones horarias, de ese ruido, de esos enfrentamientos, de esos gestos cien veces reiterados. Ni siquiera quiero ver a mis hijos. No quiero dar nada: ni tiempo, ni palabras. Quiero estar sola, en silencio\u2026\u00bb<br \/>\nEsta obra constituye un relato emocionante, el valiente testimonio de una madre. <span class=\"destacat\">St\u00e9phanie Allenou<\/span> nos confiesa sin tab\u00fas sus sensaciones de aislamiento, de duda y de miedo, as\u00ed como los momentos de p\u00e9rdida de control y de violencia com\u00fan que han formado parte de la vida diaria con sus hijos. Nos revela su desconcierto ante esta parte extra\u00f1a de s\u00ed misma, denunciando a nuestra sociedad, que idolatra la maternidad dejando a la madre en el olvido. Pero su discurso es tambi\u00e9n un testimonio de optimismo que quiere prevenir la plaga del \u00ab<em>burn out<\/em> maternal\u00bb. Sugiere soluciones para acompa\u00f1ar a las madres agotadas y animarlas a que se atrevan a expresar sus dificultades.<\/p>\n","protected":false},"excerpt":{"rendered":"<p>\u00abPoco a poco, pierdo todo deseo: de hablar, de moverme, de ocuparme de mi marido, de mis hijos, de mi casa\u2026 Lo m\u00e1s dif\u00edcil es empezar la jornada. Me despierto presa de la angustia. No tengo fuerzas para nada. Basta ya de esas obligaciones horarias, de ese ruido, de esos enfrentamientos, de esos gestos cien veces reiterados. Ni siquiera quiero ver a mis hijos. No quiero dar nada: ni tiempo, ni palabras. Quiero estar sola, en silencio\u2026\u00bb<br \/>\nEsta obra constituye un relato emocionante, el valiente testimonio de una madre. <span class=\"destacat\">St\u00e9phanie Allenou<\/span> nos confiesa sin tab\u00fas sus sensaciones de aislamiento, de duda y de miedo, as\u00ed como los momentos de p\u00e9rdida de control y de violencia com\u00fan que han formado parte de la vida diaria con sus hijos. Nos revela su desconcierto ante esta parte extra\u00f1a de s\u00ed misma, denunciando a nuestra sociedad, que idolatra la maternidad dejando a la madre en el olvido. Pero su discurso es tambi\u00e9n un testimonio de optimismo que quiere prevenir la plaga del \u00ab<em>burn out<\/em> maternal\u00bb. Sugiere soluciones para acompa\u00f1ar a las madres agotadas y animarlas a que se atrevan a expresar sus dificultades.<\/p>\n","protected":false},"featured_media":16554,"comment_status":"open","ping_status":"closed","template":"","meta":{"_et_pb_use_builder":"","_et_pb_old_content":"","_et_gb_content_width":""},"product_cat":[1505,1512,6675,9825],"product_tag":[2602],"edicion":[1083],"editoriales":[1160],"tienda":[],"autor_id":[5015],"universidades_coeditoras":[],"palabras_clave":[],"listado_alfabetico":[],"acf":[],"_links":{"self":[{"href":"https:\/\/wizardly-davinci.82-223-8-23.plesk.page\/en\/wp-json\/wp\/v2\/product\/16553"}],"collection":[{"href":"https:\/\/wizardly-davinci.82-223-8-23.plesk.page\/en\/wp-json\/wp\/v2\/product"}],"about":[{"href":"https:\/\/wizardly-davinci.82-223-8-23.plesk.page\/en\/wp-json\/wp\/v2\/types\/product"}],"replies":[{"embeddable":true,"href":"https:\/\/wizardly-davinci.82-223-8-23.plesk.page\/en\/wp-json\/wp\/v2\/comments?post=16553"}],"wp:featuredmedia":[{"embeddable":true,"href":"https:\/\/wizardly-davinci.82-223-8-23.plesk.page\/en\/wp-json\/wp\/v2\/media\/16554"}],"wp:attachment":[{"href":"https:\/\/wizardly-davinci.82-223-8-23.plesk.page\/en\/wp-json\/wp\/v2\/media?parent=16553"}],"wp:term":[{"taxonomy":"product_cat","embeddable":true,"href":"https:\/\/wizardly-davinci.82-223-8-23.plesk.page\/en\/wp-json\/wp\/v2\/product_cat?post=16553"},{"taxonomy":"product_tag","embeddable":true,"href":"https:\/\/wizardly-davinci.82-223-8-23.plesk.page\/en\/wp-json\/wp\/v2\/product_tag?post=16553"},{"taxonomy":"edicion","embeddable":true,"href":"https:\/\/wizardly-davinci.82-223-8-23.plesk.page\/en\/wp-json\/wp\/v2\/edicion?post=16553"},{"taxonomy":"editoriales","embeddable":true,"href":"https:\/\/wizardly-davinci.82-223-8-23.plesk.page\/en\/wp-json\/wp\/v2\/editoriales?post=16553"},{"taxonomy":"tienda","embeddable":true,"href":"https:\/\/wizardly-davinci.82-223-8-23.plesk.page\/en\/wp-json\/wp\/v2\/tienda?post=16553"},{"taxonomy":"autor_id","embeddable":true,"href":"https:\/\/wizardly-davinci.82-223-8-23.plesk.page\/en\/wp-json\/wp\/v2\/autor_id?post=16553"},{"taxonomy":"universidades_coeditoras","embeddable":true,"href":"https:\/\/wizardly-davinci.82-223-8-23.plesk.page\/en\/wp-json\/wp\/v2\/universidades_coeditoras?post=16553"},{"taxonomy":"palabras_clave","embeddable":true,"href":"https:\/\/wizardly-davinci.82-223-8-23.plesk.page\/en\/wp-json\/wp\/v2\/palabras_clave?post=16553"},{"taxonomy":"listado_alfabetico","embeddable":true,"href":"https:\/\/wizardly-davinci.82-223-8-23.plesk.page\/en\/wp-json\/wp\/v2\/listado_alfabetico?post=16553"}],"curies":[{"name":"wp","href":"https:\/\/api.w.org\/{rel}","templated":true}]}}