{"id":16555,"date":"2019-04-09T22:04:19","date_gmt":"2019-04-09T22:04:19","guid":{"rendered":"https:\/\/octaedro.com\/producto\/tomar-el-control-del-tdah-en-la-edad-adulta\/"},"modified":"2023-04-20T10:04:43","modified_gmt":"2023-04-20T08:04:43","slug":"tomar-el-control-del-tdah-en-la-edad-adulta","status":"publish","type":"product","link":"https:\/\/wizardly-davinci.82-223-8-23.plesk.page\/en\/producto\/tomar-el-control-del-tdah-en-la-edad-adulta\/","title":{"rendered":"Tomar el control del TDAH en la edad ADULTA"},"content":{"rendered":"<p>Si formas parte de los millones de adultos con TDAH \u2013o piensas que podr\u00edas pertenecer a este grupo\u2013, necesitas la \u00faltima informaci\u00f3n cient\u00edfica sobre el trastorno y su tratamiento. Necesitas estrategias pr\u00e1cticas que te ayuden a concentrarte, prestar atenci\u00f3n, organizarte y ganar control sobre tus emociones y acciones. Y necesitas caminos efectivos para desarrollar tus habilidades y lograr tus metas tanto en el trabajo como en las relaciones familiares o las actividades personales. Este libro, del famoso investigador y m\u00e9dico cl\u00ednico especializado en el TDAH <span class=\"destacat\">Russell A. Barkley<\/span>, es el adecuado para ti. Compartiendo historias reales de otros que luchan con el trastorno, el Dr. Barkley describe t\u00e9cnicas f\u00e1ciles de aprender que puedes utilizar cada d\u00eda para manejar tus s\u00edntomas y desarrollar destrezas con las que salir adelante. Tambi\u00e9n ofrece respuestas claras a las preguntas frecuentes sobre medicaci\u00f3n y otros tratamientos. En definitiva, es un recurso acreditado \u00fanico para ayudarte a recuperar tu vida.<\/p>\n<p>\u00abLos consejos del Dr. Barkley representan una notable comuni\u00f3n entre ciencia y pr\u00e1ctica. Este libro da esperanza a los adultos con TDAH y a sus familias.\u00bb<br \/>\nDoctor Michael Gordon, director del Programa de TDAH del Departamento de Psiquiatr\u00eda de la Facultad de Medicina de la Universidad de Nueva York.<\/p>\n<p>\u00abSi es adulto y padece TDAH, el Dr. Barkley puede ayudarle a dar sentido a sus continuas dificultades y a desarrollar un plan para superarlas.\u00bb<br \/>\nDoctor J. Russell Ramsay, codirector del Programa de Investigaci\u00f3n y Tratamiento del TDAH en Adultos de la Universidad de Pensilvania.<\/p>\n","protected":false},"excerpt":{"rendered":"<p>Si formas parte de los millones de adultos con TDAH \u2013o piensas que podr\u00edas pertenecer a este grupo\u2013, necesitas la \u00faltima informaci\u00f3n cient\u00edfica sobre el trastorno y su tratamiento. Necesitas estrategias pr\u00e1cticas que te ayuden a concentrarte, prestar atenci\u00f3n, organizarte y ganar control sobre tus emociones y acciones. Y necesitas caminos efectivos para desarrollar tus habilidades y lograr tus metas tanto en el trabajo como en las relaciones familiares o las actividades personales. Este libro, del famoso investigador y m\u00e9dico cl\u00ednico especializado en el TDAH <span class=\"destacat\">Russell A. Barkley<\/span>, es el adecuado para ti. Compartiendo historias reales de otros que luchan con el trastorno, el Dr. Barkley describe t\u00e9cnicas f\u00e1ciles de aprender que puedes utilizar cada d\u00eda para manejar tus s\u00edntomas y desarrollar destrezas con las que salir adelante. Tambi\u00e9n ofrece respuestas claras a las preguntas frecuentes sobre medicaci\u00f3n y otros tratamientos. En definitiva, es un recurso acreditado \u00fanico para ayudarte a recuperar tu vida.<\/p>\n<p>\u00abLos consejos del Dr. Barkley representan una notable comuni\u00f3n entre ciencia y pr\u00e1ctica. Este libro da esperanza a los adultos con TDAH y a sus familias.\u00bb<br \/>\nDoctor Michael Gordon, director del Programa de TDAH del Departamento de Psiquiatr\u00eda de la Facultad de Medicina de la Universidad de Nueva York.<\/p>\n<p>\u00abSi es adulto y padece TDAH, el Dr. Barkley puede ayudarle a dar sentido a sus continuas dificultades y a desarrollar un plan para superarlas.\u00bb<br \/>\nDoctor J. Russell Ramsay, codirector del Programa de Investigaci\u00f3n y Tratamiento del TDAH en Adultos de la Universidad de Pensilvania.<\/p>\n","protected":false},"featured_media":16556,"comment_status":"open","ping_status":"closed","template":"","meta":{"_et_pb_use_builder":"","_et_pb_old_content":"","_et_gb_content_width":""},"product_cat":[1505,10349,2606,1512,6675,6673,9825],"product_tag":[2604],"edicion":[1084,1083],"editoriales":[1160],"tienda":[],"autor_id":[5112],"universidades_coeditoras":[],"palabras_clave":[],"listado_alfabetico":[],"acf":[],"_links":{"self":[{"href":"https:\/\/wizardly-davinci.82-223-8-23.plesk.page\/en\/wp-json\/wp\/v2\/product\/16555"}],"collection":[{"href":"https:\/\/wizardly-davinci.82-223-8-23.plesk.page\/en\/wp-json\/wp\/v2\/product"}],"about":[{"href":"https:\/\/wizardly-davinci.82-223-8-23.plesk.page\/en\/wp-json\/wp\/v2\/types\/product"}],"replies":[{"embeddable":true,"href":"https:\/\/wizardly-davinci.82-223-8-23.plesk.page\/en\/wp-json\/wp\/v2\/comments?post=16555"}],"wp:featuredmedia":[{"embeddable":true,"href":"https:\/\/wizardly-davinci.82-223-8-23.plesk.page\/en\/wp-json\/wp\/v2\/media\/16556"}],"wp:attachment":[{"href":"https:\/\/wizardly-davinci.82-223-8-23.plesk.page\/en\/wp-json\/wp\/v2\/media?parent=16555"}],"wp:term":[{"taxonomy":"product_cat","embeddable":true,"href":"https:\/\/wizardly-davinci.82-223-8-23.plesk.page\/en\/wp-json\/wp\/v2\/product_cat?post=16555"},{"taxonomy":"product_tag","embeddable":true,"href":"https:\/\/wizardly-davinci.82-223-8-23.plesk.page\/en\/wp-json\/wp\/v2\/product_tag?post=16555"},{"taxonomy":"edicion","embeddable":true,"href":"https:\/\/wizardly-davinci.82-223-8-23.plesk.page\/en\/wp-json\/wp\/v2\/edicion?post=16555"},{"taxonomy":"editoriales","embeddable":true,"href":"https:\/\/wizardly-davinci.82-223-8-23.plesk.page\/en\/wp-json\/wp\/v2\/editoriales?post=16555"},{"taxonomy":"tienda","embeddable":true,"href":"https:\/\/wizardly-davinci.82-223-8-23.plesk.page\/en\/wp-json\/wp\/v2\/tienda?post=16555"},{"taxonomy":"autor_id","embeddable":true,"href":"https:\/\/wizardly-davinci.82-223-8-23.plesk.page\/en\/wp-json\/wp\/v2\/autor_id?post=16555"},{"taxonomy":"universidades_coeditoras","embeddable":true,"href":"https:\/\/wizardly-davinci.82-223-8-23.plesk.page\/en\/wp-json\/wp\/v2\/universidades_coeditoras?post=16555"},{"taxonomy":"palabras_clave","embeddable":true,"href":"https:\/\/wizardly-davinci.82-223-8-23.plesk.page\/en\/wp-json\/wp\/v2\/palabras_clave?post=16555"},{"taxonomy":"listado_alfabetico","embeddable":true,"href":"https:\/\/wizardly-davinci.82-223-8-23.plesk.page\/en\/wp-json\/wp\/v2\/listado_alfabetico?post=16555"}],"curies":[{"name":"wp","href":"https:\/\/api.w.org\/{rel}","templated":true}]}}