{"id":16557,"date":"2019-04-09T22:04:19","date_gmt":"2019-04-09T22:04:19","guid":{"rendered":"https:\/\/octaedro.com\/producto\/vivir-con-el-autismo\/"},"modified":"2023-04-20T10:04:50","modified_gmt":"2023-04-20T08:04:50","slug":"vivir-con-el-autismo","status":"publish","type":"product","link":"https:\/\/wizardly-davinci.82-223-8-23.plesk.page\/en\/producto\/vivir-con-el-autismo\/","title":{"rendered":"Vivir con el autismo, una experiencia relacional"},"content":{"rendered":"<p>Los trastornos del espectro autista se detectan, diagnostican y tratan en Espa\u00f1a muy tard\u00edamente (entre los 4 y 5 a\u00f1os). Este hecho tiene graves consecuencias para el ni\u00f1o y su familia, ya que a partir de los tres a\u00f1os, que es cuando el trastorno se interioriza y empieza a formar parte de su personalidad, los tratamientos son m\u00e1s costosos, m\u00e1s intensivos y menos satisfactorios. Sin embargo, sabemos hoy d\u00eda que la detecci\u00f3n, el diagn\u00f3stico y el tratamiento del funcionamiento autista es posible en el primer a\u00f1o de vida del ni\u00f1o, lo que impide que se instale permanentemente en su psiquismo temprano. Para ello, habr\u00eda que centrarse en el estudio de las alteraciones precoces de la interacci\u00f3n cuidador-beb\u00e9 que dificultan o impiden el acceso de este \u00faltimo a la intersubjetividad, que es la capacidad de compartir la experiencia vivida con el otro, percibido como separado y diferente.<br \/>\nEl autor adopta una perspectiva relacional para comprender el desarrollo humano y su psicopatolog\u00eda, reforzada por los recientes avances de las neurociencias, que muestran c\u00f3mo lo ambiental y relacional contribuye al desarrollo psiquicocerebral, modificando y regulando los procesos geneticobiol\u00f3gicos del ser humano, abri\u00e9ndonos un camino esperanzador hacia una comprensi\u00f3n integradora del autismo.<br \/>\nLa lectura del libro ser\u00e1 de gran utilidad para profesionales del \u00e1mbito sanitario, sociosanitario y educativo, as\u00ed como para los padres y familiares de las personas afectadas por autismo.<\/p>\n","protected":false},"excerpt":{"rendered":"<p>Los trastornos del espectro autista se detectan, diagnostican y tratan en Espa\u00f1a muy tard\u00edamente (entre los 4 y 5 a\u00f1os). Este hecho tiene graves consecuencias para el ni\u00f1o y su familia, ya que a partir de los tres a\u00f1os, que es cuando el trastorno se interioriza y empieza a formar parte de su personalidad, los tratamientos son m\u00e1s costosos, m\u00e1s intensivos y menos satisfactorios. Sin embargo, sabemos hoy d\u00eda que la detecci\u00f3n, el diagn\u00f3stico y el tratamiento del funcionamiento autista es posible en el primer a\u00f1o de vida del ni\u00f1o, lo que impide que se instale permanentemente en su psiquismo temprano. Para ello, habr\u00eda que centrarse en el estudio de las alteraciones precoces de la interacci\u00f3n cuidador-beb\u00e9 que dificultan o impiden el acceso de este \u00faltimo a la intersubjetividad, que es la capacidad de compartir la experiencia vivida con el otro, percibido como separado y diferente.<br \/>\nEl autor adopta una perspectiva relacional para comprender el desarrollo humano y su psicopatolog\u00eda, reforzada por los recientes avances de las neurociencias, que muestran c\u00f3mo lo ambiental y relacional contribuye al desarrollo psiquicocerebral, modificando y regulando los procesos geneticobiol\u00f3gicos del ser humano, abri\u00e9ndonos un camino esperanzador hacia una comprensi\u00f3n integradora del autismo.<br \/>\nLa lectura del libro ser\u00e1 de gran utilidad para profesionales del \u00e1mbito sanitario, sociosanitario y educativo, as\u00ed como para los padres y familiares de las personas afectadas por autismo.<\/p>\n","protected":false},"featured_media":16558,"comment_status":"open","ping_status":"closed","template":"","meta":{"_et_pb_use_builder":"","_et_pb_old_content":"","_et_gb_content_width":""},"product_cat":[1505,10349,2606,1512,6675,6673,7112,9825],"product_tag":[2604],"edicion":[1084,1083],"editoriales":[1160],"tienda":[],"autor_id":[5791],"universidades_coeditoras":[],"palabras_clave":[],"listado_alfabetico":[],"acf":[],"_links":{"self":[{"href":"https:\/\/wizardly-davinci.82-223-8-23.plesk.page\/en\/wp-json\/wp\/v2\/product\/16557"}],"collection":[{"href":"https:\/\/wizardly-davinci.82-223-8-23.plesk.page\/en\/wp-json\/wp\/v2\/product"}],"about":[{"href":"https:\/\/wizardly-davinci.82-223-8-23.plesk.page\/en\/wp-json\/wp\/v2\/types\/product"}],"replies":[{"embeddable":true,"href":"https:\/\/wizardly-davinci.82-223-8-23.plesk.page\/en\/wp-json\/wp\/v2\/comments?post=16557"}],"wp:featuredmedia":[{"embeddable":true,"href":"https:\/\/wizardly-davinci.82-223-8-23.plesk.page\/en\/wp-json\/wp\/v2\/media\/16558"}],"wp:attachment":[{"href":"https:\/\/wizardly-davinci.82-223-8-23.plesk.page\/en\/wp-json\/wp\/v2\/media?parent=16557"}],"wp:term":[{"taxonomy":"product_cat","embeddable":true,"href":"https:\/\/wizardly-davinci.82-223-8-23.plesk.page\/en\/wp-json\/wp\/v2\/product_cat?post=16557"},{"taxonomy":"product_tag","embeddable":true,"href":"https:\/\/wizardly-davinci.82-223-8-23.plesk.page\/en\/wp-json\/wp\/v2\/product_tag?post=16557"},{"taxonomy":"edicion","embeddable":true,"href":"https:\/\/wizardly-davinci.82-223-8-23.plesk.page\/en\/wp-json\/wp\/v2\/edicion?post=16557"},{"taxonomy":"editoriales","embeddable":true,"href":"https:\/\/wizardly-davinci.82-223-8-23.plesk.page\/en\/wp-json\/wp\/v2\/editoriales?post=16557"},{"taxonomy":"tienda","embeddable":true,"href":"https:\/\/wizardly-davinci.82-223-8-23.plesk.page\/en\/wp-json\/wp\/v2\/tienda?post=16557"},{"taxonomy":"autor_id","embeddable":true,"href":"https:\/\/wizardly-davinci.82-223-8-23.plesk.page\/en\/wp-json\/wp\/v2\/autor_id?post=16557"},{"taxonomy":"universidades_coeditoras","embeddable":true,"href":"https:\/\/wizardly-davinci.82-223-8-23.plesk.page\/en\/wp-json\/wp\/v2\/universidades_coeditoras?post=16557"},{"taxonomy":"palabras_clave","embeddable":true,"href":"https:\/\/wizardly-davinci.82-223-8-23.plesk.page\/en\/wp-json\/wp\/v2\/palabras_clave?post=16557"},{"taxonomy":"listado_alfabetico","embeddable":true,"href":"https:\/\/wizardly-davinci.82-223-8-23.plesk.page\/en\/wp-json\/wp\/v2\/listado_alfabetico?post=16557"}],"curies":[{"name":"wp","href":"https:\/\/api.w.org\/{rel}","templated":true}]}}