{"id":16563,"date":"2019-04-09T22:04:20","date_gmt":"2019-04-09T22:04:20","guid":{"rendered":"https:\/\/octaedro.com\/producto\/perdidas-y-duelos\/"},"modified":"2023-04-20T10:05:10","modified_gmt":"2023-04-20T08:05:10","slug":"perdidas-y-duelos","status":"publish","type":"product","link":"https:\/\/wizardly-davinci.82-223-8-23.plesk.page\/en\/producto\/perdidas-y-duelos\/","title":{"rendered":"P\u00e9rdidas y duelos"},"content":{"rendered":"<p>Perder no nos gusta. Nada de nada. Nos cuesta mucho admitir que tendremos que aceptar p\u00e9rdidas y duelos a lo largo de la vida.<br \/>\nSin embargo, es necesario reconocer que las p\u00e9rdidas forman parte de nuestra existencia y que la educaci\u00f3n de peque\u00f1os y mayores tiene como uno de sus primeros objetivos aprender a transformar las p\u00e9rdidas inevitables en algo valioso y en fuente de valores \u00e9ticos.<br \/>\nDicen que compartir los sentimientos nos aleja del dolor, pero es muy dif\u00edcil hacerlo cuando estos son tristes o dolorosos. Y cuando las p\u00e9rdidas nos abruman, podemos negarlas, esconderlas; nos podemos enfadar, rebelar&#8230; o podemos aceptarlas. Hemos de intentar que nuestros procesos de duelo sean saludables.<br \/>\nLa ausencia de un ser querido es la p\u00e9rdida m\u00e1s dif\u00edcil de aceptar. Y tambi\u00e9n habr\u00e1 otras que nos \u00abesperen\u00bb en el horizonte de nuestra existencia.<br \/>\nLa autora nos plantea algunas preguntas clave acerca de la variedad de p\u00e9rdidas y duelos que aparecen en nuestra vida. Las respuestas no ser\u00e1n nunca un\u00edvocas. La experiencia humana de perder (y de ganar) es personal, \u00fanica e irrepetible.<\/p>\n","protected":false},"excerpt":{"rendered":"<p>Perder no nos gusta. Nada de nada. Nos cuesta mucho admitir que tendremos que aceptar p\u00e9rdidas y duelos a lo largo de la vida.<br \/>\nSin embargo, es necesario reconocer que las p\u00e9rdidas forman parte de nuestra existencia y que la educaci\u00f3n de peque\u00f1os y mayores tiene como uno de sus primeros objetivos aprender a transformar las p\u00e9rdidas inevitables en algo valioso y en fuente de valores \u00e9ticos.<br \/>\nDicen que compartir los sentimientos nos aleja del dolor, pero es muy dif\u00edcil hacerlo cuando estos son tristes o dolorosos. Y cuando las p\u00e9rdidas nos abruman, podemos negarlas, esconderlas; nos podemos enfadar, rebelar&#8230; o podemos aceptarlas. Hemos de intentar que nuestros procesos de duelo sean saludables.<br \/>\nLa ausencia de un ser querido es la p\u00e9rdida m\u00e1s dif\u00edcil de aceptar. Y tambi\u00e9n habr\u00e1 otras que nos \u00abesperen\u00bb en el horizonte de nuestra existencia.<br \/>\nLa autora nos plantea algunas preguntas clave acerca de la variedad de p\u00e9rdidas y duelos que aparecen en nuestra vida. Las respuestas no ser\u00e1n nunca un\u00edvocas. La experiencia humana de perder (y de ganar) es personal, \u00fanica e irrepetible.<\/p>\n","protected":false},"featured_media":16564,"comment_status":"open","ping_status":"closed","template":"","meta":{"_et_pb_use_builder":"","_et_pb_old_content":"","_et_gb_content_width":""},"product_cat":[1505,2606,1512,6675,6673,9825],"product_tag":[2604],"edicion":[1084,1083],"editoriales":[1160],"tienda":[],"autor_id":[6164],"universidades_coeditoras":[],"palabras_clave":[],"listado_alfabetico":[],"acf":[],"_links":{"self":[{"href":"https:\/\/wizardly-davinci.82-223-8-23.plesk.page\/en\/wp-json\/wp\/v2\/product\/16563"}],"collection":[{"href":"https:\/\/wizardly-davinci.82-223-8-23.plesk.page\/en\/wp-json\/wp\/v2\/product"}],"about":[{"href":"https:\/\/wizardly-davinci.82-223-8-23.plesk.page\/en\/wp-json\/wp\/v2\/types\/product"}],"replies":[{"embeddable":true,"href":"https:\/\/wizardly-davinci.82-223-8-23.plesk.page\/en\/wp-json\/wp\/v2\/comments?post=16563"}],"wp:featuredmedia":[{"embeddable":true,"href":"https:\/\/wizardly-davinci.82-223-8-23.plesk.page\/en\/wp-json\/wp\/v2\/media\/16564"}],"wp:attachment":[{"href":"https:\/\/wizardly-davinci.82-223-8-23.plesk.page\/en\/wp-json\/wp\/v2\/media?parent=16563"}],"wp:term":[{"taxonomy":"product_cat","embeddable":true,"href":"https:\/\/wizardly-davinci.82-223-8-23.plesk.page\/en\/wp-json\/wp\/v2\/product_cat?post=16563"},{"taxonomy":"product_tag","embeddable":true,"href":"https:\/\/wizardly-davinci.82-223-8-23.plesk.page\/en\/wp-json\/wp\/v2\/product_tag?post=16563"},{"taxonomy":"edicion","embeddable":true,"href":"https:\/\/wizardly-davinci.82-223-8-23.plesk.page\/en\/wp-json\/wp\/v2\/edicion?post=16563"},{"taxonomy":"editoriales","embeddable":true,"href":"https:\/\/wizardly-davinci.82-223-8-23.plesk.page\/en\/wp-json\/wp\/v2\/editoriales?post=16563"},{"taxonomy":"tienda","embeddable":true,"href":"https:\/\/wizardly-davinci.82-223-8-23.plesk.page\/en\/wp-json\/wp\/v2\/tienda?post=16563"},{"taxonomy":"autor_id","embeddable":true,"href":"https:\/\/wizardly-davinci.82-223-8-23.plesk.page\/en\/wp-json\/wp\/v2\/autor_id?post=16563"},{"taxonomy":"universidades_coeditoras","embeddable":true,"href":"https:\/\/wizardly-davinci.82-223-8-23.plesk.page\/en\/wp-json\/wp\/v2\/universidades_coeditoras?post=16563"},{"taxonomy":"palabras_clave","embeddable":true,"href":"https:\/\/wizardly-davinci.82-223-8-23.plesk.page\/en\/wp-json\/wp\/v2\/palabras_clave?post=16563"},{"taxonomy":"listado_alfabetico","embeddable":true,"href":"https:\/\/wizardly-davinci.82-223-8-23.plesk.page\/en\/wp-json\/wp\/v2\/listado_alfabetico?post=16563"}],"curies":[{"name":"wp","href":"https:\/\/api.w.org\/{rel}","templated":true}]}}