{"id":16570,"date":"2019-04-09T22:10:06","date_gmt":"2019-04-09T22:10:06","guid":{"rendered":"https:\/\/octaedro.com\/producto\/filoterapia\/"},"modified":"2023-04-20T10:22:06","modified_gmt":"2023-04-20T08:22:06","slug":"filoterapia","status":"publish","type":"product","link":"https:\/\/wizardly-davinci.82-223-8-23.plesk.page\/en\/producto\/filoterapia\/","title":{"rendered":"Filoterapia"},"content":{"rendered":"<p>\u00a1M\u00e1s filo, y menos psico!<br \/>\nCuando S\u00f3crates interrogaba a sus interlocutores sobre la naturaleza del amor, empleaba un m\u00e9todo que su madre, comadrona, utilizaba para asistir a los partos, la may\u00e9utica. La filosof\u00eda, mediante la consulta, se reconcilia con esos primeros momentos: ayuda a dar a luz ideas suscitando el cuestionamiento.<br \/>\nEn esta obra, la filosof\u00eda, m\u00e1s pragm\u00e1tica que nunca, ya que se basa en problemas concretos, presenta una alternativa al discurso psicol\u00f3gico, ofreci\u00e9ndonos la posibilidad de mirar con distancia nuestra propia existencia y darle un nuevo sentido.<br \/>\nBas\u00e1ndose en consultas filos\u00f3ficas llevadas a cabo durante varios a\u00f1os, el autor relata y cuestiona los males de nuestra vida cotidiana \u2013la vida amorosa, la imagen de uno mismo, la importancia del trabajo, las relaciones familiares, la relaci\u00f3n con la muerte\u2026\u2013 y las sit\u00faa en otra perspectiva mediante el di\u00e1logo filos\u00f3fico. Al hacer accesible a todos el pensamiento de algunos grandes fil\u00f3sofos de ayer y de hoy, brotan pistas de reflexi\u00f3n, pero tambi\u00e9n herramientas existenciales para liberarnos de nuestros miedos y ayudarnos a vivir mejor.<\/p>\n<p><em>Vana es la palabra de aquel fil\u00f3sofo que no remedia ning\u00fan dolencia humana.\u00bb<\/em><br \/>\nEPICURO<\/p>\n","protected":false},"excerpt":{"rendered":"<p>\u00a1M\u00e1s filo, y menos psico!<br \/>\nCuando S\u00f3crates interrogaba a sus interlocutores sobre la naturaleza del amor, empleaba un m\u00e9todo que su madre, comadrona, utilizaba para asistir a los partos, la may\u00e9utica. La filosof\u00eda, mediante la consulta, se reconcilia con esos primeros momentos: ayuda a dar a luz ideas suscitando el cuestionamiento.<br \/>\nEn esta obra, la filosof\u00eda, m\u00e1s pragm\u00e1tica que nunca, ya que se basa en problemas concretos, presenta una alternativa al discurso psicol\u00f3gico, ofreci\u00e9ndonos la posibilidad de mirar con distancia nuestra propia existencia y darle un nuevo sentido.<br \/>\nBas\u00e1ndose en consultas filos\u00f3ficas llevadas a cabo durante varios a\u00f1os, el autor relata y cuestiona los males de nuestra vida cotidiana \u2013la vida amorosa, la imagen de uno mismo, la importancia del trabajo, las relaciones familiares, la relaci\u00f3n con la muerte\u2026\u2013 y las sit\u00faa en otra perspectiva mediante el di\u00e1logo filos\u00f3fico. Al hacer accesible a todos el pensamiento de algunos grandes fil\u00f3sofos de ayer y de hoy, brotan pistas de reflexi\u00f3n, pero tambi\u00e9n herramientas existenciales para liberarnos de nuestros miedos y ayudarnos a vivir mejor.<\/p>\n<p><em>Vana es la palabra de aquel fil\u00f3sofo que no remedia ning\u00fan dolencia humana.\u00bb<\/em><br \/>\nEPICURO<\/p>\n","protected":false},"featured_media":16571,"comment_status":"open","ping_status":"closed","template":"","meta":{"_et_pb_use_builder":"","_et_pb_old_content":"","_et_gb_content_width":""},"product_cat":[1505,1512,6675,9825],"product_tag":[2602],"edicion":[1083],"editoriales":[1160],"tienda":[],"autor_id":[6452],"universidades_coeditoras":[],"palabras_clave":[],"listado_alfabetico":[],"acf":[],"_links":{"self":[{"href":"https:\/\/wizardly-davinci.82-223-8-23.plesk.page\/en\/wp-json\/wp\/v2\/product\/16570"}],"collection":[{"href":"https:\/\/wizardly-davinci.82-223-8-23.plesk.page\/en\/wp-json\/wp\/v2\/product"}],"about":[{"href":"https:\/\/wizardly-davinci.82-223-8-23.plesk.page\/en\/wp-json\/wp\/v2\/types\/product"}],"replies":[{"embeddable":true,"href":"https:\/\/wizardly-davinci.82-223-8-23.plesk.page\/en\/wp-json\/wp\/v2\/comments?post=16570"}],"wp:featuredmedia":[{"embeddable":true,"href":"https:\/\/wizardly-davinci.82-223-8-23.plesk.page\/en\/wp-json\/wp\/v2\/media\/16571"}],"wp:attachment":[{"href":"https:\/\/wizardly-davinci.82-223-8-23.plesk.page\/en\/wp-json\/wp\/v2\/media?parent=16570"}],"wp:term":[{"taxonomy":"product_cat","embeddable":true,"href":"https:\/\/wizardly-davinci.82-223-8-23.plesk.page\/en\/wp-json\/wp\/v2\/product_cat?post=16570"},{"taxonomy":"product_tag","embeddable":true,"href":"https:\/\/wizardly-davinci.82-223-8-23.plesk.page\/en\/wp-json\/wp\/v2\/product_tag?post=16570"},{"taxonomy":"edicion","embeddable":true,"href":"https:\/\/wizardly-davinci.82-223-8-23.plesk.page\/en\/wp-json\/wp\/v2\/edicion?post=16570"},{"taxonomy":"editoriales","embeddable":true,"href":"https:\/\/wizardly-davinci.82-223-8-23.plesk.page\/en\/wp-json\/wp\/v2\/editoriales?post=16570"},{"taxonomy":"tienda","embeddable":true,"href":"https:\/\/wizardly-davinci.82-223-8-23.plesk.page\/en\/wp-json\/wp\/v2\/tienda?post=16570"},{"taxonomy":"autor_id","embeddable":true,"href":"https:\/\/wizardly-davinci.82-223-8-23.plesk.page\/en\/wp-json\/wp\/v2\/autor_id?post=16570"},{"taxonomy":"universidades_coeditoras","embeddable":true,"href":"https:\/\/wizardly-davinci.82-223-8-23.plesk.page\/en\/wp-json\/wp\/v2\/universidades_coeditoras?post=16570"},{"taxonomy":"palabras_clave","embeddable":true,"href":"https:\/\/wizardly-davinci.82-223-8-23.plesk.page\/en\/wp-json\/wp\/v2\/palabras_clave?post=16570"},{"taxonomy":"listado_alfabetico","embeddable":true,"href":"https:\/\/wizardly-davinci.82-223-8-23.plesk.page\/en\/wp-json\/wp\/v2\/listado_alfabetico?post=16570"}],"curies":[{"name":"wp","href":"https:\/\/api.w.org\/{rel}","templated":true}]}}