{"id":16572,"date":"2019-04-09T22:10:06","date_gmt":"2019-04-09T22:10:06","guid":{"rendered":"https:\/\/octaedro.com\/producto\/educacion-y-vida\/"},"modified":"2023-04-20T10:22:13","modified_gmt":"2023-04-20T08:22:13","slug":"educacion-y-vida","status":"publish","type":"product","link":"https:\/\/wizardly-davinci.82-223-8-23.plesk.page\/en\/producto\/educacion-y-vida\/","title":{"rendered":"Educaci\u00f3n y vida"},"content":{"rendered":"<p>Una educaci\u00f3n que se desentiende de formar para la <em>vida<\/em> y el <em>vivir humano<\/em>, que se centra, sobre todo, en la transmisi\u00f3n de contenidos orientados al ejercicio profesional, dif\u00edcilmente va a poder contribuir a solventar los graves problemas que afectan a nuestra sociedad.<br \/>\nDesprovista de toda narrativa, sin presentar a los j\u00f3venes los escenarios del vivir y sin proveerles de los conocimientos necesarios para comprender el alcance y los l\u00edmites de nuestras facultades mentales, esa educaci\u00f3n \u00abprofesionalizadora\u00bb deja pr\u00e1cticamente en manos del caos existencial el futuro de las personas y de las sociedades. Porque tomar conciencia del contexto social en que se vive y de lo que significa \u00abpensar\u00bb, \u00absentir\u00bb o \u00abcomunicar\u00bb, en definitiva, autoconocerse, es, como ya significara J.\u2009J. Rousseau en <em>El Emilio<\/em>, esencial para la formaci\u00f3n de las personas y el desarrollo de su autonom\u00eda responsable. Esta es la educaci\u00f3n olvidada a la que aqu\u00ed nos referimos y que consideramos indispensable para afrontar las exigencias de nuestro mundo y los males que le aquejan. A cuantos se interesen por remediarlos y, muy especialmente, a quienes lo pretendan desde el mundo de la educaci\u00f3n, conf\u00edo en que pueda serles \u00fatil la lectura de este libro.<\/p>\n","protected":false},"excerpt":{"rendered":"<p>Una educaci\u00f3n que se desentiende de formar para la <em>vida<\/em> y el <em>vivir humano<\/em>, que se centra, sobre todo, en la transmisi\u00f3n de contenidos orientados al ejercicio profesional, dif\u00edcilmente va a poder contribuir a solventar los graves problemas que afectan a nuestra sociedad.<br \/>\nDesprovista de toda narrativa, sin presentar a los j\u00f3venes los escenarios del vivir y sin proveerles de los conocimientos necesarios para comprender el alcance y los l\u00edmites de nuestras facultades mentales, esa educaci\u00f3n \u00abprofesionalizadora\u00bb deja pr\u00e1cticamente en manos del caos existencial el futuro de las personas y de las sociedades. Porque tomar conciencia del contexto social en que se vive y de lo que significa \u00abpensar\u00bb, \u00absentir\u00bb o \u00abcomunicar\u00bb, en definitiva, autoconocerse, es, como ya significara J.\u2009J. Rousseau en <em>El Emilio<\/em>, esencial para la formaci\u00f3n de las personas y el desarrollo de su autonom\u00eda responsable. Esta es la educaci\u00f3n olvidada a la que aqu\u00ed nos referimos y que consideramos indispensable para afrontar las exigencias de nuestro mundo y los males que le aquejan. A cuantos se interesen por remediarlos y, muy especialmente, a quienes lo pretendan desde el mundo de la educaci\u00f3n, conf\u00edo en que pueda serles \u00fatil la lectura de este libro.<\/p>\n","protected":false},"featured_media":16573,"comment_status":"open","ping_status":"closed","template":"","meta":{"_et_pb_use_builder":"","_et_pb_old_content":"","_et_gb_content_width":""},"product_cat":[1505,1512,6675],"product_tag":[2602],"edicion":[],"editoriales":[1160],"tienda":[],"autor_id":[],"universidades_coeditoras":[],"palabras_clave":[],"listado_alfabetico":[],"acf":[],"_links":{"self":[{"href":"https:\/\/wizardly-davinci.82-223-8-23.plesk.page\/en\/wp-json\/wp\/v2\/product\/16572"}],"collection":[{"href":"https:\/\/wizardly-davinci.82-223-8-23.plesk.page\/en\/wp-json\/wp\/v2\/product"}],"about":[{"href":"https:\/\/wizardly-davinci.82-223-8-23.plesk.page\/en\/wp-json\/wp\/v2\/types\/product"}],"replies":[{"embeddable":true,"href":"https:\/\/wizardly-davinci.82-223-8-23.plesk.page\/en\/wp-json\/wp\/v2\/comments?post=16572"}],"wp:featuredmedia":[{"embeddable":true,"href":"https:\/\/wizardly-davinci.82-223-8-23.plesk.page\/en\/wp-json\/wp\/v2\/media\/16573"}],"wp:attachment":[{"href":"https:\/\/wizardly-davinci.82-223-8-23.plesk.page\/en\/wp-json\/wp\/v2\/media?parent=16572"}],"wp:term":[{"taxonomy":"product_cat","embeddable":true,"href":"https:\/\/wizardly-davinci.82-223-8-23.plesk.page\/en\/wp-json\/wp\/v2\/product_cat?post=16572"},{"taxonomy":"product_tag","embeddable":true,"href":"https:\/\/wizardly-davinci.82-223-8-23.plesk.page\/en\/wp-json\/wp\/v2\/product_tag?post=16572"},{"taxonomy":"edicion","embeddable":true,"href":"https:\/\/wizardly-davinci.82-223-8-23.plesk.page\/en\/wp-json\/wp\/v2\/edicion?post=16572"},{"taxonomy":"editoriales","embeddable":true,"href":"https:\/\/wizardly-davinci.82-223-8-23.plesk.page\/en\/wp-json\/wp\/v2\/editoriales?post=16572"},{"taxonomy":"tienda","embeddable":true,"href":"https:\/\/wizardly-davinci.82-223-8-23.plesk.page\/en\/wp-json\/wp\/v2\/tienda?post=16572"},{"taxonomy":"autor_id","embeddable":true,"href":"https:\/\/wizardly-davinci.82-223-8-23.plesk.page\/en\/wp-json\/wp\/v2\/autor_id?post=16572"},{"taxonomy":"universidades_coeditoras","embeddable":true,"href":"https:\/\/wizardly-davinci.82-223-8-23.plesk.page\/en\/wp-json\/wp\/v2\/universidades_coeditoras?post=16572"},{"taxonomy":"palabras_clave","embeddable":true,"href":"https:\/\/wizardly-davinci.82-223-8-23.plesk.page\/en\/wp-json\/wp\/v2\/palabras_clave?post=16572"},{"taxonomy":"listado_alfabetico","embeddable":true,"href":"https:\/\/wizardly-davinci.82-223-8-23.plesk.page\/en\/wp-json\/wp\/v2\/listado_alfabetico?post=16572"}],"curies":[{"name":"wp","href":"https:\/\/api.w.org\/{rel}","templated":true}]}}