{"id":16574,"date":"2019-04-09T22:10:07","date_gmt":"2019-04-09T22:10:07","guid":{"rendered":"https:\/\/octaedro.com\/producto\/carta-a-mis-hijos-y-a-los-hijos-del-mundo-por-venir\/"},"modified":"2023-04-20T10:22:19","modified_gmt":"2023-04-20T08:22:19","slug":"carta-a-mis-hijos-y-a-los-hijos-del-mundo-por-venir","status":"publish","type":"product","link":"https:\/\/wizardly-davinci.82-223-8-23.plesk.page\/en\/producto\/carta-a-mis-hijos-y-a-los-hijos-del-mundo-por-venir\/","title":{"rendered":"Carta a mis hijos y a los hijos del mundo por venir"},"content":{"rendered":"<p>He percibido \u2013no solo en mis hijos y nietos, sino tambi\u00e9n en un creciente n\u00famero de j\u00f3venes\u2013 ese nuevo aliento que anima la voluntad de instaurar verdaderos valores humanos (solidaridad, creatividad, generosidad, saber, reinvenci\u00f3n del amor, alianza con la naturaleza, atracci\u00f3n festiva por la vida), rompiendo con los valores patriarcales (autoridad, sacrificio, trabajo, culpabilidad, servilismo, clientelismo, contenci\u00f3n y descarga de las emociones), esencialmente centrados en la predaci\u00f3n, el dinero, el poder y esa separaci\u00f3n de uno consigo mismo de donde proceden el miedo, el odio y el desprecio del otro.<br \/>\nA pesar de los medios de comunicaci\u00f3n que se aplican en ignorarlo, una sociedad viviente se construye clandestinamente bajo la barbarie y las ruinas del Viejo Mundo. Resulta \u00fatil mostrar de qu\u00e9 modo se manifiesta y c\u00f3mo progresar\u00e1.<\/p>\n","protected":false},"excerpt":{"rendered":"<p>He percibido \u2013no solo en mis hijos y nietos, sino tambi\u00e9n en un creciente n\u00famero de j\u00f3venes\u2013 ese nuevo aliento que anima la voluntad de instaurar verdaderos valores humanos (solidaridad, creatividad, generosidad, saber, reinvenci\u00f3n del amor, alianza con la naturaleza, atracci\u00f3n festiva por la vida), rompiendo con los valores patriarcales (autoridad, sacrificio, trabajo, culpabilidad, servilismo, clientelismo, contenci\u00f3n y descarga de las emociones), esencialmente centrados en la predaci\u00f3n, el dinero, el poder y esa separaci\u00f3n de uno consigo mismo de donde proceden el miedo, el odio y el desprecio del otro.<br \/>\nA pesar de los medios de comunicaci\u00f3n que se aplican en ignorarlo, una sociedad viviente se construye clandestinamente bajo la barbarie y las ruinas del Viejo Mundo. Resulta \u00fatil mostrar de qu\u00e9 modo se manifiesta y c\u00f3mo progresar\u00e1.<\/p>\n","protected":false},"featured_media":16575,"comment_status":"open","ping_status":"closed","template":"","meta":{"_et_pb_use_builder":"","_et_pb_old_content":"","_et_gb_content_width":""},"product_cat":[1505,2606,1512,6674,6675,6673],"product_tag":[2609],"edicion":[1085,1084,1083],"editoriales":[1160],"tienda":[],"autor_id":[6554],"universidades_coeditoras":[],"palabras_clave":[],"listado_alfabetico":[],"acf":[],"_links":{"self":[{"href":"https:\/\/wizardly-davinci.82-223-8-23.plesk.page\/en\/wp-json\/wp\/v2\/product\/16574"}],"collection":[{"href":"https:\/\/wizardly-davinci.82-223-8-23.plesk.page\/en\/wp-json\/wp\/v2\/product"}],"about":[{"href":"https:\/\/wizardly-davinci.82-223-8-23.plesk.page\/en\/wp-json\/wp\/v2\/types\/product"}],"replies":[{"embeddable":true,"href":"https:\/\/wizardly-davinci.82-223-8-23.plesk.page\/en\/wp-json\/wp\/v2\/comments?post=16574"}],"wp:featuredmedia":[{"embeddable":true,"href":"https:\/\/wizardly-davinci.82-223-8-23.plesk.page\/en\/wp-json\/wp\/v2\/media\/16575"}],"wp:attachment":[{"href":"https:\/\/wizardly-davinci.82-223-8-23.plesk.page\/en\/wp-json\/wp\/v2\/media?parent=16574"}],"wp:term":[{"taxonomy":"product_cat","embeddable":true,"href":"https:\/\/wizardly-davinci.82-223-8-23.plesk.page\/en\/wp-json\/wp\/v2\/product_cat?post=16574"},{"taxonomy":"product_tag","embeddable":true,"href":"https:\/\/wizardly-davinci.82-223-8-23.plesk.page\/en\/wp-json\/wp\/v2\/product_tag?post=16574"},{"taxonomy":"edicion","embeddable":true,"href":"https:\/\/wizardly-davinci.82-223-8-23.plesk.page\/en\/wp-json\/wp\/v2\/edicion?post=16574"},{"taxonomy":"editoriales","embeddable":true,"href":"https:\/\/wizardly-davinci.82-223-8-23.plesk.page\/en\/wp-json\/wp\/v2\/editoriales?post=16574"},{"taxonomy":"tienda","embeddable":true,"href":"https:\/\/wizardly-davinci.82-223-8-23.plesk.page\/en\/wp-json\/wp\/v2\/tienda?post=16574"},{"taxonomy":"autor_id","embeddable":true,"href":"https:\/\/wizardly-davinci.82-223-8-23.plesk.page\/en\/wp-json\/wp\/v2\/autor_id?post=16574"},{"taxonomy":"universidades_coeditoras","embeddable":true,"href":"https:\/\/wizardly-davinci.82-223-8-23.plesk.page\/en\/wp-json\/wp\/v2\/universidades_coeditoras?post=16574"},{"taxonomy":"palabras_clave","embeddable":true,"href":"https:\/\/wizardly-davinci.82-223-8-23.plesk.page\/en\/wp-json\/wp\/v2\/palabras_clave?post=16574"},{"taxonomy":"listado_alfabetico","embeddable":true,"href":"https:\/\/wizardly-davinci.82-223-8-23.plesk.page\/en\/wp-json\/wp\/v2\/listado_alfabetico?post=16574"}],"curies":[{"name":"wp","href":"https:\/\/api.w.org\/{rel}","templated":true}]}}