{"id":16580,"date":"2019-04-09T22:10:07","date_gmt":"2019-04-09T22:10:07","guid":{"rendered":"https:\/\/octaedro.com\/producto\/la-humanizacion-del-duelo\/"},"modified":"2023-04-20T10:22:32","modified_gmt":"2023-04-20T08:22:32","slug":"la-humanizacion-del-duelo","status":"publish","type":"product","link":"https:\/\/wizardly-davinci.82-223-8-23.plesk.page\/en\/producto\/la-humanizacion-del-duelo\/","title":{"rendered":"La humanizaci\u00f3n del duelo"},"content":{"rendered":"<p>Estar en duelo supone atravesar por una situaci\u00f3n de crisis f\u00edsica, an\u00edmica y espiritual como consecuencia del estr\u00e9s emocional sufrido por la p\u00e9rdida de un ser querido. En este libro nos referimos a las experiencias de duelo de padres que han perdido a un hijo o a una hija y a los cambios que esa p\u00e9rdida ha significado en sus concepciones de la vida, las relaciones de pareja, familiares y sociales. Se pone en evidencia, en esos per\u00edodos de inestabilidad emocional, la importancia de sentirse acompa\u00f1ados para facilitar el logro de un nuevo equilibrio personal.<br \/>\nEn sociedades como la nuestra, que reflejan en sus comportamientos un acentuado individualismo y una clara tendencia a evadir cuanto significa dolor y muerte, se destaca la importancia del voluntariado y de los llamados \u00abgrupos de duelo\u00bb en su labor terap\u00e9utica de acompa\u00f1amiento. Por eso se podr\u00eda decir que estos contribuyen de manera muy significada a <em>la humanizaci\u00f3n del duelo<\/em>.<\/p>\n","protected":false},"excerpt":{"rendered":"<p>Estar en duelo supone atravesar por una situaci\u00f3n de crisis f\u00edsica, an\u00edmica y espiritual como consecuencia del estr\u00e9s emocional sufrido por la p\u00e9rdida de un ser querido. En este libro nos referimos a las experiencias de duelo de padres que han perdido a un hijo o a una hija y a los cambios que esa p\u00e9rdida ha significado en sus concepciones de la vida, las relaciones de pareja, familiares y sociales. Se pone en evidencia, en esos per\u00edodos de inestabilidad emocional, la importancia de sentirse acompa\u00f1ados para facilitar el logro de un nuevo equilibrio personal.<br \/>\nEn sociedades como la nuestra, que reflejan en sus comportamientos un acentuado individualismo y una clara tendencia a evadir cuanto significa dolor y muerte, se destaca la importancia del voluntariado y de los llamados \u00abgrupos de duelo\u00bb en su labor terap\u00e9utica de acompa\u00f1amiento. Por eso se podr\u00eda decir que estos contribuyen de manera muy significada a <em>la humanizaci\u00f3n del duelo<\/em>.<\/p>\n","protected":false},"featured_media":16581,"comment_status":"open","ping_status":"closed","template":"","meta":{"_et_pb_use_builder":"","_et_pb_old_content":"","_et_gb_content_width":""},"product_cat":[1505,2606,1512,6675,6673,9825],"product_tag":[2604],"edicion":[1084,1083],"editoriales":[1160],"tienda":[],"autor_id":[5076,6408],"universidades_coeditoras":[],"palabras_clave":[],"listado_alfabetico":[],"acf":[],"_links":{"self":[{"href":"https:\/\/wizardly-davinci.82-223-8-23.plesk.page\/en\/wp-json\/wp\/v2\/product\/16580"}],"collection":[{"href":"https:\/\/wizardly-davinci.82-223-8-23.plesk.page\/en\/wp-json\/wp\/v2\/product"}],"about":[{"href":"https:\/\/wizardly-davinci.82-223-8-23.plesk.page\/en\/wp-json\/wp\/v2\/types\/product"}],"replies":[{"embeddable":true,"href":"https:\/\/wizardly-davinci.82-223-8-23.plesk.page\/en\/wp-json\/wp\/v2\/comments?post=16580"}],"wp:featuredmedia":[{"embeddable":true,"href":"https:\/\/wizardly-davinci.82-223-8-23.plesk.page\/en\/wp-json\/wp\/v2\/media\/16581"}],"wp:attachment":[{"href":"https:\/\/wizardly-davinci.82-223-8-23.plesk.page\/en\/wp-json\/wp\/v2\/media?parent=16580"}],"wp:term":[{"taxonomy":"product_cat","embeddable":true,"href":"https:\/\/wizardly-davinci.82-223-8-23.plesk.page\/en\/wp-json\/wp\/v2\/product_cat?post=16580"},{"taxonomy":"product_tag","embeddable":true,"href":"https:\/\/wizardly-davinci.82-223-8-23.plesk.page\/en\/wp-json\/wp\/v2\/product_tag?post=16580"},{"taxonomy":"edicion","embeddable":true,"href":"https:\/\/wizardly-davinci.82-223-8-23.plesk.page\/en\/wp-json\/wp\/v2\/edicion?post=16580"},{"taxonomy":"editoriales","embeddable":true,"href":"https:\/\/wizardly-davinci.82-223-8-23.plesk.page\/en\/wp-json\/wp\/v2\/editoriales?post=16580"},{"taxonomy":"tienda","embeddable":true,"href":"https:\/\/wizardly-davinci.82-223-8-23.plesk.page\/en\/wp-json\/wp\/v2\/tienda?post=16580"},{"taxonomy":"autor_id","embeddable":true,"href":"https:\/\/wizardly-davinci.82-223-8-23.plesk.page\/en\/wp-json\/wp\/v2\/autor_id?post=16580"},{"taxonomy":"universidades_coeditoras","embeddable":true,"href":"https:\/\/wizardly-davinci.82-223-8-23.plesk.page\/en\/wp-json\/wp\/v2\/universidades_coeditoras?post=16580"},{"taxonomy":"palabras_clave","embeddable":true,"href":"https:\/\/wizardly-davinci.82-223-8-23.plesk.page\/en\/wp-json\/wp\/v2\/palabras_clave?post=16580"},{"taxonomy":"listado_alfabetico","embeddable":true,"href":"https:\/\/wizardly-davinci.82-223-8-23.plesk.page\/en\/wp-json\/wp\/v2\/listado_alfabetico?post=16580"}],"curies":[{"name":"wp","href":"https:\/\/api.w.org\/{rel}","templated":true}]}}