{"id":16582,"date":"2019-04-09T22:10:08","date_gmt":"2019-04-09T22:10:08","guid":{"rendered":"https:\/\/octaedro.com\/producto\/nunca-es-tarde-para-tener-una-infancia-feliz\/"},"modified":"2023-04-20T10:22:39","modified_gmt":"2023-04-20T08:22:39","slug":"nunca-es-tarde-para-tener-una-infancia-feliz","status":"publish","type":"product","link":"https:\/\/wizardly-davinci.82-223-8-23.plesk.page\/en\/producto\/nunca-es-tarde-para-tener-una-infancia-feliz\/","title":{"rendered":"Nunca es tarde para una infancia feliz"},"content":{"rendered":"<p>No hay nada como una infancia perfecta. Nuestro pasado es una historia a la que podemos acudir desde muy diferentes contextos, y este libro nos sugiere c\u00f3mo convertir el pasado en un poderoso aliado.<br \/>\nPorque nunca es tarde para una infancia feliz. Nunca podemos olvidarnos de nuestros ojos infantiles. De hecho, cuando se nos despierta la curiosidad y el deseo de crecimiento y aprendizaje empezamos a reconocer cosas de nuestro turbulento pasado. Entonces nos dejamos llevar por los problemas, cuestion\u00e1ndonos por qu\u00e9 no podemos ser felices\u2026 La clave no est\u00e1 en la b\u00fasqueda de alivio del estr\u00e9s, de las dificultades, sino en situarnos en la circunstancia que nos transmita la alegr\u00eda infantil<\/p>\n","protected":false},"excerpt":{"rendered":"<p>No hay nada como una infancia perfecta. Nuestro pasado es una historia a la que podemos acudir desde muy diferentes contextos, y este libro nos sugiere c\u00f3mo convertir el pasado en un poderoso aliado.<br \/>\nPorque nunca es tarde para una infancia feliz. Nunca podemos olvidarnos de nuestros ojos infantiles. De hecho, cuando se nos despierta la curiosidad y el deseo de crecimiento y aprendizaje empezamos a reconocer cosas de nuestro turbulento pasado. Entonces nos dejamos llevar por los problemas, cuestion\u00e1ndonos por qu\u00e9 no podemos ser felices\u2026 La clave no est\u00e1 en la b\u00fasqueda de alivio del estr\u00e9s, de las dificultades, sino en situarnos en la circunstancia que nos transmita la alegr\u00eda infantil<\/p>\n","protected":false},"featured_media":16583,"comment_status":"open","ping_status":"closed","template":"","meta":{"_et_pb_use_builder":"","_et_pb_old_content":"","_et_gb_content_width":""},"product_cat":[1505,10349,2606,1512,6674,6675,6673,7112,9825],"product_tag":[2609],"edicion":[1085,1084,1083],"editoriales":[1160],"tienda":[],"autor_id":[5522],"universidades_coeditoras":[],"palabras_clave":[],"listado_alfabetico":[],"acf":[],"_links":{"self":[{"href":"https:\/\/wizardly-davinci.82-223-8-23.plesk.page\/en\/wp-json\/wp\/v2\/product\/16582"}],"collection":[{"href":"https:\/\/wizardly-davinci.82-223-8-23.plesk.page\/en\/wp-json\/wp\/v2\/product"}],"about":[{"href":"https:\/\/wizardly-davinci.82-223-8-23.plesk.page\/en\/wp-json\/wp\/v2\/types\/product"}],"replies":[{"embeddable":true,"href":"https:\/\/wizardly-davinci.82-223-8-23.plesk.page\/en\/wp-json\/wp\/v2\/comments?post=16582"}],"wp:featuredmedia":[{"embeddable":true,"href":"https:\/\/wizardly-davinci.82-223-8-23.plesk.page\/en\/wp-json\/wp\/v2\/media\/16583"}],"wp:attachment":[{"href":"https:\/\/wizardly-davinci.82-223-8-23.plesk.page\/en\/wp-json\/wp\/v2\/media?parent=16582"}],"wp:term":[{"taxonomy":"product_cat","embeddable":true,"href":"https:\/\/wizardly-davinci.82-223-8-23.plesk.page\/en\/wp-json\/wp\/v2\/product_cat?post=16582"},{"taxonomy":"product_tag","embeddable":true,"href":"https:\/\/wizardly-davinci.82-223-8-23.plesk.page\/en\/wp-json\/wp\/v2\/product_tag?post=16582"},{"taxonomy":"edicion","embeddable":true,"href":"https:\/\/wizardly-davinci.82-223-8-23.plesk.page\/en\/wp-json\/wp\/v2\/edicion?post=16582"},{"taxonomy":"editoriales","embeddable":true,"href":"https:\/\/wizardly-davinci.82-223-8-23.plesk.page\/en\/wp-json\/wp\/v2\/editoriales?post=16582"},{"taxonomy":"tienda","embeddable":true,"href":"https:\/\/wizardly-davinci.82-223-8-23.plesk.page\/en\/wp-json\/wp\/v2\/tienda?post=16582"},{"taxonomy":"autor_id","embeddable":true,"href":"https:\/\/wizardly-davinci.82-223-8-23.plesk.page\/en\/wp-json\/wp\/v2\/autor_id?post=16582"},{"taxonomy":"universidades_coeditoras","embeddable":true,"href":"https:\/\/wizardly-davinci.82-223-8-23.plesk.page\/en\/wp-json\/wp\/v2\/universidades_coeditoras?post=16582"},{"taxonomy":"palabras_clave","embeddable":true,"href":"https:\/\/wizardly-davinci.82-223-8-23.plesk.page\/en\/wp-json\/wp\/v2\/palabras_clave?post=16582"},{"taxonomy":"listado_alfabetico","embeddable":true,"href":"https:\/\/wizardly-davinci.82-223-8-23.plesk.page\/en\/wp-json\/wp\/v2\/listado_alfabetico?post=16582"}],"curies":[{"name":"wp","href":"https:\/\/api.w.org\/{rel}","templated":true}]}}