{"id":16586,"date":"2019-04-09T22:10:08","date_gmt":"2019-04-09T22:10:08","guid":{"rendered":"https:\/\/octaedro.com\/producto\/el-clavo-ardiendo\/"},"modified":"2023-04-20T10:22:51","modified_gmt":"2023-04-20T08:22:51","slug":"el-clavo-ardiendo","status":"publish","type":"product","link":"https:\/\/wizardly-davinci.82-223-8-23.plesk.page\/en\/producto\/el-clavo-ardiendo\/","title":{"rendered":"El clavo ardiendo"},"content":{"rendered":"<p>\u00abEl modo en que nos relacionamos \u2014con nosotros mismos y con los dem\u00e1s\u2014 es el m\u00e1s fiable instrumento de medida de nuestra salud mental.\u00bb As\u00ed comienza esta obra. A trav\u00e9s de un lenguaje claro y divulgativo, el lector encontrar\u00e1 en ella claves sobre c\u00f3mo se originan en la pareja el amor y sus conflictos. El autor, a trav\u00e9s de teor\u00edas actuales de psicoterapia, neurociencia y antropolog\u00eda, nos muestra a la pareja como un sistema complejo en el que una gran variedad de factores influyen tanto en el origen como en el mantenimiento de relaciones, independientemente de que sean sanas, adictivas o conflictivas.<br \/>\nLas explicaciones accesibles, acompa\u00f1adas de diversos casos, con referencias al cine y a personajes literarios, se deslizan entre las l\u00edneas provocando que el lector descubra cuestiones tales como por qu\u00e9 es tan importante el inicio de la relaci\u00f3n y por qu\u00e9 elegimos repetitivamente determinadas parejas, por qu\u00e9 sufrimos con relaciones negativas que aun as\u00ed no abandonamos o por qu\u00e9 se experimenta miedo al compromiso.<\/p>\n","protected":false},"excerpt":{"rendered":"<p>\u00abEl modo en que nos relacionamos \u2014con nosotros mismos y con los dem\u00e1s\u2014 es el m\u00e1s fiable instrumento de medida de nuestra salud mental.\u00bb As\u00ed comienza esta obra. A trav\u00e9s de un lenguaje claro y divulgativo, el lector encontrar\u00e1 en ella claves sobre c\u00f3mo se originan en la pareja el amor y sus conflictos. El autor, a trav\u00e9s de teor\u00edas actuales de psicoterapia, neurociencia y antropolog\u00eda, nos muestra a la pareja como un sistema complejo en el que una gran variedad de factores influyen tanto en el origen como en el mantenimiento de relaciones, independientemente de que sean sanas, adictivas o conflictivas.<br \/>\nLas explicaciones accesibles, acompa\u00f1adas de diversos casos, con referencias al cine y a personajes literarios, se deslizan entre las l\u00edneas provocando que el lector descubra cuestiones tales como por qu\u00e9 es tan importante el inicio de la relaci\u00f3n y por qu\u00e9 elegimos repetitivamente determinadas parejas, por qu\u00e9 sufrimos con relaciones negativas que aun as\u00ed no abandonamos o por qu\u00e9 se experimenta miedo al compromiso.<\/p>\n","protected":false},"featured_media":33687,"comment_status":"open","ping_status":"closed","template":"","meta":{"_et_pb_use_builder":"","_et_pb_old_content":"","_et_gb_content_width":""},"product_cat":[1505,10349,2606,1512,6674,6675,6673,9825],"product_tag":[2609],"edicion":[1085,1084,1083],"editoriales":[1160],"tienda":[],"autor_id":[6221],"universidades_coeditoras":[],"palabras_clave":[],"listado_alfabetico":[],"acf":[],"_links":{"self":[{"href":"https:\/\/wizardly-davinci.82-223-8-23.plesk.page\/en\/wp-json\/wp\/v2\/product\/16586"}],"collection":[{"href":"https:\/\/wizardly-davinci.82-223-8-23.plesk.page\/en\/wp-json\/wp\/v2\/product"}],"about":[{"href":"https:\/\/wizardly-davinci.82-223-8-23.plesk.page\/en\/wp-json\/wp\/v2\/types\/product"}],"replies":[{"embeddable":true,"href":"https:\/\/wizardly-davinci.82-223-8-23.plesk.page\/en\/wp-json\/wp\/v2\/comments?post=16586"}],"wp:featuredmedia":[{"embeddable":true,"href":"https:\/\/wizardly-davinci.82-223-8-23.plesk.page\/en\/wp-json\/wp\/v2\/media\/33687"}],"wp:attachment":[{"href":"https:\/\/wizardly-davinci.82-223-8-23.plesk.page\/en\/wp-json\/wp\/v2\/media?parent=16586"}],"wp:term":[{"taxonomy":"product_cat","embeddable":true,"href":"https:\/\/wizardly-davinci.82-223-8-23.plesk.page\/en\/wp-json\/wp\/v2\/product_cat?post=16586"},{"taxonomy":"product_tag","embeddable":true,"href":"https:\/\/wizardly-davinci.82-223-8-23.plesk.page\/en\/wp-json\/wp\/v2\/product_tag?post=16586"},{"taxonomy":"edicion","embeddable":true,"href":"https:\/\/wizardly-davinci.82-223-8-23.plesk.page\/en\/wp-json\/wp\/v2\/edicion?post=16586"},{"taxonomy":"editoriales","embeddable":true,"href":"https:\/\/wizardly-davinci.82-223-8-23.plesk.page\/en\/wp-json\/wp\/v2\/editoriales?post=16586"},{"taxonomy":"tienda","embeddable":true,"href":"https:\/\/wizardly-davinci.82-223-8-23.plesk.page\/en\/wp-json\/wp\/v2\/tienda?post=16586"},{"taxonomy":"autor_id","embeddable":true,"href":"https:\/\/wizardly-davinci.82-223-8-23.plesk.page\/en\/wp-json\/wp\/v2\/autor_id?post=16586"},{"taxonomy":"universidades_coeditoras","embeddable":true,"href":"https:\/\/wizardly-davinci.82-223-8-23.plesk.page\/en\/wp-json\/wp\/v2\/universidades_coeditoras?post=16586"},{"taxonomy":"palabras_clave","embeddable":true,"href":"https:\/\/wizardly-davinci.82-223-8-23.plesk.page\/en\/wp-json\/wp\/v2\/palabras_clave?post=16586"},{"taxonomy":"listado_alfabetico","embeddable":true,"href":"https:\/\/wizardly-davinci.82-223-8-23.plesk.page\/en\/wp-json\/wp\/v2\/listado_alfabetico?post=16586"}],"curies":[{"name":"wp","href":"https:\/\/api.w.org\/{rel}","templated":true}]}}