{"id":16588,"date":"2019-04-09T22:10:08","date_gmt":"2019-04-09T22:10:08","guid":{"rendered":"https:\/\/octaedro.com\/producto\/el-colapso-es-evitable\/"},"modified":"2023-04-20T10:22:58","modified_gmt":"2023-04-20T08:22:58","slug":"el-colapso-es-evitable","status":"publish","type":"product","link":"https:\/\/wizardly-davinci.82-223-8-23.plesk.page\/en\/producto\/el-colapso-es-evitable\/","title":{"rendered":"El colapso es evitable"},"content":{"rendered":"<p><em>La transici\u00f3n energ\u00e9tica del Siglo XXI (TE21): El colapso se evitable<\/em> es m\u00e1s que un libro acerca de la situaci\u00f3n energ\u00e9tica actual, de su proyecci\u00f3n en el futuro o de sus posibles soluciones. Se trata de un estudio en el que se unen rigor y genialidad escrito en un lenguaje claro, directo y accesible, que viene avalado por la solvencia t\u00e9cnica de Ramon Sans, ingeniero industrial de reconocido prestigio, quien, con la colaboraci\u00f3n de Elisa Pulla, profesional polifac\u00e9tica, despliega ante nosotros toda su sabidur\u00eda energ\u00e9tica enfocando soluciones claras, concretas y factibles que permitan resolver el incierto futuro que se deriva de la situaci\u00f3n actual. Se parte de una certeza: considerando los datos actuales, y si no se reacciona a tiempo, en apenas un par de d\u00e9cadas nos veremos inmersos en una grav\u00edsima crisis de intensidad insospechada que afectar\u00e1 muy negativamente a la calidad de vida de nuestros hijos y nietos. A partir de ah\u00ed, y evitando siempre caer tanto en los habituales discursos catastrofistas o sesgados como en tecnicismos incomprensibles o en proyectos de complejidad inasumible, los autores se centran en afirmar la posibilidad del cambio y en dise\u00f1ar el c\u00f3mo podr\u00e1 producirse.<br \/>\nSin duda, el primer paso para evitar el \u201ccolapso\u201d es tomar conciencia de que las energ\u00edas renovables, las procedentes del Sol, del Viento, del Agua, etc., son gratuitas, m\u00e1s que abundantes, perfectamente aprovechables y pueden abastecer sin duda, practicamente en un 100%, nuestras necesidades energ\u00e9ticas futuras. La primera parte del libro trata sobre el presente de la energ\u00eda poniendo especial atenci\u00f3n en las falacias o \u201cleyendas urbanas\u201d que sobre ella gravitan y en los errores de contabilidad energ\u00e9tica y econ\u00f3mica que contribuyen a las mismas. La segunda parte corresponde a los Itinerarios Energ\u00e9ticos, un excelente y clarificador estudio de Ramon Sans que enumera y desarrolla los caminos o itinerarios que sigue la energ\u00eda desde sus fuentes primarias hasta su uso final, demostr\u00e1ndose, a trav\u00e9s de ellos, la poca eficiencia de la mayor\u00eda de los usos energ\u00e9ticos actuales y la necesidad de un cambio de modelo.<br \/>\nNo obstante, el verdadero n\u00facleo del libro, el que responde realmente a la pregunta de c\u00f3mo evitar el \u201ccolapso\u201d, lo constituye la tercera parte: \u201cLa TE21. Transici\u00f3n energ\u00e9tica del siglo XXI\u201d, en la que, en primer lugar, se desgranan meticulosamente las necesidades energ\u00e9ticas finales que precisamos los usuarios y se determina, a partir de ellas y yendo \u201chacia atr\u00e1s\u201d, la cuant\u00eda de las necesidades primarias tanto en el caso de que estas sean abastecidas por combustibles f\u00f3siles y uranio como tambi\u00e9n en el supuesto de que lo fueran mediante flujos (fuentes) renovables. A partir de ah\u00ed, se proponen soluciones concretas para cada caso, calculando potencias, costes y superficies, se examina la evoluci\u00f3n prevista de la factura exterior en concepto de combustibles f\u00f3siles (FEF) con el fin de determinar el coste econ\u00f3mico y el inmenso ahorro de la transici\u00f3n y, ya en la cuarta parte, se detalla el dec\u00e1logo de las acciones a emprender para llevarla a cabo.<br \/>\nLas conclusiones son claras: adem\u00e1s de desarrollar un nuevo modelo energ\u00e9tico basado en las renovables, la TE21 tambi\u00e9n conlleva la resoluci\u00f3n de problemas mediambientales (debido a las nulas emisiones de CO2) y, lo que es m\u00e1s sorprendente, constituye una interesant\u00edsima opci\u00f3n a la hora de afrontar la crisis econ\u00f3mica debido al inmenso ahorro que supone a corto y largo plazo.<br \/>\nAcompa\u00f1an al libro, en forma de anexos, 30 p\u00e1ginas de minuciosas y detalladas tablas en color en las que se pueden ampliar y contrastar los datos referentes a la Europa de los 28 en general y a cinco pa\u00edses en particular: Alemania, Espa\u00f1a, Francia, Inglaterra e Italia. Puesto que se trata de un proyecto \u201cvivo\u201d, est\u00e1 sujeto a revisi\u00f3n y\/o a ampliaci\u00f3n a otras zonas geogr\u00e1ficas a medida que nuevos datos y\/o escenarios puedan ir apareciendo.<\/p>\n","protected":false},"excerpt":{"rendered":"<p><em>La transici\u00f3n energ\u00e9tica del Siglo XXI (TE21): El colapso se evitable<\/em> es m\u00e1s que un libro acerca de la situaci\u00f3n energ\u00e9tica actual, de su proyecci\u00f3n en el futuro o de sus posibles soluciones. Se trata de un estudio en el que se unen rigor y genialidad escrito en un lenguaje claro, directo y accesible, que viene avalado por la solvencia t\u00e9cnica de Ramon Sans, ingeniero industrial de reconocido prestigio, quien, con la colaboraci\u00f3n de Elisa Pulla, profesional polifac\u00e9tica, despliega ante nosotros toda su sabidur\u00eda energ\u00e9tica enfocando soluciones claras, concretas y factibles que permitan resolver el incierto futuro que se deriva de la situaci\u00f3n actual. Se parte de una certeza: considerando los datos actuales, y si no se reacciona a tiempo, en apenas un par de d\u00e9cadas nos veremos inmersos en una grav\u00edsima crisis de intensidad insospechada que afectar\u00e1 muy negativamente a la calidad de vida de nuestros hijos y nietos. A partir de ah\u00ed, y evitando siempre caer tanto en los habituales discursos catastrofistas o sesgados como en tecnicismos incomprensibles o en proyectos de complejidad inasumible, los autores se centran en afirmar la posibilidad del cambio y en dise\u00f1ar el c\u00f3mo podr\u00e1 producirse.<br \/>\nSin duda, el primer paso para evitar el \u201ccolapso\u201d es tomar conciencia de que las energ\u00edas renovables, las procedentes del Sol, del Viento, del Agua, etc., son gratuitas, m\u00e1s que abundantes, perfectamente aprovechables y pueden abastecer sin duda, practicamente en un 100%, nuestras necesidades energ\u00e9ticas futuras. La primera parte del libro trata sobre el presente de la energ\u00eda poniendo especial atenci\u00f3n en las falacias o \u201cleyendas urbanas\u201d que sobre ella gravitan y en los errores de contabilidad energ\u00e9tica y econ\u00f3mica que contribuyen a las mismas. La segunda parte corresponde a los Itinerarios Energ\u00e9ticos, un excelente y clarificador estudio de Ramon Sans que enumera y desarrolla los caminos o itinerarios que sigue la energ\u00eda desde sus fuentes primarias hasta su uso final, demostr\u00e1ndose, a trav\u00e9s de ellos, la poca eficiencia de la mayor\u00eda de los usos energ\u00e9ticos actuales y la necesidad de un cambio de modelo.<br \/>\nNo obstante, el verdadero n\u00facleo del libro, el que responde realmente a la pregunta de c\u00f3mo evitar el \u201ccolapso\u201d, lo constituye la tercera parte: \u201cLa TE21. Transici\u00f3n energ\u00e9tica del siglo XXI\u201d, en la que, en primer lugar, se desgranan meticulosamente las necesidades energ\u00e9ticas finales que precisamos los usuarios y se determina, a partir de ellas y yendo \u201chacia atr\u00e1s\u201d, la cuant\u00eda de las necesidades primarias tanto en el caso de que estas sean abastecidas por combustibles f\u00f3siles y uranio como tambi\u00e9n en el supuesto de que lo fueran mediante flujos (fuentes) renovables. A partir de ah\u00ed, se proponen soluciones concretas para cada caso, calculando potencias, costes y superficies, se examina la evoluci\u00f3n prevista de la factura exterior en concepto de combustibles f\u00f3siles (FEF) con el fin de determinar el coste econ\u00f3mico y el inmenso ahorro de la transici\u00f3n y, ya en la cuarta parte, se detalla el dec\u00e1logo de las acciones a emprender para llevarla a cabo.<br \/>\nLas conclusiones son claras: adem\u00e1s de desarrollar un nuevo modelo energ\u00e9tico basado en las renovables, la TE21 tambi\u00e9n conlleva la resoluci\u00f3n de problemas mediambientales (debido a las nulas emisiones de CO2) y, lo que es m\u00e1s sorprendente, constituye una interesant\u00edsima opci\u00f3n a la hora de afrontar la crisis econ\u00f3mica debido al inmenso ahorro que supone a corto y largo plazo.<br \/>\nAcompa\u00f1an al libro, en forma de anexos, 30 p\u00e1ginas de minuciosas y detalladas tablas en color en las que se pueden ampliar y contrastar los datos referentes a la Europa de los 28 en general y a cinco pa\u00edses en particular: Alemania, Espa\u00f1a, Francia, Inglaterra e Italia. Puesto que se trata de un proyecto \u201cvivo\u201d, est\u00e1 sujeto a revisi\u00f3n y\/o a ampliaci\u00f3n a otras zonas geogr\u00e1ficas a medida que nuevos datos y\/o escenarios puedan ir apareciendo.<\/p>\n","protected":false},"featured_media":16589,"comment_status":"open","ping_status":"closed","template":"","meta":{"_et_pb_use_builder":"","_et_pb_old_content":"","_et_gb_content_width":""},"product_cat":[1505,2606,1512,6675,6673],"product_tag":[2604],"edicion":[1084,1083],"editoriales":[1160],"tienda":[],"autor_id":[6193,6364],"universidades_coeditoras":[],"palabras_clave":[],"listado_alfabetico":[],"acf":[],"_links":{"self":[{"href":"https:\/\/wizardly-davinci.82-223-8-23.plesk.page\/en\/wp-json\/wp\/v2\/product\/16588"}],"collection":[{"href":"https:\/\/wizardly-davinci.82-223-8-23.plesk.page\/en\/wp-json\/wp\/v2\/product"}],"about":[{"href":"https:\/\/wizardly-davinci.82-223-8-23.plesk.page\/en\/wp-json\/wp\/v2\/types\/product"}],"replies":[{"embeddable":true,"href":"https:\/\/wizardly-davinci.82-223-8-23.plesk.page\/en\/wp-json\/wp\/v2\/comments?post=16588"}],"wp:featuredmedia":[{"embeddable":true,"href":"https:\/\/wizardly-davinci.82-223-8-23.plesk.page\/en\/wp-json\/wp\/v2\/media\/16589"}],"wp:attachment":[{"href":"https:\/\/wizardly-davinci.82-223-8-23.plesk.page\/en\/wp-json\/wp\/v2\/media?parent=16588"}],"wp:term":[{"taxonomy":"product_cat","embeddable":true,"href":"https:\/\/wizardly-davinci.82-223-8-23.plesk.page\/en\/wp-json\/wp\/v2\/product_cat?post=16588"},{"taxonomy":"product_tag","embeddable":true,"href":"https:\/\/wizardly-davinci.82-223-8-23.plesk.page\/en\/wp-json\/wp\/v2\/product_tag?post=16588"},{"taxonomy":"edicion","embeddable":true,"href":"https:\/\/wizardly-davinci.82-223-8-23.plesk.page\/en\/wp-json\/wp\/v2\/edicion?post=16588"},{"taxonomy":"editoriales","embeddable":true,"href":"https:\/\/wizardly-davinci.82-223-8-23.plesk.page\/en\/wp-json\/wp\/v2\/editoriales?post=16588"},{"taxonomy":"tienda","embeddable":true,"href":"https:\/\/wizardly-davinci.82-223-8-23.plesk.page\/en\/wp-json\/wp\/v2\/tienda?post=16588"},{"taxonomy":"autor_id","embeddable":true,"href":"https:\/\/wizardly-davinci.82-223-8-23.plesk.page\/en\/wp-json\/wp\/v2\/autor_id?post=16588"},{"taxonomy":"universidades_coeditoras","embeddable":true,"href":"https:\/\/wizardly-davinci.82-223-8-23.plesk.page\/en\/wp-json\/wp\/v2\/universidades_coeditoras?post=16588"},{"taxonomy":"palabras_clave","embeddable":true,"href":"https:\/\/wizardly-davinci.82-223-8-23.plesk.page\/en\/wp-json\/wp\/v2\/palabras_clave?post=16588"},{"taxonomy":"listado_alfabetico","embeddable":true,"href":"https:\/\/wizardly-davinci.82-223-8-23.plesk.page\/en\/wp-json\/wp\/v2\/listado_alfabetico?post=16588"}],"curies":[{"name":"wp","href":"https:\/\/api.w.org\/{rel}","templated":true}]}}