{"id":16590,"date":"2019-04-09T22:10:08","date_gmt":"2019-04-09T22:10:08","guid":{"rendered":"https:\/\/octaedro.com\/producto\/las-cartas-que-los-padres-nunca-recibieron\/"},"modified":"2023-04-20T10:23:05","modified_gmt":"2023-04-20T08:23:05","slug":"las-cartas-que-los-padres-nunca-recibieron","status":"publish","type":"product","link":"https:\/\/wizardly-davinci.82-223-8-23.plesk.page\/en\/producto\/las-cartas-que-los-padres-nunca-recibieron\/","title":{"rendered":"Las cartas que los padres nunca recibieron"},"content":{"rendered":"<p><strong><em>Las cartas que los padres nunca recibieron<\/em><\/strong>\u2026 ni recibir\u00e1n son cartas excepcionales porque son las \u00fanicas escritas para no ser enviadas a sus destinatarios, ni le\u00eddas por ellos. Son cartas en las que personas que han necesitado una psicoterapia explican a sus padres por qu\u00e9 la han necesitado. C\u00f3mo se fragu\u00f3 todo en su grupo original, la familia que ellos fundaron. Qu\u00e9 d\u00e9ficits y carencias experimentaron, y las consecuencias que esto tuvo en su desarrollo. Explican c\u00f3mo han logrado entender lo que pas\u00f3, que no fueron v\u00edctimas de verdugos, sino de otras v\u00edctimas. Que han comprendido que los padres hicieron lo que pudieron, y que si no pudieron hacer m\u00e1s o mejor, fue por falta de salud psicol\u00f3gica, por sufrimientos indebidos e injustos que ellos experimentaron en las primeras etapas de su vida: carencias que determinaron las que ellos hab\u00edan de transmitir inevitablemente a sus hijos.<\/p>\n<p>Estas cartas no pueden ni deben ser le\u00eddas por los padres, porque lo vivir\u00edan como una acusaci\u00f3n que ser\u00eda tremendamente injusta, ya que son inocentes de los da\u00f1os sufridos por el hijo en su crecimiento, de sus d\u00e9ficits y carencias. Su lectura no podr\u00eda ser asimilada, y podr\u00eda causar un quebranto importante en su salud tanto ps\u00edquica (depresi\u00f3n grave) como f\u00edsica. Pero le\u00eddas a su representante simb\u00f3lico, el terapeuta, tienen un enorme valor y significado, reparador y restaurador de un equilibrio interno que hab\u00eda sido gravemente da\u00f1ado.<\/p>\n","protected":false},"excerpt":{"rendered":"<p><strong><em>Las cartas que los padres nunca recibieron<\/em><\/strong>\u2026 ni recibir\u00e1n son cartas excepcionales porque son las \u00fanicas escritas para no ser enviadas a sus destinatarios, ni le\u00eddas por ellos. Son cartas en las que personas que han necesitado una psicoterapia explican a sus padres por qu\u00e9 la han necesitado. C\u00f3mo se fragu\u00f3 todo en su grupo original, la familia que ellos fundaron. Qu\u00e9 d\u00e9ficits y carencias experimentaron, y las consecuencias que esto tuvo en su desarrollo. Explican c\u00f3mo han logrado entender lo que pas\u00f3, que no fueron v\u00edctimas de verdugos, sino de otras v\u00edctimas. Que han comprendido que los padres hicieron lo que pudieron, y que si no pudieron hacer m\u00e1s o mejor, fue por falta de salud psicol\u00f3gica, por sufrimientos indebidos e injustos que ellos experimentaron en las primeras etapas de su vida: carencias que determinaron las que ellos hab\u00edan de transmitir inevitablemente a sus hijos.<\/p>\n<p>Estas cartas no pueden ni deben ser le\u00eddas por los padres, porque lo vivir\u00edan como una acusaci\u00f3n que ser\u00eda tremendamente injusta, ya que son inocentes de los da\u00f1os sufridos por el hijo en su crecimiento, de sus d\u00e9ficits y carencias. Su lectura no podr\u00eda ser asimilada, y podr\u00eda causar un quebranto importante en su salud tanto ps\u00edquica (depresi\u00f3n grave) como f\u00edsica. Pero le\u00eddas a su representante simb\u00f3lico, el terapeuta, tienen un enorme valor y significado, reparador y restaurador de un equilibrio interno que hab\u00eda sido gravemente da\u00f1ado.<\/p>\n","protected":false},"featured_media":16591,"comment_status":"open","ping_status":"closed","template":"","meta":{"_et_pb_use_builder":"","_et_pb_old_content":"","_et_gb_content_width":""},"product_cat":[1505,2606,1512,6674,6675,9825],"product_tag":[2608],"edicion":[1085,1083],"editoriales":[1160],"tienda":[],"autor_id":[5039],"universidades_coeditoras":[],"palabras_clave":[],"listado_alfabetico":[],"acf":[],"_links":{"self":[{"href":"https:\/\/wizardly-davinci.82-223-8-23.plesk.page\/en\/wp-json\/wp\/v2\/product\/16590"}],"collection":[{"href":"https:\/\/wizardly-davinci.82-223-8-23.plesk.page\/en\/wp-json\/wp\/v2\/product"}],"about":[{"href":"https:\/\/wizardly-davinci.82-223-8-23.plesk.page\/en\/wp-json\/wp\/v2\/types\/product"}],"replies":[{"embeddable":true,"href":"https:\/\/wizardly-davinci.82-223-8-23.plesk.page\/en\/wp-json\/wp\/v2\/comments?post=16590"}],"wp:featuredmedia":[{"embeddable":true,"href":"https:\/\/wizardly-davinci.82-223-8-23.plesk.page\/en\/wp-json\/wp\/v2\/media\/16591"}],"wp:attachment":[{"href":"https:\/\/wizardly-davinci.82-223-8-23.plesk.page\/en\/wp-json\/wp\/v2\/media?parent=16590"}],"wp:term":[{"taxonomy":"product_cat","embeddable":true,"href":"https:\/\/wizardly-davinci.82-223-8-23.plesk.page\/en\/wp-json\/wp\/v2\/product_cat?post=16590"},{"taxonomy":"product_tag","embeddable":true,"href":"https:\/\/wizardly-davinci.82-223-8-23.plesk.page\/en\/wp-json\/wp\/v2\/product_tag?post=16590"},{"taxonomy":"edicion","embeddable":true,"href":"https:\/\/wizardly-davinci.82-223-8-23.plesk.page\/en\/wp-json\/wp\/v2\/edicion?post=16590"},{"taxonomy":"editoriales","embeddable":true,"href":"https:\/\/wizardly-davinci.82-223-8-23.plesk.page\/en\/wp-json\/wp\/v2\/editoriales?post=16590"},{"taxonomy":"tienda","embeddable":true,"href":"https:\/\/wizardly-davinci.82-223-8-23.plesk.page\/en\/wp-json\/wp\/v2\/tienda?post=16590"},{"taxonomy":"autor_id","embeddable":true,"href":"https:\/\/wizardly-davinci.82-223-8-23.plesk.page\/en\/wp-json\/wp\/v2\/autor_id?post=16590"},{"taxonomy":"universidades_coeditoras","embeddable":true,"href":"https:\/\/wizardly-davinci.82-223-8-23.plesk.page\/en\/wp-json\/wp\/v2\/universidades_coeditoras?post=16590"},{"taxonomy":"palabras_clave","embeddable":true,"href":"https:\/\/wizardly-davinci.82-223-8-23.plesk.page\/en\/wp-json\/wp\/v2\/palabras_clave?post=16590"},{"taxonomy":"listado_alfabetico","embeddable":true,"href":"https:\/\/wizardly-davinci.82-223-8-23.plesk.page\/en\/wp-json\/wp\/v2\/listado_alfabetico?post=16590"}],"curies":[{"name":"wp","href":"https:\/\/api.w.org\/{rel}","templated":true}]}}