{"id":16592,"date":"2019-04-09T22:10:09","date_gmt":"2019-04-09T22:10:09","guid":{"rendered":"https:\/\/octaedro.com\/producto\/nueve-meses-para-convertirse-en-padres\/"},"modified":"2023-04-20T10:23:13","modified_gmt":"2023-04-20T08:23:13","slug":"nueve-meses-para-convertirse-en-padres","status":"publish","type":"product","link":"https:\/\/wizardly-davinci.82-223-8-23.plesk.page\/en\/producto\/nueve-meses-para-convertirse-en-padres\/","title":{"rendered":"Nueve meses para convertirse en padres"},"content":{"rendered":"<p>Convertirse en padres \u2014a lo largo del embarazo, el parto y los primeros tiempos con el beb\u00e9\u2014 es una puesta a prueba para los individuos y para la pareja. En cuanto al futuro ni\u00f1o, efect\u00faa un agitado viaje hacia nuestro mundo.<br \/>\n\u00bfC\u00f3mo se prepara ese delicado paso de feto a peque\u00f1o humano? \u00bfQu\u00e9 papel desempe\u00f1an los profesionales en la maternidad? \u00bfPor qu\u00e9 empiezan a haber \u00abpsis\u00bb entre ellos?<br \/>\nUn obstetra y un psicoanalista, bas\u00e1ndose en su experiencia cl\u00ednica, superan la divisi\u00f3n del cuerpo y la mente para explorar, en un di\u00e1logo sin jerga, los momentos importantes de la gestaci\u00f3n, el nacimiento y la acogida del reci\u00e9n nacido. De este modo, permiten que las parejas aborden m\u00e1s sabias y mejor armadas esos nueve meses cruciales, las relaciones con los profesionales de la salud y los primeros momentos de su vida de familia.<br \/>\nPadres virtuales o confirmados, profesionales en formaci\u00f3n o experimentados no encontrar\u00e1n en esta obra respuestas estandarizadas, sino elementos de reflexi\u00f3n para acoger mejor a un beb\u00e9.<\/p>\n","protected":false},"excerpt":{"rendered":"<p>Convertirse en padres \u2014a lo largo del embarazo, el parto y los primeros tiempos con el beb\u00e9\u2014 es una puesta a prueba para los individuos y para la pareja. En cuanto al futuro ni\u00f1o, efect\u00faa un agitado viaje hacia nuestro mundo.<br \/>\n\u00bfC\u00f3mo se prepara ese delicado paso de feto a peque\u00f1o humano? \u00bfQu\u00e9 papel desempe\u00f1an los profesionales en la maternidad? \u00bfPor qu\u00e9 empiezan a haber \u00abpsis\u00bb entre ellos?<br \/>\nUn obstetra y un psicoanalista, bas\u00e1ndose en su experiencia cl\u00ednica, superan la divisi\u00f3n del cuerpo y la mente para explorar, en un di\u00e1logo sin jerga, los momentos importantes de la gestaci\u00f3n, el nacimiento y la acogida del reci\u00e9n nacido. De este modo, permiten que las parejas aborden m\u00e1s sabias y mejor armadas esos nueve meses cruciales, las relaciones con los profesionales de la salud y los primeros momentos de su vida de familia.<br \/>\nPadres virtuales o confirmados, profesionales en formaci\u00f3n o experimentados no encontrar\u00e1n en esta obra respuestas estandarizadas, sino elementos de reflexi\u00f3n para acoger mejor a un beb\u00e9.<\/p>\n","protected":false},"featured_media":16593,"comment_status":"open","ping_status":"closed","template":"","meta":{"_et_pb_use_builder":"","_et_pb_old_content":"","_et_gb_content_width":""},"product_cat":[1505,1512,6675,7113,9825],"product_tag":[2602],"edicion":[1083],"editoriales":[1160],"tienda":[],"autor_id":[5284,5976],"universidades_coeditoras":[],"palabras_clave":[],"listado_alfabetico":[],"acf":[],"_links":{"self":[{"href":"https:\/\/wizardly-davinci.82-223-8-23.plesk.page\/en\/wp-json\/wp\/v2\/product\/16592"}],"collection":[{"href":"https:\/\/wizardly-davinci.82-223-8-23.plesk.page\/en\/wp-json\/wp\/v2\/product"}],"about":[{"href":"https:\/\/wizardly-davinci.82-223-8-23.plesk.page\/en\/wp-json\/wp\/v2\/types\/product"}],"replies":[{"embeddable":true,"href":"https:\/\/wizardly-davinci.82-223-8-23.plesk.page\/en\/wp-json\/wp\/v2\/comments?post=16592"}],"wp:featuredmedia":[{"embeddable":true,"href":"https:\/\/wizardly-davinci.82-223-8-23.plesk.page\/en\/wp-json\/wp\/v2\/media\/16593"}],"wp:attachment":[{"href":"https:\/\/wizardly-davinci.82-223-8-23.plesk.page\/en\/wp-json\/wp\/v2\/media?parent=16592"}],"wp:term":[{"taxonomy":"product_cat","embeddable":true,"href":"https:\/\/wizardly-davinci.82-223-8-23.plesk.page\/en\/wp-json\/wp\/v2\/product_cat?post=16592"},{"taxonomy":"product_tag","embeddable":true,"href":"https:\/\/wizardly-davinci.82-223-8-23.plesk.page\/en\/wp-json\/wp\/v2\/product_tag?post=16592"},{"taxonomy":"edicion","embeddable":true,"href":"https:\/\/wizardly-davinci.82-223-8-23.plesk.page\/en\/wp-json\/wp\/v2\/edicion?post=16592"},{"taxonomy":"editoriales","embeddable":true,"href":"https:\/\/wizardly-davinci.82-223-8-23.plesk.page\/en\/wp-json\/wp\/v2\/editoriales?post=16592"},{"taxonomy":"tienda","embeddable":true,"href":"https:\/\/wizardly-davinci.82-223-8-23.plesk.page\/en\/wp-json\/wp\/v2\/tienda?post=16592"},{"taxonomy":"autor_id","embeddable":true,"href":"https:\/\/wizardly-davinci.82-223-8-23.plesk.page\/en\/wp-json\/wp\/v2\/autor_id?post=16592"},{"taxonomy":"universidades_coeditoras","embeddable":true,"href":"https:\/\/wizardly-davinci.82-223-8-23.plesk.page\/en\/wp-json\/wp\/v2\/universidades_coeditoras?post=16592"},{"taxonomy":"palabras_clave","embeddable":true,"href":"https:\/\/wizardly-davinci.82-223-8-23.plesk.page\/en\/wp-json\/wp\/v2\/palabras_clave?post=16592"},{"taxonomy":"listado_alfabetico","embeddable":true,"href":"https:\/\/wizardly-davinci.82-223-8-23.plesk.page\/en\/wp-json\/wp\/v2\/listado_alfabetico?post=16592"}],"curies":[{"name":"wp","href":"https:\/\/api.w.org\/{rel}","templated":true}]}}