{"id":16594,"date":"2019-04-09T22:10:09","date_gmt":"2019-04-09T22:10:09","guid":{"rendered":"https:\/\/octaedro.com\/producto\/la-depresion-postparto\/"},"modified":"2023-04-20T10:23:20","modified_gmt":"2023-04-20T08:23:20","slug":"la-depresion-postparto","status":"publish","type":"product","link":"https:\/\/wizardly-davinci.82-223-8-23.plesk.page\/en\/producto\/la-depresion-postparto\/","title":{"rendered":"La depresi\u00f3n postparto"},"content":{"rendered":"<p>Convertirse en madre es un acontecimiento fascinante en la vida de una mujer. Sin embargo, las numerosas conmociones que lo acompa\u00f1an sumen a veces a la madre, que est\u00e1 particularmente sensible y emotiva, en un estado de desesperaci\u00f3n y angustia y la dejan desamparada frente a su nuevo rol.<br \/>\nCuando la felicidad tan esperada no llega, la culpabilidad y la verg\u00fcenza la invaden y la encierran en el silencio y la soledad. Una de cada ocho mujeres sufre un estado depresivo real en el a\u00f1o que sigue al nacimiento: la depresi\u00f3n postparto.<\/p>\n<p>\u2022 \u00bfC\u00f3mo puede este \u00abfeliz acontecimiento\u00bb transformarse en depresi\u00f3n?<br \/>\n\u2022 \u00bfCu\u00e1les son las mujeres con mayor predisposici\u00f3n?<br \/>\n\u2022 \u00bfC\u00f3mo se manifiesta la depresi\u00f3n postparto y c\u00f3mo diferenciarla de la emotividad natural de este per\u00edodo o del baby blues?<br \/>\n\u2022 \u00bfLos padres pueden tambi\u00e9n ser v\u00edctimas de esta depresi\u00f3n?<br \/>\n\u2022 \u00bfA qui\u00e9n hay que consultar y qu\u00e9 terapias existen?<br \/>\n\u2022 \u00bfPor qu\u00e9 esta enfermedad es tan poco conocida?<\/p>\n<p>Todas estas preguntas se abordan en este libro con un lenguaje accesible, sin eludir una rica documentaci\u00f3n cl\u00ednica y cient\u00edfica. Est\u00e1 dirigido a las madres o futuras madres, a su pareja, a los padres, a las personas cercanas a ellos, y a los profesionales de la salud, que encontrar\u00e1n informaciones y pistas para comprender, ayudar y orientar mejor a sus pacientes.<\/p>\n","protected":false},"excerpt":{"rendered":"<p>Convertirse en madre es un acontecimiento fascinante en la vida de una mujer. Sin embargo, las numerosas conmociones que lo acompa\u00f1an sumen a veces a la madre, que est\u00e1 particularmente sensible y emotiva, en un estado de desesperaci\u00f3n y angustia y la dejan desamparada frente a su nuevo rol.<br \/>\nCuando la felicidad tan esperada no llega, la culpabilidad y la verg\u00fcenza la invaden y la encierran en el silencio y la soledad. Una de cada ocho mujeres sufre un estado depresivo real en el a\u00f1o que sigue al nacimiento: la depresi\u00f3n postparto.<\/p>\n<p>\u2022 \u00bfC\u00f3mo puede este \u00abfeliz acontecimiento\u00bb transformarse en depresi\u00f3n?<br \/>\n\u2022 \u00bfCu\u00e1les son las mujeres con mayor predisposici\u00f3n?<br \/>\n\u2022 \u00bfC\u00f3mo se manifiesta la depresi\u00f3n postparto y c\u00f3mo diferenciarla de la emotividad natural de este per\u00edodo o del baby blues?<br \/>\n\u2022 \u00bfLos padres pueden tambi\u00e9n ser v\u00edctimas de esta depresi\u00f3n?<br \/>\n\u2022 \u00bfA qui\u00e9n hay que consultar y qu\u00e9 terapias existen?<br \/>\n\u2022 \u00bfPor qu\u00e9 esta enfermedad es tan poco conocida?<\/p>\n<p>Todas estas preguntas se abordan en este libro con un lenguaje accesible, sin eludir una rica documentaci\u00f3n cl\u00ednica y cient\u00edfica. Est\u00e1 dirigido a las madres o futuras madres, a su pareja, a los padres, a las personas cercanas a ellos, y a los profesionales de la salud, que encontrar\u00e1n informaciones y pistas para comprender, ayudar y orientar mejor a sus pacientes.<\/p>\n","protected":false},"featured_media":16595,"comment_status":"open","ping_status":"closed","template":"","meta":{"_et_pb_use_builder":"","_et_pb_old_content":"","_et_gb_content_width":""},"product_cat":[1505,10349,2606,1512,6674,6675,9825],"product_tag":[2608],"edicion":[1085,1083],"editoriales":[1160],"tienda":[],"autor_id":[6041],"universidades_coeditoras":[],"palabras_clave":[],"listado_alfabetico":[],"acf":[],"_links":{"self":[{"href":"https:\/\/wizardly-davinci.82-223-8-23.plesk.page\/en\/wp-json\/wp\/v2\/product\/16594"}],"collection":[{"href":"https:\/\/wizardly-davinci.82-223-8-23.plesk.page\/en\/wp-json\/wp\/v2\/product"}],"about":[{"href":"https:\/\/wizardly-davinci.82-223-8-23.plesk.page\/en\/wp-json\/wp\/v2\/types\/product"}],"replies":[{"embeddable":true,"href":"https:\/\/wizardly-davinci.82-223-8-23.plesk.page\/en\/wp-json\/wp\/v2\/comments?post=16594"}],"wp:featuredmedia":[{"embeddable":true,"href":"https:\/\/wizardly-davinci.82-223-8-23.plesk.page\/en\/wp-json\/wp\/v2\/media\/16595"}],"wp:attachment":[{"href":"https:\/\/wizardly-davinci.82-223-8-23.plesk.page\/en\/wp-json\/wp\/v2\/media?parent=16594"}],"wp:term":[{"taxonomy":"product_cat","embeddable":true,"href":"https:\/\/wizardly-davinci.82-223-8-23.plesk.page\/en\/wp-json\/wp\/v2\/product_cat?post=16594"},{"taxonomy":"product_tag","embeddable":true,"href":"https:\/\/wizardly-davinci.82-223-8-23.plesk.page\/en\/wp-json\/wp\/v2\/product_tag?post=16594"},{"taxonomy":"edicion","embeddable":true,"href":"https:\/\/wizardly-davinci.82-223-8-23.plesk.page\/en\/wp-json\/wp\/v2\/edicion?post=16594"},{"taxonomy":"editoriales","embeddable":true,"href":"https:\/\/wizardly-davinci.82-223-8-23.plesk.page\/en\/wp-json\/wp\/v2\/editoriales?post=16594"},{"taxonomy":"tienda","embeddable":true,"href":"https:\/\/wizardly-davinci.82-223-8-23.plesk.page\/en\/wp-json\/wp\/v2\/tienda?post=16594"},{"taxonomy":"autor_id","embeddable":true,"href":"https:\/\/wizardly-davinci.82-223-8-23.plesk.page\/en\/wp-json\/wp\/v2\/autor_id?post=16594"},{"taxonomy":"universidades_coeditoras","embeddable":true,"href":"https:\/\/wizardly-davinci.82-223-8-23.plesk.page\/en\/wp-json\/wp\/v2\/universidades_coeditoras?post=16594"},{"taxonomy":"palabras_clave","embeddable":true,"href":"https:\/\/wizardly-davinci.82-223-8-23.plesk.page\/en\/wp-json\/wp\/v2\/palabras_clave?post=16594"},{"taxonomy":"listado_alfabetico","embeddable":true,"href":"https:\/\/wizardly-davinci.82-223-8-23.plesk.page\/en\/wp-json\/wp\/v2\/listado_alfabetico?post=16594"}],"curies":[{"name":"wp","href":"https:\/\/api.w.org\/{rel}","templated":true}]}}