{"id":16596,"date":"2019-04-09T22:10:09","date_gmt":"2019-04-09T22:10:09","guid":{"rendered":"https:\/\/octaedro.com\/producto\/en-torno-a-la-fibromialgia\/"},"modified":"2023-04-20T10:23:26","modified_gmt":"2023-04-20T08:23:26","slug":"en-torno-a-la-fibromialgia","status":"publish","type":"product","link":"https:\/\/wizardly-davinci.82-223-8-23.plesk.page\/en\/producto\/en-torno-a-la-fibromialgia\/","title":{"rendered":"En torno a la fibromialgia"},"content":{"rendered":"<p>La fibromialgia es una enfermedad que genera muchas dudas en las pacientes que la sufren, as\u00ed como entre sus familiares e, incluso, entre los profesionales que las atienden. El proceso diagn\u00f3stico, en ocasiones, se prolonga durante a\u00f1os en los que las pacientes sufren un dolor difuso y continuado sin ninguna explicaci\u00f3n m\u00e9dica. Una vez establecido el diagn\u00f3stico, se les informa de la ausencia de un tratamiento plenamente curativo para una enfermedad que supone una ruptura en sus vidas. Todo ello contribuye a incrementar el malestar provocado por la fibromialgia.<br \/>\nContar con una informaci\u00f3n precisa y ajustada sobre sus s\u00edntomas, el curso que suele tomar, las comorbilidades, los tratamientos disponibles, etc. representa un primer paso en el manejo satisfactorio de esta compleja enfermedad.<br \/>\nEl presente volumen pretende dar respuesta a las dudas que con m\u00e1s frecuencia se plantean las pacientes y sus familiares, a partir de la revisi\u00f3n del conocimiento cient\u00edfico actual y de la amplia experiencia de los autores en la atenci\u00f3n de pacientes con fibromialgia. Todo ello para transmitir quiz\u00e1 la \u00fanica gran certeza: \u00abes posible hacer algo ante la fibromialgia\u00bb.<\/p>\n","protected":false},"excerpt":{"rendered":"<p>La fibromialgia es una enfermedad que genera muchas dudas en las pacientes que la sufren, as\u00ed como entre sus familiares e, incluso, entre los profesionales que las atienden. El proceso diagn\u00f3stico, en ocasiones, se prolonga durante a\u00f1os en los que las pacientes sufren un dolor difuso y continuado sin ninguna explicaci\u00f3n m\u00e9dica. Una vez establecido el diagn\u00f3stico, se les informa de la ausencia de un tratamiento plenamente curativo para una enfermedad que supone una ruptura en sus vidas. Todo ello contribuye a incrementar el malestar provocado por la fibromialgia.<br \/>\nContar con una informaci\u00f3n precisa y ajustada sobre sus s\u00edntomas, el curso que suele tomar, las comorbilidades, los tratamientos disponibles, etc. representa un primer paso en el manejo satisfactorio de esta compleja enfermedad.<br \/>\nEl presente volumen pretende dar respuesta a las dudas que con m\u00e1s frecuencia se plantean las pacientes y sus familiares, a partir de la revisi\u00f3n del conocimiento cient\u00edfico actual y de la amplia experiencia de los autores en la atenci\u00f3n de pacientes con fibromialgia. Todo ello para transmitir quiz\u00e1 la \u00fanica gran certeza: \u00abes posible hacer algo ante la fibromialgia\u00bb.<\/p>\n","protected":false},"featured_media":16597,"comment_status":"open","ping_status":"closed","template":"","meta":{"_et_pb_use_builder":"","_et_pb_old_content":"","_et_gb_content_width":""},"product_cat":[1505,10349,2606,1512,6674,6675,9825],"product_tag":[2608],"edicion":[1085,1083],"editoriales":[1160],"tienda":[],"autor_id":[5321,5357,5453],"universidades_coeditoras":[],"palabras_clave":[],"listado_alfabetico":[],"acf":[],"_links":{"self":[{"href":"https:\/\/wizardly-davinci.82-223-8-23.plesk.page\/en\/wp-json\/wp\/v2\/product\/16596"}],"collection":[{"href":"https:\/\/wizardly-davinci.82-223-8-23.plesk.page\/en\/wp-json\/wp\/v2\/product"}],"about":[{"href":"https:\/\/wizardly-davinci.82-223-8-23.plesk.page\/en\/wp-json\/wp\/v2\/types\/product"}],"replies":[{"embeddable":true,"href":"https:\/\/wizardly-davinci.82-223-8-23.plesk.page\/en\/wp-json\/wp\/v2\/comments?post=16596"}],"wp:featuredmedia":[{"embeddable":true,"href":"https:\/\/wizardly-davinci.82-223-8-23.plesk.page\/en\/wp-json\/wp\/v2\/media\/16597"}],"wp:attachment":[{"href":"https:\/\/wizardly-davinci.82-223-8-23.plesk.page\/en\/wp-json\/wp\/v2\/media?parent=16596"}],"wp:term":[{"taxonomy":"product_cat","embeddable":true,"href":"https:\/\/wizardly-davinci.82-223-8-23.plesk.page\/en\/wp-json\/wp\/v2\/product_cat?post=16596"},{"taxonomy":"product_tag","embeddable":true,"href":"https:\/\/wizardly-davinci.82-223-8-23.plesk.page\/en\/wp-json\/wp\/v2\/product_tag?post=16596"},{"taxonomy":"edicion","embeddable":true,"href":"https:\/\/wizardly-davinci.82-223-8-23.plesk.page\/en\/wp-json\/wp\/v2\/edicion?post=16596"},{"taxonomy":"editoriales","embeddable":true,"href":"https:\/\/wizardly-davinci.82-223-8-23.plesk.page\/en\/wp-json\/wp\/v2\/editoriales?post=16596"},{"taxonomy":"tienda","embeddable":true,"href":"https:\/\/wizardly-davinci.82-223-8-23.plesk.page\/en\/wp-json\/wp\/v2\/tienda?post=16596"},{"taxonomy":"autor_id","embeddable":true,"href":"https:\/\/wizardly-davinci.82-223-8-23.plesk.page\/en\/wp-json\/wp\/v2\/autor_id?post=16596"},{"taxonomy":"universidades_coeditoras","embeddable":true,"href":"https:\/\/wizardly-davinci.82-223-8-23.plesk.page\/en\/wp-json\/wp\/v2\/universidades_coeditoras?post=16596"},{"taxonomy":"palabras_clave","embeddable":true,"href":"https:\/\/wizardly-davinci.82-223-8-23.plesk.page\/en\/wp-json\/wp\/v2\/palabras_clave?post=16596"},{"taxonomy":"listado_alfabetico","embeddable":true,"href":"https:\/\/wizardly-davinci.82-223-8-23.plesk.page\/en\/wp-json\/wp\/v2\/listado_alfabetico?post=16596"}],"curies":[{"name":"wp","href":"https:\/\/api.w.org\/{rel}","templated":true}]}}