{"id":16598,"date":"2019-04-09T22:10:10","date_gmt":"2019-04-09T22:10:10","guid":{"rendered":"https:\/\/octaedro.com\/producto\/fragilidades\/"},"modified":"2023-04-20T10:23:32","modified_gmt":"2023-04-20T08:23:32","slug":"fragilidades","status":"publish","type":"product","link":"https:\/\/wizardly-davinci.82-223-8-23.plesk.page\/en\/producto\/fragilidades\/","title":{"rendered":"Fragilidades"},"content":{"rendered":"<p>Por lo com\u00fan no solemos tomar en consideraci\u00f3n las potenciales fragilidades del ser humano a la hora de pretender traducir en acciones los proyectos de orden social, pol\u00edtico o personal que concebimos. Se tiende a pensar que todos ellos vienen avalados por una plena racionalidad, una no menor autonom\u00eda de las personas y el convencimiento de que est\u00e1 al alcance de nuestras posibilidades su exitosa realizaci\u00f3n. Una y otra vez, sin embargo, la experiencia del vivir y los aconteceres recogidos en la Historia vienen a confirmar lo contrario.<br \/>\nEspecialmente en un mundo tan complejo y propenso a los desequilibrios (sociales, econ\u00f3micos, medioambientales, etc.) como el actual, urge conocer c\u00f3mo se generan las fragilidades que pueden explicar los recurrentes conflictos que generamos y que muchas veces inciden de manera tr\u00e1gica en la vida de las personas y los pueblos.<br \/>\nLas reflexiones del autor de este libro pretenden contribuir a la comprensi\u00f3n de esta problem\u00e1tica y a proporcionar elementos de juicio a quienes, desde el \u00e1mbito de la pol\u00edtica, las instituciones sociales, la educaci\u00f3n, la jurisprudencia o la psicolog\u00eda, inciden en los comportamientos y las valoraciones de las personas, sobre las cuales ejercen unas u otras influencias.<\/p>\n","protected":false},"excerpt":{"rendered":"<p>Por lo com\u00fan no solemos tomar en consideraci\u00f3n las potenciales fragilidades del ser humano a la hora de pretender traducir en acciones los proyectos de orden social, pol\u00edtico o personal que concebimos. Se tiende a pensar que todos ellos vienen avalados por una plena racionalidad, una no menor autonom\u00eda de las personas y el convencimiento de que est\u00e1 al alcance de nuestras posibilidades su exitosa realizaci\u00f3n. Una y otra vez, sin embargo, la experiencia del vivir y los aconteceres recogidos en la Historia vienen a confirmar lo contrario.<br \/>\nEspecialmente en un mundo tan complejo y propenso a los desequilibrios (sociales, econ\u00f3micos, medioambientales, etc.) como el actual, urge conocer c\u00f3mo se generan las fragilidades que pueden explicar los recurrentes conflictos que generamos y que muchas veces inciden de manera tr\u00e1gica en la vida de las personas y los pueblos.<br \/>\nLas reflexiones del autor de este libro pretenden contribuir a la comprensi\u00f3n de esta problem\u00e1tica y a proporcionar elementos de juicio a quienes, desde el \u00e1mbito de la pol\u00edtica, las instituciones sociales, la educaci\u00f3n, la jurisprudencia o la psicolog\u00eda, inciden en los comportamientos y las valoraciones de las personas, sobre las cuales ejercen unas u otras influencias.<\/p>\n","protected":false},"featured_media":16599,"comment_status":"open","ping_status":"closed","template":"","meta":{"_et_pb_use_builder":"","_et_pb_old_content":"","_et_gb_content_width":""},"product_cat":[1505,2606,1512,6674,6675],"product_tag":[2608],"edicion":[1085,1083],"editoriales":[1160],"tienda":[],"autor_id":[5076],"universidades_coeditoras":[],"palabras_clave":[],"listado_alfabetico":[],"acf":[],"_links":{"self":[{"href":"https:\/\/wizardly-davinci.82-223-8-23.plesk.page\/en\/wp-json\/wp\/v2\/product\/16598"}],"collection":[{"href":"https:\/\/wizardly-davinci.82-223-8-23.plesk.page\/en\/wp-json\/wp\/v2\/product"}],"about":[{"href":"https:\/\/wizardly-davinci.82-223-8-23.plesk.page\/en\/wp-json\/wp\/v2\/types\/product"}],"replies":[{"embeddable":true,"href":"https:\/\/wizardly-davinci.82-223-8-23.plesk.page\/en\/wp-json\/wp\/v2\/comments?post=16598"}],"wp:featuredmedia":[{"embeddable":true,"href":"https:\/\/wizardly-davinci.82-223-8-23.plesk.page\/en\/wp-json\/wp\/v2\/media\/16599"}],"wp:attachment":[{"href":"https:\/\/wizardly-davinci.82-223-8-23.plesk.page\/en\/wp-json\/wp\/v2\/media?parent=16598"}],"wp:term":[{"taxonomy":"product_cat","embeddable":true,"href":"https:\/\/wizardly-davinci.82-223-8-23.plesk.page\/en\/wp-json\/wp\/v2\/product_cat?post=16598"},{"taxonomy":"product_tag","embeddable":true,"href":"https:\/\/wizardly-davinci.82-223-8-23.plesk.page\/en\/wp-json\/wp\/v2\/product_tag?post=16598"},{"taxonomy":"edicion","embeddable":true,"href":"https:\/\/wizardly-davinci.82-223-8-23.plesk.page\/en\/wp-json\/wp\/v2\/edicion?post=16598"},{"taxonomy":"editoriales","embeddable":true,"href":"https:\/\/wizardly-davinci.82-223-8-23.plesk.page\/en\/wp-json\/wp\/v2\/editoriales?post=16598"},{"taxonomy":"tienda","embeddable":true,"href":"https:\/\/wizardly-davinci.82-223-8-23.plesk.page\/en\/wp-json\/wp\/v2\/tienda?post=16598"},{"taxonomy":"autor_id","embeddable":true,"href":"https:\/\/wizardly-davinci.82-223-8-23.plesk.page\/en\/wp-json\/wp\/v2\/autor_id?post=16598"},{"taxonomy":"universidades_coeditoras","embeddable":true,"href":"https:\/\/wizardly-davinci.82-223-8-23.plesk.page\/en\/wp-json\/wp\/v2\/universidades_coeditoras?post=16598"},{"taxonomy":"palabras_clave","embeddable":true,"href":"https:\/\/wizardly-davinci.82-223-8-23.plesk.page\/en\/wp-json\/wp\/v2\/palabras_clave?post=16598"},{"taxonomy":"listado_alfabetico","embeddable":true,"href":"https:\/\/wizardly-davinci.82-223-8-23.plesk.page\/en\/wp-json\/wp\/v2\/listado_alfabetico?post=16598"}],"curies":[{"name":"wp","href":"https:\/\/api.w.org\/{rel}","templated":true}]}}