{"id":16600,"date":"2019-04-09T22:10:10","date_gmt":"2019-04-09T22:10:10","guid":{"rendered":"https:\/\/octaedro.com\/producto\/la-conexion-emocional-de-la-pareja\/"},"modified":"2023-04-20T10:23:39","modified_gmt":"2023-04-20T08:23:39","slug":"la-conexion-emocional-de-la-pareja","status":"publish","type":"product","link":"https:\/\/wizardly-davinci.82-223-8-23.plesk.page\/en\/producto\/la-conexion-emocional-de-la-pareja\/","title":{"rendered":"La conexi\u00f3n emocional de la pareja"},"content":{"rendered":"<p>Esta obra se basa en la experiencia profesional y en la literatura especializada sobre la pareja; sin embargo, est\u00e1 escrita en un lenguaje asequible y evitando en todo lo posible los tecnicismos. Se dirige tanto al lector profesional como al general, aunque no es propiamente divulgativa ni de autoayuda.<br \/>\nTiene un car\u00e1cter pionero, ya que son muy escasos los estudios psicoanal\u00edticos dedicados a la pareja y porque aplica a este campo conceptos del psicoan\u00e1lisis relacional, una corriente que, aunque no es nueva, actualmente est\u00e1 experimentando un gran auge.<br \/>\nLa obra ofrece una visi\u00f3n de conjunto de la pareja siguiendo el hilo de la \u00abconexi\u00f3n emocional\u00bb. As\u00ed, una primera parte analiza sus fases: las fantas\u00edas iniciales sobre la pareja, el enamoramiento, la formaci\u00f3n y su desarrollo a largo plazo. Una segunda parte analiza las vertientes cultural y biol\u00f3gica de la pareja. Y finalmente, la tercera parte trata del diagn\u00f3stico y el tratamiento de sus conflictos.<br \/>\nA lo largo de este recorrido va introduciendo, all\u00ed donde aportan mayor comprensi\u00f3n, los conceptos psicoanal\u00edticos, especialmente los que son caracter\u00edsticos de la corriente relacional, las ideas filos\u00f3ficas y sociol\u00f3gicas sobre la pareja y las aportaciones recientes de las neurociencias.<\/p>\n","protected":false},"excerpt":{"rendered":"<p>Esta obra se basa en la experiencia profesional y en la literatura especializada sobre la pareja; sin embargo, est\u00e1 escrita en un lenguaje asequible y evitando en todo lo posible los tecnicismos. Se dirige tanto al lector profesional como al general, aunque no es propiamente divulgativa ni de autoayuda.<br \/>\nTiene un car\u00e1cter pionero, ya que son muy escasos los estudios psicoanal\u00edticos dedicados a la pareja y porque aplica a este campo conceptos del psicoan\u00e1lisis relacional, una corriente que, aunque no es nueva, actualmente est\u00e1 experimentando un gran auge.<br \/>\nLa obra ofrece una visi\u00f3n de conjunto de la pareja siguiendo el hilo de la \u00abconexi\u00f3n emocional\u00bb. As\u00ed, una primera parte analiza sus fases: las fantas\u00edas iniciales sobre la pareja, el enamoramiento, la formaci\u00f3n y su desarrollo a largo plazo. Una segunda parte analiza las vertientes cultural y biol\u00f3gica de la pareja. Y finalmente, la tercera parte trata del diagn\u00f3stico y el tratamiento de sus conflictos.<br \/>\nA lo largo de este recorrido va introduciendo, all\u00ed donde aportan mayor comprensi\u00f3n, los conceptos psicoanal\u00edticos, especialmente los que son caracter\u00edsticos de la corriente relacional, las ideas filos\u00f3ficas y sociol\u00f3gicas sobre la pareja y las aportaciones recientes de las neurociencias.<\/p>\n","protected":false},"featured_media":16601,"comment_status":"open","ping_status":"closed","template":"","meta":{"_et_pb_use_builder":"","_et_pb_old_content":"","_et_gb_content_width":""},"product_cat":[1505,2606,1512,6674,6675,9825],"product_tag":[2608],"edicion":[1085,1083],"editoriales":[1160],"tienda":[],"autor_id":[5827],"universidades_coeditoras":[],"palabras_clave":[],"listado_alfabetico":[],"acf":[],"_links":{"self":[{"href":"https:\/\/wizardly-davinci.82-223-8-23.plesk.page\/en\/wp-json\/wp\/v2\/product\/16600"}],"collection":[{"href":"https:\/\/wizardly-davinci.82-223-8-23.plesk.page\/en\/wp-json\/wp\/v2\/product"}],"about":[{"href":"https:\/\/wizardly-davinci.82-223-8-23.plesk.page\/en\/wp-json\/wp\/v2\/types\/product"}],"replies":[{"embeddable":true,"href":"https:\/\/wizardly-davinci.82-223-8-23.plesk.page\/en\/wp-json\/wp\/v2\/comments?post=16600"}],"wp:featuredmedia":[{"embeddable":true,"href":"https:\/\/wizardly-davinci.82-223-8-23.plesk.page\/en\/wp-json\/wp\/v2\/media\/16601"}],"wp:attachment":[{"href":"https:\/\/wizardly-davinci.82-223-8-23.plesk.page\/en\/wp-json\/wp\/v2\/media?parent=16600"}],"wp:term":[{"taxonomy":"product_cat","embeddable":true,"href":"https:\/\/wizardly-davinci.82-223-8-23.plesk.page\/en\/wp-json\/wp\/v2\/product_cat?post=16600"},{"taxonomy":"product_tag","embeddable":true,"href":"https:\/\/wizardly-davinci.82-223-8-23.plesk.page\/en\/wp-json\/wp\/v2\/product_tag?post=16600"},{"taxonomy":"edicion","embeddable":true,"href":"https:\/\/wizardly-davinci.82-223-8-23.plesk.page\/en\/wp-json\/wp\/v2\/edicion?post=16600"},{"taxonomy":"editoriales","embeddable":true,"href":"https:\/\/wizardly-davinci.82-223-8-23.plesk.page\/en\/wp-json\/wp\/v2\/editoriales?post=16600"},{"taxonomy":"tienda","embeddable":true,"href":"https:\/\/wizardly-davinci.82-223-8-23.plesk.page\/en\/wp-json\/wp\/v2\/tienda?post=16600"},{"taxonomy":"autor_id","embeddable":true,"href":"https:\/\/wizardly-davinci.82-223-8-23.plesk.page\/en\/wp-json\/wp\/v2\/autor_id?post=16600"},{"taxonomy":"universidades_coeditoras","embeddable":true,"href":"https:\/\/wizardly-davinci.82-223-8-23.plesk.page\/en\/wp-json\/wp\/v2\/universidades_coeditoras?post=16600"},{"taxonomy":"palabras_clave","embeddable":true,"href":"https:\/\/wizardly-davinci.82-223-8-23.plesk.page\/en\/wp-json\/wp\/v2\/palabras_clave?post=16600"},{"taxonomy":"listado_alfabetico","embeddable":true,"href":"https:\/\/wizardly-davinci.82-223-8-23.plesk.page\/en\/wp-json\/wp\/v2\/listado_alfabetico?post=16600"}],"curies":[{"name":"wp","href":"https:\/\/api.w.org\/{rel}","templated":true}]}}