{"id":16606,"date":"2019-04-09T22:10:11","date_gmt":"2019-04-09T22:10:11","guid":{"rendered":"https:\/\/octaedro.com\/producto\/soy-adulto-soy-adoptado\/"},"modified":"2023-04-20T10:17:50","modified_gmt":"2023-04-20T08:17:50","slug":"soy-adulto-soy-adoptado","status":"publish","type":"product","link":"https:\/\/wizardly-davinci.82-223-8-23.plesk.page\/en\/producto\/soy-adulto-soy-adoptado\/","title":{"rendered":"Soy adulto, soy adoptado"},"content":{"rendered":"<p>Ser adoptado es una circunstancia para toda la vida, presente tambi\u00e9n en la edad adulta, m\u00e1s all\u00e1 de la infancia y la adolescencia. La huella emocional del hecho adoptivo, igual que la de otros sucesos significativos, no influye por igual a todas las personas, que vivir\u00e1n de formas diversas los cambios vitales, la toma de decisiones y la gesti\u00f3n de las relaciones personales.<br \/>\nEste libro pretende ser de ayuda para acompa\u00f1ar y entender los procesos internos y emocionales que las personas adoptadas pueden presentar ante situaciones cotidianas que se dan a lo largo del ciclo vital y que a menudo estan relacionados con su realidad espec\u00edfica.<br \/>\nEl libro va dirigido a quienes conviven y se relacionan con personas adoptadas y las acompa\u00f1an en su camino, como las parejas, los hijos, los padres, los hermanos, los amigos, etc. Por otro lado, puede interesar a profesionales que trabajan e investigan sobre la adopci\u00f3n. Tambi\u00e9n ser\u00e1 de inter\u00e9s para las mismas personas adoptadas, ya que se recogen m\u00faltiples testimonios que describen experiencias vinculadas a la adopci\u00f3n, en las que se ver\u00e1n reflejadas.<\/p>\n","protected":false},"excerpt":{"rendered":"<p>Ser adoptado es una circunstancia para toda la vida, presente tambi\u00e9n en la edad adulta, m\u00e1s all\u00e1 de la infancia y la adolescencia. La huella emocional del hecho adoptivo, igual que la de otros sucesos significativos, no influye por igual a todas las personas, que vivir\u00e1n de formas diversas los cambios vitales, la toma de decisiones y la gesti\u00f3n de las relaciones personales.<br \/>\nEste libro pretende ser de ayuda para acompa\u00f1ar y entender los procesos internos y emocionales que las personas adoptadas pueden presentar ante situaciones cotidianas que se dan a lo largo del ciclo vital y que a menudo estan relacionados con su realidad espec\u00edfica.<br \/>\nEl libro va dirigido a quienes conviven y se relacionan con personas adoptadas y las acompa\u00f1an en su camino, como las parejas, los hijos, los padres, los hermanos, los amigos, etc. Por otro lado, puede interesar a profesionales que trabajan e investigan sobre la adopci\u00f3n. Tambi\u00e9n ser\u00e1 de inter\u00e9s para las mismas personas adoptadas, ya que se recogen m\u00faltiples testimonios que describen experiencias vinculadas a la adopci\u00f3n, en las que se ver\u00e1n reflejadas.<\/p>\n","protected":false},"featured_media":16607,"comment_status":"open","ping_status":"closed","template":"","meta":{"_et_pb_use_builder":"","_et_pb_old_content":"","_et_gb_content_width":""},"product_cat":[1505,1512,6674,6675,9825],"product_tag":[2608],"edicion":[1085,1083],"editoriales":[1160],"tienda":[],"autor_id":[8428,8833,8830,8831,8395,8832],"universidades_coeditoras":[],"palabras_clave":[],"listado_alfabetico":[],"acf":[],"_links":{"self":[{"href":"https:\/\/wizardly-davinci.82-223-8-23.plesk.page\/en\/wp-json\/wp\/v2\/product\/16606"}],"collection":[{"href":"https:\/\/wizardly-davinci.82-223-8-23.plesk.page\/en\/wp-json\/wp\/v2\/product"}],"about":[{"href":"https:\/\/wizardly-davinci.82-223-8-23.plesk.page\/en\/wp-json\/wp\/v2\/types\/product"}],"replies":[{"embeddable":true,"href":"https:\/\/wizardly-davinci.82-223-8-23.plesk.page\/en\/wp-json\/wp\/v2\/comments?post=16606"}],"wp:featuredmedia":[{"embeddable":true,"href":"https:\/\/wizardly-davinci.82-223-8-23.plesk.page\/en\/wp-json\/wp\/v2\/media\/16607"}],"wp:attachment":[{"href":"https:\/\/wizardly-davinci.82-223-8-23.plesk.page\/en\/wp-json\/wp\/v2\/media?parent=16606"}],"wp:term":[{"taxonomy":"product_cat","embeddable":true,"href":"https:\/\/wizardly-davinci.82-223-8-23.plesk.page\/en\/wp-json\/wp\/v2\/product_cat?post=16606"},{"taxonomy":"product_tag","embeddable":true,"href":"https:\/\/wizardly-davinci.82-223-8-23.plesk.page\/en\/wp-json\/wp\/v2\/product_tag?post=16606"},{"taxonomy":"edicion","embeddable":true,"href":"https:\/\/wizardly-davinci.82-223-8-23.plesk.page\/en\/wp-json\/wp\/v2\/edicion?post=16606"},{"taxonomy":"editoriales","embeddable":true,"href":"https:\/\/wizardly-davinci.82-223-8-23.plesk.page\/en\/wp-json\/wp\/v2\/editoriales?post=16606"},{"taxonomy":"tienda","embeddable":true,"href":"https:\/\/wizardly-davinci.82-223-8-23.plesk.page\/en\/wp-json\/wp\/v2\/tienda?post=16606"},{"taxonomy":"autor_id","embeddable":true,"href":"https:\/\/wizardly-davinci.82-223-8-23.plesk.page\/en\/wp-json\/wp\/v2\/autor_id?post=16606"},{"taxonomy":"universidades_coeditoras","embeddable":true,"href":"https:\/\/wizardly-davinci.82-223-8-23.plesk.page\/en\/wp-json\/wp\/v2\/universidades_coeditoras?post=16606"},{"taxonomy":"palabras_clave","embeddable":true,"href":"https:\/\/wizardly-davinci.82-223-8-23.plesk.page\/en\/wp-json\/wp\/v2\/palabras_clave?post=16606"},{"taxonomy":"listado_alfabetico","embeddable":true,"href":"https:\/\/wizardly-davinci.82-223-8-23.plesk.page\/en\/wp-json\/wp\/v2\/listado_alfabetico?post=16606"}],"curies":[{"name":"wp","href":"https:\/\/api.w.org\/{rel}","templated":true}]}}