{"id":16608,"date":"2019-04-09T22:10:12","date_gmt":"2019-04-09T22:10:12","guid":{"rendered":"https:\/\/octaedro.com\/producto\/teatro-y-dramaterapia\/"},"modified":"2023-04-20T10:17:56","modified_gmt":"2023-04-20T08:17:56","slug":"teatro-y-dramaterapia","status":"publish","type":"product","link":"https:\/\/wizardly-davinci.82-223-8-23.plesk.page\/en\/producto\/teatro-y-dramaterapia\/","title":{"rendered":"Teatro y dramaterapia"},"content":{"rendered":"<p>La dramaterapia, o terapia a trav\u00e9s del teatro, es una pr\u00e1ctica emergente cuyas fuentes provienen del arte, el psicoan\u00e1lisis y la psicolog\u00eda anglosajona. Mediante la catarsis, la ficci\u00f3n, el desdoblamiento o la teatralidad, los pacientes pueden encontrar la manera de expresar y superar sus sufrimientos.<\/p>\n<p>En esta obra se analizan algunas de las formas que prefieren los dramaterapeutas: la improvisaci\u00f3n, las marionetas, la <em> commedia dell\u2019arte <\/em>, el cuento, la escritura teatral, la gestualidad no verbal, la m\u00e1scara, el psicodrama, la teatralizaci\u00f3n de los sue\u00f1os o los recuerdos\u2026<\/p>\n<p>Dado que esta pr\u00e1ctica tiene sus contraindicaciones, Jean-Pierre Klein nos advierte de algunas trampas que es preciso evitar.<\/p>\n","protected":false},"excerpt":{"rendered":"<p>La dramaterapia, o terapia a trav\u00e9s del teatro, es una pr\u00e1ctica emergente cuyas fuentes provienen del arte, el psicoan\u00e1lisis y la psicolog\u00eda anglosajona. Mediante la catarsis, la ficci\u00f3n, el desdoblamiento o la teatralidad, los pacientes pueden encontrar la manera de expresar y superar sus sufrimientos.<\/p>\n<p>En esta obra se analizan algunas de las formas que prefieren los dramaterapeutas: la improvisaci\u00f3n, las marionetas, la <em> commedia dell\u2019arte <\/em>, el cuento, la escritura teatral, la gestualidad no verbal, la m\u00e1scara, el psicodrama, la teatralizaci\u00f3n de los sue\u00f1os o los recuerdos\u2026<\/p>\n<p>Dado que esta pr\u00e1ctica tiene sus contraindicaciones, Jean-Pierre Klein nos advierte de algunas trampas que es preciso evitar.<\/p>\n","protected":false},"featured_media":16609,"comment_status":"open","ping_status":"closed","template":"","meta":{"_et_pb_use_builder":"","_et_pb_old_content":"","_et_gb_content_width":""},"product_cat":[1505,2606,1512,6674,6675,9825],"product_tag":[2608],"edicion":[1085,1083],"editoriales":[1160],"tienda":[],"autor_id":[5778],"universidades_coeditoras":[],"palabras_clave":[],"listado_alfabetico":[],"acf":[],"_links":{"self":[{"href":"https:\/\/wizardly-davinci.82-223-8-23.plesk.page\/en\/wp-json\/wp\/v2\/product\/16608"}],"collection":[{"href":"https:\/\/wizardly-davinci.82-223-8-23.plesk.page\/en\/wp-json\/wp\/v2\/product"}],"about":[{"href":"https:\/\/wizardly-davinci.82-223-8-23.plesk.page\/en\/wp-json\/wp\/v2\/types\/product"}],"replies":[{"embeddable":true,"href":"https:\/\/wizardly-davinci.82-223-8-23.plesk.page\/en\/wp-json\/wp\/v2\/comments?post=16608"}],"wp:featuredmedia":[{"embeddable":true,"href":"https:\/\/wizardly-davinci.82-223-8-23.plesk.page\/en\/wp-json\/wp\/v2\/media\/16609"}],"wp:attachment":[{"href":"https:\/\/wizardly-davinci.82-223-8-23.plesk.page\/en\/wp-json\/wp\/v2\/media?parent=16608"}],"wp:term":[{"taxonomy":"product_cat","embeddable":true,"href":"https:\/\/wizardly-davinci.82-223-8-23.plesk.page\/en\/wp-json\/wp\/v2\/product_cat?post=16608"},{"taxonomy":"product_tag","embeddable":true,"href":"https:\/\/wizardly-davinci.82-223-8-23.plesk.page\/en\/wp-json\/wp\/v2\/product_tag?post=16608"},{"taxonomy":"edicion","embeddable":true,"href":"https:\/\/wizardly-davinci.82-223-8-23.plesk.page\/en\/wp-json\/wp\/v2\/edicion?post=16608"},{"taxonomy":"editoriales","embeddable":true,"href":"https:\/\/wizardly-davinci.82-223-8-23.plesk.page\/en\/wp-json\/wp\/v2\/editoriales?post=16608"},{"taxonomy":"tienda","embeddable":true,"href":"https:\/\/wizardly-davinci.82-223-8-23.plesk.page\/en\/wp-json\/wp\/v2\/tienda?post=16608"},{"taxonomy":"autor_id","embeddable":true,"href":"https:\/\/wizardly-davinci.82-223-8-23.plesk.page\/en\/wp-json\/wp\/v2\/autor_id?post=16608"},{"taxonomy":"universidades_coeditoras","embeddable":true,"href":"https:\/\/wizardly-davinci.82-223-8-23.plesk.page\/en\/wp-json\/wp\/v2\/universidades_coeditoras?post=16608"},{"taxonomy":"palabras_clave","embeddable":true,"href":"https:\/\/wizardly-davinci.82-223-8-23.plesk.page\/en\/wp-json\/wp\/v2\/palabras_clave?post=16608"},{"taxonomy":"listado_alfabetico","embeddable":true,"href":"https:\/\/wizardly-davinci.82-223-8-23.plesk.page\/en\/wp-json\/wp\/v2\/listado_alfabetico?post=16608"}],"curies":[{"name":"wp","href":"https:\/\/api.w.org\/{rel}","templated":true}]}}