{"id":16612,"date":"2019-04-09T22:10:13","date_gmt":"2019-04-09T22:10:13","guid":{"rendered":"https:\/\/octaedro.com\/producto\/por-que-hablamos-los-humanos\/"},"modified":"2023-04-20T10:18:09","modified_gmt":"2023-04-20T08:18:09","slug":"por-que-hablamos-los-humanos","status":"publish","type":"product","link":"https:\/\/wizardly-davinci.82-223-8-23.plesk.page\/en\/producto\/por-que-hablamos-los-humanos\/","title":{"rendered":"\u00bfPor qu\u00e9 hablamos los humanos?"},"content":{"rendered":"<p>Los humanos son los \u00fanicos animales que realmente pueden hablar. Pero \u00bfdesde cu\u00e1ndo ocurre esto? Y a\u00fan m\u00e1s importante, \u00bfpor qu\u00e9? \u00bfEs el lenguaje un regalo del cielo o result\u00f3 de un proceso hist\u00f3rico-evolutivo? Y si fue el resultado de un proceso, \u00bfc\u00f3mo se origin\u00f3 y desarroll\u00f3 este?<\/p>\n<p>La ling\u00fcista Ruth Berger cuenta en esta apasionante historia c\u00f3mo, cu\u00e1ndo y por qu\u00e9 el ser humano fue el \u00fanico que lleg\u00f3 a poseer el lenguaje. De manera ilustrativa re\u00fane por primera vez los conocimientos m\u00e1s recientes de la biolog\u00eda, la neurolog\u00eda, la arqueolog\u00eda, la paleoantropolog\u00eda y la ling\u00fc\u00edstica, y explica v\u00edvidamente su importancia en la aparici\u00f3n del lenguaje. En su viaje a trav\u00e9s de la historia de la evoluci\u00f3n no solo nos aclara por qu\u00e9 los simios antropomorfos no aprenden a hablar o lo que revelan los nuevos hallazgos \u00f3seos sobre la capacidad ling\u00fc\u00edstica del <em>Homo erectus<\/em>, sino que tambi\u00e9n nos explica por qu\u00e9 no existen reglas ling\u00fc\u00edsticas innatas.<\/p>\n<p>Para poder responder a los interrogantes sobre el origen del lenguaje humano, la ling\u00fcista Ruth Berger, en una <strong> edici\u00f3n actualizada y ampliada<\/strong>, ha reunido en esta obra de divulgaci\u00f3n los hallazgos de las investigaciones m\u00e1s recientes en ling\u00fc\u00edstica, paleoantropolog\u00eda, biolog\u00eda, arqueolog\u00eda y neurolog\u00eda. La autora demuestra que el lenguaje no surgi\u00f3 al final de la evoluci\u00f3n humana, sino que ha influido desde el principio y de forma decisiva en el desarrollo del cerebro y del comportamiento humano.<\/p>\n<p>-En el <strong><em>Frankfurter Allgemeine Zeitung<\/em><\/strong>: \u00abLa vieja controversia entre los investigadores que piensan que los humanos poseemos un instinto ling\u00fc\u00edstico y los que opinan que nuestro lenguaje es una invenci\u00f3n cultural ha llenado muchos metros de estanter\u00edas en las bibliotecas. Sin embargo, el nuevo libro de Ruth Berger merece la pena porque muestra claramente lo absurdas que son este tipo de polarizaciones &#8230; La autora confronta entre s\u00ed las distintas posturas y, en lugar de presentar al lector una tesis impactante, ofrece una selecta exposici\u00f3n informativa y de agradable lectura de las evidencias actuales sobre el origen del lenguaje.\u00bb<\/p>\n<p>-En el <strong><em>Frankfurter Rundschau<\/em><\/strong>: \u00abEn esta obra Ruth Berger combina de forma magistral los conocimientos de las ciencias naturales y sociales, y escribe adem\u00e1s con un estilo ingenioso y refinado. Un libro brillante.\u00bb<\/p>\n<p>-En la emisora <strong><em>Deutschlandfunk<\/em><\/strong>: \u00abEn el libro \u201c\u00bfPor qu\u00e9 hablamos los humanos?\u201d Ruth Berger logra transmitir un compendio de historia natural del lenguaje; es serio y a la vez divertido\u00bb<\/p>\n<p>-En la emisora cultural <strong><em>Deutschlandfunkkultur<\/em><\/strong>: \u00ab<em>\u00bfPor qu\u00e9 hablamos los humanos? <\/em> tiene el nivel de una obra de referencia que somete al lector a las pruebas m\u00e1s duras, pero que consigue tambi\u00e9n despertar enormemente su curiosidad, endulzando suficientemente el ejercicio intelectual con encanto, agudeza de ingenio y ejemplos divertidos.\u00bb<\/p>\n","protected":false},"excerpt":{"rendered":"<p>Los humanos son los \u00fanicos animales que realmente pueden hablar. Pero \u00bfdesde cu\u00e1ndo ocurre esto? Y a\u00fan m\u00e1s importante, \u00bfpor qu\u00e9? \u00bfEs el lenguaje un regalo del cielo o result\u00f3 de un proceso hist\u00f3rico-evolutivo? Y si fue el resultado de un proceso, \u00bfc\u00f3mo se origin\u00f3 y desarroll\u00f3 este?<\/p>\n<p>La ling\u00fcista Ruth Berger cuenta en esta apasionante historia c\u00f3mo, cu\u00e1ndo y por qu\u00e9 el ser humano fue el \u00fanico que lleg\u00f3 a poseer el lenguaje. De manera ilustrativa re\u00fane por primera vez los conocimientos m\u00e1s recientes de la biolog\u00eda, la neurolog\u00eda, la arqueolog\u00eda, la paleoantropolog\u00eda y la ling\u00fc\u00edstica, y explica v\u00edvidamente su importancia en la aparici\u00f3n del lenguaje. En su viaje a trav\u00e9s de la historia de la evoluci\u00f3n no solo nos aclara por qu\u00e9 los simios antropomorfos no aprenden a hablar o lo que revelan los nuevos hallazgos \u00f3seos sobre la capacidad ling\u00fc\u00edstica del <em>Homo erectus<\/em>, sino que tambi\u00e9n nos explica por qu\u00e9 no existen reglas ling\u00fc\u00edsticas innatas.<\/p>\n<p>Para poder responder a los interrogantes sobre el origen del lenguaje humano, la ling\u00fcista Ruth Berger, en una <strong> edici\u00f3n actualizada y ampliada<\/strong>, ha reunido en esta obra de divulgaci\u00f3n los hallazgos de las investigaciones m\u00e1s recientes en ling\u00fc\u00edstica, paleoantropolog\u00eda, biolog\u00eda, arqueolog\u00eda y neurolog\u00eda. La autora demuestra que el lenguaje no surgi\u00f3 al final de la evoluci\u00f3n humana, sino que ha influido desde el principio y de forma decisiva en el desarrollo del cerebro y del comportamiento humano.<\/p>\n<p>-En el <strong><em>Frankfurter Allgemeine Zeitung<\/em><\/strong>: \u00abLa vieja controversia entre los investigadores que piensan que los humanos poseemos un instinto ling\u00fc\u00edstico y los que opinan que nuestro lenguaje es una invenci\u00f3n cultural ha llenado muchos metros de estanter\u00edas en las bibliotecas. Sin embargo, el nuevo libro de Ruth Berger merece la pena porque muestra claramente lo absurdas que son este tipo de polarizaciones &#8230; La autora confronta entre s\u00ed las distintas posturas y, en lugar de presentar al lector una tesis impactante, ofrece una selecta exposici\u00f3n informativa y de agradable lectura de las evidencias actuales sobre el origen del lenguaje.\u00bb<\/p>\n<p>-En el <strong><em>Frankfurter Rundschau<\/em><\/strong>: \u00abEn esta obra Ruth Berger combina de forma magistral los conocimientos de las ciencias naturales y sociales, y escribe adem\u00e1s con un estilo ingenioso y refinado. Un libro brillante.\u00bb<\/p>\n<p>-En la emisora <strong><em>Deutschlandfunk<\/em><\/strong>: \u00abEn el libro \u201c\u00bfPor qu\u00e9 hablamos los humanos?\u201d Ruth Berger logra transmitir un compendio de historia natural del lenguaje; es serio y a la vez divertido\u00bb<\/p>\n<p>-En la emisora cultural <strong><em>Deutschlandfunkkultur<\/em><\/strong>: \u00ab<em>\u00bfPor qu\u00e9 hablamos los humanos? <\/em> tiene el nivel de una obra de referencia que somete al lector a las pruebas m\u00e1s duras, pero que consigue tambi\u00e9n despertar enormemente su curiosidad, endulzando suficientemente el ejercicio intelectual con encanto, agudeza de ingenio y ejemplos divertidos.\u00bb<\/p>\n","protected":false},"featured_media":16613,"comment_status":"open","ping_status":"closed","template":"","meta":{"_et_pb_use_builder":"","_et_pb_old_content":"","_et_gb_content_width":""},"product_cat":[1505,1512,6675],"product_tag":[2602],"edicion":[1083],"editoriales":[1160],"tienda":[],"autor_id":[5145],"universidades_coeditoras":[],"palabras_clave":[],"listado_alfabetico":[],"acf":[],"_links":{"self":[{"href":"https:\/\/wizardly-davinci.82-223-8-23.plesk.page\/en\/wp-json\/wp\/v2\/product\/16612"}],"collection":[{"href":"https:\/\/wizardly-davinci.82-223-8-23.plesk.page\/en\/wp-json\/wp\/v2\/product"}],"about":[{"href":"https:\/\/wizardly-davinci.82-223-8-23.plesk.page\/en\/wp-json\/wp\/v2\/types\/product"}],"replies":[{"embeddable":true,"href":"https:\/\/wizardly-davinci.82-223-8-23.plesk.page\/en\/wp-json\/wp\/v2\/comments?post=16612"}],"wp:featuredmedia":[{"embeddable":true,"href":"https:\/\/wizardly-davinci.82-223-8-23.plesk.page\/en\/wp-json\/wp\/v2\/media\/16613"}],"wp:attachment":[{"href":"https:\/\/wizardly-davinci.82-223-8-23.plesk.page\/en\/wp-json\/wp\/v2\/media?parent=16612"}],"wp:term":[{"taxonomy":"product_cat","embeddable":true,"href":"https:\/\/wizardly-davinci.82-223-8-23.plesk.page\/en\/wp-json\/wp\/v2\/product_cat?post=16612"},{"taxonomy":"product_tag","embeddable":true,"href":"https:\/\/wizardly-davinci.82-223-8-23.plesk.page\/en\/wp-json\/wp\/v2\/product_tag?post=16612"},{"taxonomy":"edicion","embeddable":true,"href":"https:\/\/wizardly-davinci.82-223-8-23.plesk.page\/en\/wp-json\/wp\/v2\/edicion?post=16612"},{"taxonomy":"editoriales","embeddable":true,"href":"https:\/\/wizardly-davinci.82-223-8-23.plesk.page\/en\/wp-json\/wp\/v2\/editoriales?post=16612"},{"taxonomy":"tienda","embeddable":true,"href":"https:\/\/wizardly-davinci.82-223-8-23.plesk.page\/en\/wp-json\/wp\/v2\/tienda?post=16612"},{"taxonomy":"autor_id","embeddable":true,"href":"https:\/\/wizardly-davinci.82-223-8-23.plesk.page\/en\/wp-json\/wp\/v2\/autor_id?post=16612"},{"taxonomy":"universidades_coeditoras","embeddable":true,"href":"https:\/\/wizardly-davinci.82-223-8-23.plesk.page\/en\/wp-json\/wp\/v2\/universidades_coeditoras?post=16612"},{"taxonomy":"palabras_clave","embeddable":true,"href":"https:\/\/wizardly-davinci.82-223-8-23.plesk.page\/en\/wp-json\/wp\/v2\/palabras_clave?post=16612"},{"taxonomy":"listado_alfabetico","embeddable":true,"href":"https:\/\/wizardly-davinci.82-223-8-23.plesk.page\/en\/wp-json\/wp\/v2\/listado_alfabetico?post=16612"}],"curies":[{"name":"wp","href":"https:\/\/api.w.org\/{rel}","templated":true}]}}