{"id":16614,"date":"2019-04-09T22:10:14","date_gmt":"2019-04-09T22:10:14","guid":{"rendered":"https:\/\/octaedro.com\/producto\/palos-en-las-ruedas\/"},"modified":"2023-04-20T10:18:16","modified_gmt":"2023-04-20T08:18:16","slug":"palos-en-las-ruedas","status":"publish","type":"product","link":"https:\/\/wizardly-davinci.82-223-8-23.plesk.page\/en\/producto\/palos-en-las-ruedas\/","title":{"rendered":"Palos en las ruedas"},"content":{"rendered":"<p>El oficio de vivir implica habitualmente sufrir episodios traum\u00e1ticos, los cuales pueden ser puntuales o bien desarrollarse a lo largo de un cierto periodo de tiempo. Vivimos en una sociedad que exige soluciones inmediatas, cosa que no contribuye a la recuperaci\u00f3n del trauma. Al contrario, sobreponerse a este comporta, como m\u00ednimo, un conocimiento profundo de nuestra identidad y de la influencia que ejercen sobre nosotros los dem\u00e1s, como individuos y como sociedad. En ocasiones quien traumatiza no tiene conciencia de ello; otras veces el da\u00f1o se hace adrede y manipulando.<\/p>\n<p>El libro que tiene en sus manos ofrece una perspectiva comprometida sobre las personas que traumatizan y sobre la importancia de \u00ablo social\u00bb de cara a su superaci\u00f3n o a conmocionarnos todav\u00eda m\u00e1s. Con un lenguaje divulgativo y en comunicaci\u00f3n continua con el lector, el autor aporta precisas explicaciones te\u00f3ricas, as\u00ed como interesantes discusiones a trav\u00e9s de casos cl\u00ednicos, series actuales, literatura y pel\u00edculas.<\/p>\n<p>Recuperarse de lo traum\u00e1tico y de sus efectos es posible, pero para ello es necesario romper tab\u00faes y vencer trampas como la b\u00fasqueda superficial de la felicidad, la actitud enga\u00f1osamente positiva ante la realidad, el refugio en relaciones que entorpecen m\u00e1s que ayudan o la virtualizaci\u00f3n de lo real propuesta por las redes sociales y los medios de comunicaci\u00f3n.<\/p>\n","protected":false},"excerpt":{"rendered":"<p>El oficio de vivir implica habitualmente sufrir episodios traum\u00e1ticos, los cuales pueden ser puntuales o bien desarrollarse a lo largo de un cierto periodo de tiempo. Vivimos en una sociedad que exige soluciones inmediatas, cosa que no contribuye a la recuperaci\u00f3n del trauma. Al contrario, sobreponerse a este comporta, como m\u00ednimo, un conocimiento profundo de nuestra identidad y de la influencia que ejercen sobre nosotros los dem\u00e1s, como individuos y como sociedad. En ocasiones quien traumatiza no tiene conciencia de ello; otras veces el da\u00f1o se hace adrede y manipulando.<\/p>\n<p>El libro que tiene en sus manos ofrece una perspectiva comprometida sobre las personas que traumatizan y sobre la importancia de \u00ablo social\u00bb de cara a su superaci\u00f3n o a conmocionarnos todav\u00eda m\u00e1s. Con un lenguaje divulgativo y en comunicaci\u00f3n continua con el lector, el autor aporta precisas explicaciones te\u00f3ricas, as\u00ed como interesantes discusiones a trav\u00e9s de casos cl\u00ednicos, series actuales, literatura y pel\u00edculas.<\/p>\n<p>Recuperarse de lo traum\u00e1tico y de sus efectos es posible, pero para ello es necesario romper tab\u00faes y vencer trampas como la b\u00fasqueda superficial de la felicidad, la actitud enga\u00f1osamente positiva ante la realidad, el refugio en relaciones que entorpecen m\u00e1s que ayudan o la virtualizaci\u00f3n de lo real propuesta por las redes sociales y los medios de comunicaci\u00f3n.<\/p>\n","protected":false},"featured_media":16615,"comment_status":"open","ping_status":"closed","template":"","meta":{"_et_pb_use_builder":"","_et_pb_old_content":"","_et_gb_content_width":""},"product_cat":[1505,10349,2606,1512,6674,6675,9825],"product_tag":[2608],"edicion":[1085,1083],"editoriales":[1160],"tienda":[],"autor_id":[6221],"universidades_coeditoras":[],"palabras_clave":[],"listado_alfabetico":[],"acf":[],"_links":{"self":[{"href":"https:\/\/wizardly-davinci.82-223-8-23.plesk.page\/en\/wp-json\/wp\/v2\/product\/16614"}],"collection":[{"href":"https:\/\/wizardly-davinci.82-223-8-23.plesk.page\/en\/wp-json\/wp\/v2\/product"}],"about":[{"href":"https:\/\/wizardly-davinci.82-223-8-23.plesk.page\/en\/wp-json\/wp\/v2\/types\/product"}],"replies":[{"embeddable":true,"href":"https:\/\/wizardly-davinci.82-223-8-23.plesk.page\/en\/wp-json\/wp\/v2\/comments?post=16614"}],"wp:featuredmedia":[{"embeddable":true,"href":"https:\/\/wizardly-davinci.82-223-8-23.plesk.page\/en\/wp-json\/wp\/v2\/media\/16615"}],"wp:attachment":[{"href":"https:\/\/wizardly-davinci.82-223-8-23.plesk.page\/en\/wp-json\/wp\/v2\/media?parent=16614"}],"wp:term":[{"taxonomy":"product_cat","embeddable":true,"href":"https:\/\/wizardly-davinci.82-223-8-23.plesk.page\/en\/wp-json\/wp\/v2\/product_cat?post=16614"},{"taxonomy":"product_tag","embeddable":true,"href":"https:\/\/wizardly-davinci.82-223-8-23.plesk.page\/en\/wp-json\/wp\/v2\/product_tag?post=16614"},{"taxonomy":"edicion","embeddable":true,"href":"https:\/\/wizardly-davinci.82-223-8-23.plesk.page\/en\/wp-json\/wp\/v2\/edicion?post=16614"},{"taxonomy":"editoriales","embeddable":true,"href":"https:\/\/wizardly-davinci.82-223-8-23.plesk.page\/en\/wp-json\/wp\/v2\/editoriales?post=16614"},{"taxonomy":"tienda","embeddable":true,"href":"https:\/\/wizardly-davinci.82-223-8-23.plesk.page\/en\/wp-json\/wp\/v2\/tienda?post=16614"},{"taxonomy":"autor_id","embeddable":true,"href":"https:\/\/wizardly-davinci.82-223-8-23.plesk.page\/en\/wp-json\/wp\/v2\/autor_id?post=16614"},{"taxonomy":"universidades_coeditoras","embeddable":true,"href":"https:\/\/wizardly-davinci.82-223-8-23.plesk.page\/en\/wp-json\/wp\/v2\/universidades_coeditoras?post=16614"},{"taxonomy":"palabras_clave","embeddable":true,"href":"https:\/\/wizardly-davinci.82-223-8-23.plesk.page\/en\/wp-json\/wp\/v2\/palabras_clave?post=16614"},{"taxonomy":"listado_alfabetico","embeddable":true,"href":"https:\/\/wizardly-davinci.82-223-8-23.plesk.page\/en\/wp-json\/wp\/v2\/listado_alfabetico?post=16614"}],"curies":[{"name":"wp","href":"https:\/\/api.w.org\/{rel}","templated":true}]}}