{"id":16617,"date":"2019-04-09T22:10:16","date_gmt":"2019-04-09T22:10:16","guid":{"rendered":"https:\/\/octaedro.com\/producto\/el-autismo-entre-mi-hijo-y-yo\/"},"modified":"2023-04-20T10:18:22","modified_gmt":"2023-04-20T08:18:22","slug":"el-autismo-entre-mi-hijo-y-yo","status":"publish","type":"product","link":"https:\/\/wizardly-davinci.82-223-8-23.plesk.page\/en\/producto\/el-autismo-entre-mi-hijo-y-yo\/","title":{"rendered":"El autismo entre mi hijo y yo"},"content":{"rendered":"<p>\u00bfQu\u00e9 pasar\u00eda si el mundo de tu hijo y el tuyo fueran diferentes? \u00bfY si tu proyecto vital se desmoronara por completo? Joan tiene autismo y yo soy su madre. Os invito a acercaros a su mundo, a avanzar a su lado.<\/p>\n<p>Su visi\u00f3n de la vida me ha hecho replantearme la m\u00eda. Soy psiquiatra y hace pocos a\u00f1os me han diagnosticado un trastorno bipolar. S\u00ed, he tenido que sentarme al otro lado de la mesa.<\/p>\n<p>Esta es la historia de un hijo y su madre a quienes la vida decidi\u00f3 hacer \u00abdiferentes\u00bb. Aqu\u00ed est\u00e1n descritas mis vivencias, mis sentimientos, nuestra evoluci\u00f3n a lo largo de los a\u00f1os. Pero, sobre todo, esta es una historia de crecimiento personal a trav\u00e9s de las dificultades.<\/p>\n<p>Y est\u00e1 escrita, simplemente, desde el coraz\u00f3n.<\/p>\n<p><em>Eva Busquets<\/em><\/p>\n","protected":false},"excerpt":{"rendered":"<p>\u00bfQu\u00e9 pasar\u00eda si el mundo de tu hijo y el tuyo fueran diferentes? \u00bfY si tu proyecto vital se desmoronara por completo? Joan tiene autismo y yo soy su madre. Os invito a acercaros a su mundo, a avanzar a su lado.<\/p>\n<p>Su visi\u00f3n de la vida me ha hecho replantearme la m\u00eda. Soy psiquiatra y hace pocos a\u00f1os me han diagnosticado un trastorno bipolar. S\u00ed, he tenido que sentarme al otro lado de la mesa.<\/p>\n<p>Esta es la historia de un hijo y su madre a quienes la vida decidi\u00f3 hacer \u00abdiferentes\u00bb. Aqu\u00ed est\u00e1n descritas mis vivencias, mis sentimientos, nuestra evoluci\u00f3n a lo largo de los a\u00f1os. Pero, sobre todo, esta es una historia de crecimiento personal a trav\u00e9s de las dificultades.<\/p>\n<p>Y est\u00e1 escrita, simplemente, desde el coraz\u00f3n.<\/p>\n<p><em>Eva Busquets<\/em><\/p>\n","protected":false},"featured_media":20827,"comment_status":"open","ping_status":"closed","template":"","meta":{"_et_pb_use_builder":"","_et_pb_old_content":"","_et_gb_content_width":""},"product_cat":[1505,1512,6675,7113,9825],"product_tag":[2602],"edicion":[1083],"editoriales":[1160],"tienda":[],"autor_id":[5195],"universidades_coeditoras":[],"palabras_clave":[],"listado_alfabetico":[],"acf":[],"_links":{"self":[{"href":"https:\/\/wizardly-davinci.82-223-8-23.plesk.page\/en\/wp-json\/wp\/v2\/product\/16617"}],"collection":[{"href":"https:\/\/wizardly-davinci.82-223-8-23.plesk.page\/en\/wp-json\/wp\/v2\/product"}],"about":[{"href":"https:\/\/wizardly-davinci.82-223-8-23.plesk.page\/en\/wp-json\/wp\/v2\/types\/product"}],"replies":[{"embeddable":true,"href":"https:\/\/wizardly-davinci.82-223-8-23.plesk.page\/en\/wp-json\/wp\/v2\/comments?post=16617"}],"wp:featuredmedia":[{"embeddable":true,"href":"https:\/\/wizardly-davinci.82-223-8-23.plesk.page\/en\/wp-json\/wp\/v2\/media\/20827"}],"wp:attachment":[{"href":"https:\/\/wizardly-davinci.82-223-8-23.plesk.page\/en\/wp-json\/wp\/v2\/media?parent=16617"}],"wp:term":[{"taxonomy":"product_cat","embeddable":true,"href":"https:\/\/wizardly-davinci.82-223-8-23.plesk.page\/en\/wp-json\/wp\/v2\/product_cat?post=16617"},{"taxonomy":"product_tag","embeddable":true,"href":"https:\/\/wizardly-davinci.82-223-8-23.plesk.page\/en\/wp-json\/wp\/v2\/product_tag?post=16617"},{"taxonomy":"edicion","embeddable":true,"href":"https:\/\/wizardly-davinci.82-223-8-23.plesk.page\/en\/wp-json\/wp\/v2\/edicion?post=16617"},{"taxonomy":"editoriales","embeddable":true,"href":"https:\/\/wizardly-davinci.82-223-8-23.plesk.page\/en\/wp-json\/wp\/v2\/editoriales?post=16617"},{"taxonomy":"tienda","embeddable":true,"href":"https:\/\/wizardly-davinci.82-223-8-23.plesk.page\/en\/wp-json\/wp\/v2\/tienda?post=16617"},{"taxonomy":"autor_id","embeddable":true,"href":"https:\/\/wizardly-davinci.82-223-8-23.plesk.page\/en\/wp-json\/wp\/v2\/autor_id?post=16617"},{"taxonomy":"universidades_coeditoras","embeddable":true,"href":"https:\/\/wizardly-davinci.82-223-8-23.plesk.page\/en\/wp-json\/wp\/v2\/universidades_coeditoras?post=16617"},{"taxonomy":"palabras_clave","embeddable":true,"href":"https:\/\/wizardly-davinci.82-223-8-23.plesk.page\/en\/wp-json\/wp\/v2\/palabras_clave?post=16617"},{"taxonomy":"listado_alfabetico","embeddable":true,"href":"https:\/\/wizardly-davinci.82-223-8-23.plesk.page\/en\/wp-json\/wp\/v2\/listado_alfabetico?post=16617"}],"curies":[{"name":"wp","href":"https:\/\/api.w.org\/{rel}","templated":true}]}}