{"id":16618,"date":"2019-04-09T22:10:17","date_gmt":"2019-04-09T22:10:17","guid":{"rendered":"https:\/\/octaedro.com\/producto\/salud-adulta-y-bienestar-a-partir-de-los-40\/"},"modified":"2023-04-20T10:18:28","modified_gmt":"2023-04-20T08:18:28","slug":"salud-adulta-y-bienestar-a-partir-de-los-40","status":"publish","type":"product","link":"https:\/\/wizardly-davinci.82-223-8-23.plesk.page\/en\/producto\/salud-adulta-y-bienestar-a-partir-de-los-40\/","title":{"rendered":"Salud adulta y bienestar a partir de los 40"},"content":{"rendered":"<p>A partir de los 40 a\u00f1os, es habitual encontrarse con problemas de salud de mayor o menor entidad, que inesperadamente irrumpen en nuestras vidas. La presente Gu\u00eda pretende ofrecer un enfoque cercano y pr\u00e1ctico sobre la salud, sus alteraciones (m\u00e1s de 150 dolencias) y la posibilidad de aumentar el bienestar mediante ajustes nutricionales y la toma de m\u00e1s de 300 productos diet\u00e9ticos de venta habitual en herbolarios, tiendas de diet\u00e9tica y parafarmacias a nivel nacional.<\/p>\n","protected":false},"excerpt":{"rendered":"<p>A partir de los 40 a\u00f1os, es habitual encontrarse con problemas de salud de mayor o menor entidad, que inesperadamente irrumpen en nuestras vidas. La presente Gu\u00eda pretende ofrecer un enfoque cercano y pr\u00e1ctico sobre la salud, sus alteraciones (m\u00e1s de 150 dolencias) y la posibilidad de aumentar el bienestar mediante ajustes nutricionales y la toma de m\u00e1s de 300 productos diet\u00e9ticos de venta habitual en herbolarios, tiendas de diet\u00e9tica y parafarmacias a nivel nacional.<\/p>\n","protected":false},"featured_media":16619,"comment_status":"open","ping_status":"closed","template":"","meta":{"_et_pb_use_builder":"","_et_pb_old_content":"","_et_gb_content_width":""},"product_cat":[1505,1512,6675,9825],"product_tag":[2602],"edicion":[1083],"editoriales":[1160],"tienda":[],"autor_id":[4994],"universidades_coeditoras":[],"palabras_clave":[],"listado_alfabetico":[],"acf":[],"_links":{"self":[{"href":"https:\/\/wizardly-davinci.82-223-8-23.plesk.page\/en\/wp-json\/wp\/v2\/product\/16618"}],"collection":[{"href":"https:\/\/wizardly-davinci.82-223-8-23.plesk.page\/en\/wp-json\/wp\/v2\/product"}],"about":[{"href":"https:\/\/wizardly-davinci.82-223-8-23.plesk.page\/en\/wp-json\/wp\/v2\/types\/product"}],"replies":[{"embeddable":true,"href":"https:\/\/wizardly-davinci.82-223-8-23.plesk.page\/en\/wp-json\/wp\/v2\/comments?post=16618"}],"wp:featuredmedia":[{"embeddable":true,"href":"https:\/\/wizardly-davinci.82-223-8-23.plesk.page\/en\/wp-json\/wp\/v2\/media\/16619"}],"wp:attachment":[{"href":"https:\/\/wizardly-davinci.82-223-8-23.plesk.page\/en\/wp-json\/wp\/v2\/media?parent=16618"}],"wp:term":[{"taxonomy":"product_cat","embeddable":true,"href":"https:\/\/wizardly-davinci.82-223-8-23.plesk.page\/en\/wp-json\/wp\/v2\/product_cat?post=16618"},{"taxonomy":"product_tag","embeddable":true,"href":"https:\/\/wizardly-davinci.82-223-8-23.plesk.page\/en\/wp-json\/wp\/v2\/product_tag?post=16618"},{"taxonomy":"edicion","embeddable":true,"href":"https:\/\/wizardly-davinci.82-223-8-23.plesk.page\/en\/wp-json\/wp\/v2\/edicion?post=16618"},{"taxonomy":"editoriales","embeddable":true,"href":"https:\/\/wizardly-davinci.82-223-8-23.plesk.page\/en\/wp-json\/wp\/v2\/editoriales?post=16618"},{"taxonomy":"tienda","embeddable":true,"href":"https:\/\/wizardly-davinci.82-223-8-23.plesk.page\/en\/wp-json\/wp\/v2\/tienda?post=16618"},{"taxonomy":"autor_id","embeddable":true,"href":"https:\/\/wizardly-davinci.82-223-8-23.plesk.page\/en\/wp-json\/wp\/v2\/autor_id?post=16618"},{"taxonomy":"universidades_coeditoras","embeddable":true,"href":"https:\/\/wizardly-davinci.82-223-8-23.plesk.page\/en\/wp-json\/wp\/v2\/universidades_coeditoras?post=16618"},{"taxonomy":"palabras_clave","embeddable":true,"href":"https:\/\/wizardly-davinci.82-223-8-23.plesk.page\/en\/wp-json\/wp\/v2\/palabras_clave?post=16618"},{"taxonomy":"listado_alfabetico","embeddable":true,"href":"https:\/\/wizardly-davinci.82-223-8-23.plesk.page\/en\/wp-json\/wp\/v2\/listado_alfabetico?post=16618"}],"curies":[{"name":"wp","href":"https:\/\/api.w.org\/{rel}","templated":true}]}}