{"id":16622,"date":"2019-04-09T22:10:18","date_gmt":"2019-04-09T22:10:18","guid":{"rendered":"https:\/\/octaedro.com\/producto\/guia-practica-de-la-salud-en-la-infancia-y-en-la-adolescencia\/"},"modified":"2023-04-20T10:18:43","modified_gmt":"2023-04-20T08:18:43","slug":"guia-practica-de-la-salud-en-la-infancia-y-en-la-adolescencia","status":"publish","type":"product","link":"https:\/\/wizardly-davinci.82-223-8-23.plesk.page\/en\/producto\/guia-practica-de-la-salud-en-la-infancia-y-en-la-adolescencia\/","title":{"rendered":"Gu\u00eda pr\u00e1ctica de la salud en la infancia y en la adolescencia"},"content":{"rendered":"<p>Los ni\u00f1os en edad escolar, y en especial los m\u00e1s peque\u00f1os, son el blanco habitual de numerosas dolencias que, aun no siendo graves, pueden causar situaciones de gran preocupaci\u00f3n y alarma. Desde el nacimiento, el sistema inmune (defensivo) tarda en madurar varios a\u00f1os y en ese proceso de maduraci\u00f3n est\u00e1 expuesto a numerosos retos procedentes de su entorno m\u00e1s directo. Un seguimiento de las pautas y preparados sugeridos a lo largo del libro va a permitir que las defensas sean m\u00e1s fuertes y eficaces. La manera como est\u00e1 presentada la informaci\u00f3n hace del libro una gu\u00eda pr\u00e1ctica y \u00fatil de consulta r\u00e1pida, de aspectos sobre la salud, explicados con un lenguaje claro y cercano.<\/p>\n","protected":false},"excerpt":{"rendered":"<p>Los ni\u00f1os en edad escolar, y en especial los m\u00e1s peque\u00f1os, son el blanco habitual de numerosas dolencias que, aun no siendo graves, pueden causar situaciones de gran preocupaci\u00f3n y alarma. Desde el nacimiento, el sistema inmune (defensivo) tarda en madurar varios a\u00f1os y en ese proceso de maduraci\u00f3n est\u00e1 expuesto a numerosos retos procedentes de su entorno m\u00e1s directo. Un seguimiento de las pautas y preparados sugeridos a lo largo del libro va a permitir que las defensas sean m\u00e1s fuertes y eficaces. La manera como est\u00e1 presentada la informaci\u00f3n hace del libro una gu\u00eda pr\u00e1ctica y \u00fatil de consulta r\u00e1pida, de aspectos sobre la salud, explicados con un lenguaje claro y cercano.<\/p>\n","protected":false},"featured_media":16623,"comment_status":"open","ping_status":"closed","template":"","meta":{"_et_pb_use_builder":"","_et_pb_old_content":"","_et_gb_content_width":""},"product_cat":[1505,1512],"product_tag":[2602],"edicion":[],"editoriales":[1160],"tienda":[],"autor_id":[4994],"universidades_coeditoras":[],"palabras_clave":[],"listado_alfabetico":[],"acf":[],"_links":{"self":[{"href":"https:\/\/wizardly-davinci.82-223-8-23.plesk.page\/en\/wp-json\/wp\/v2\/product\/16622"}],"collection":[{"href":"https:\/\/wizardly-davinci.82-223-8-23.plesk.page\/en\/wp-json\/wp\/v2\/product"}],"about":[{"href":"https:\/\/wizardly-davinci.82-223-8-23.plesk.page\/en\/wp-json\/wp\/v2\/types\/product"}],"replies":[{"embeddable":true,"href":"https:\/\/wizardly-davinci.82-223-8-23.plesk.page\/en\/wp-json\/wp\/v2\/comments?post=16622"}],"wp:featuredmedia":[{"embeddable":true,"href":"https:\/\/wizardly-davinci.82-223-8-23.plesk.page\/en\/wp-json\/wp\/v2\/media\/16623"}],"wp:attachment":[{"href":"https:\/\/wizardly-davinci.82-223-8-23.plesk.page\/en\/wp-json\/wp\/v2\/media?parent=16622"}],"wp:term":[{"taxonomy":"product_cat","embeddable":true,"href":"https:\/\/wizardly-davinci.82-223-8-23.plesk.page\/en\/wp-json\/wp\/v2\/product_cat?post=16622"},{"taxonomy":"product_tag","embeddable":true,"href":"https:\/\/wizardly-davinci.82-223-8-23.plesk.page\/en\/wp-json\/wp\/v2\/product_tag?post=16622"},{"taxonomy":"edicion","embeddable":true,"href":"https:\/\/wizardly-davinci.82-223-8-23.plesk.page\/en\/wp-json\/wp\/v2\/edicion?post=16622"},{"taxonomy":"editoriales","embeddable":true,"href":"https:\/\/wizardly-davinci.82-223-8-23.plesk.page\/en\/wp-json\/wp\/v2\/editoriales?post=16622"},{"taxonomy":"tienda","embeddable":true,"href":"https:\/\/wizardly-davinci.82-223-8-23.plesk.page\/en\/wp-json\/wp\/v2\/tienda?post=16622"},{"taxonomy":"autor_id","embeddable":true,"href":"https:\/\/wizardly-davinci.82-223-8-23.plesk.page\/en\/wp-json\/wp\/v2\/autor_id?post=16622"},{"taxonomy":"universidades_coeditoras","embeddable":true,"href":"https:\/\/wizardly-davinci.82-223-8-23.plesk.page\/en\/wp-json\/wp\/v2\/universidades_coeditoras?post=16622"},{"taxonomy":"palabras_clave","embeddable":true,"href":"https:\/\/wizardly-davinci.82-223-8-23.plesk.page\/en\/wp-json\/wp\/v2\/palabras_clave?post=16622"},{"taxonomy":"listado_alfabetico","embeddable":true,"href":"https:\/\/wizardly-davinci.82-223-8-23.plesk.page\/en\/wp-json\/wp\/v2\/listado_alfabetico?post=16622"}],"curies":[{"name":"wp","href":"https:\/\/api.w.org\/{rel}","templated":true}]}}