{"id":16624,"date":"2019-04-09T22:10:18","date_gmt":"2019-04-09T22:10:18","guid":{"rendered":"https:\/\/octaedro.com\/producto\/una-educacion-para-manana\/"},"modified":"2023-04-20T10:18:49","modified_gmt":"2023-04-20T08:18:49","slug":"una-educacion-para-manana","status":"publish","type":"product","link":"https:\/\/wizardly-davinci.82-223-8-23.plesk.page\/en\/producto\/una-educacion-para-manana\/","title":{"rendered":"Una educaci\u00f3n para ma\u00f1ana"},"content":{"rendered":"<p>Hoy todo va m\u00e1s deprisa. Los cambios en distintos \u00e1mbitos sociales son m\u00e1s veloces e imprevisibles. \u00bfTambi\u00e9n en la escuela? En esta instituci\u00f3n la renovaci\u00f3n general se resiste, a pesar de que existen ideas, proyectos y experiencias que ponen de relieve que el cambio es necesario y posible. En <em>Una educaci\u00f3n para ma\u00f1ana<\/em> se ponen relieve algunos de los obst\u00e1culos y posibilidades m\u00e1s relevantes de esta renovaci\u00f3n: en la escuela y en el conjunto de la educaci\u00f3n.<br \/>\nHay tres cuestiones que est\u00e1n presentes en toda la obra: la importancia de la relaci\u00f3n educativa entre los distintos actores para forjar una ciudadan\u00eda libre y democr\u00e1tica: capaz de ejercer responsablemente sus derechos y obligaciones, individuales y colectivas; el tipo de conocimiento que hay que ense\u00f1ar al alumnado para que el aprendizaje sea m\u00e1s s\u00f3lido y permita desarrollar sus m\u00faltiples capacidades, atendiendo particularidades y diversidades; y la concepci\u00f3n de la escuela, entendida como un proyecto que se construye en comunidad y para la comunidad. Un desaf\u00edo que apela a la corresponsabilidad de todos los agentes sociales.<\/p>\n","protected":false},"excerpt":{"rendered":"<p>Hoy todo va m\u00e1s deprisa. Los cambios en distintos \u00e1mbitos sociales son m\u00e1s veloces e imprevisibles. \u00bfTambi\u00e9n en la escuela? En esta instituci\u00f3n la renovaci\u00f3n general se resiste, a pesar de que existen ideas, proyectos y experiencias que ponen de relieve que el cambio es necesario y posible. En <em>Una educaci\u00f3n para ma\u00f1ana<\/em> se ponen relieve algunos de los obst\u00e1culos y posibilidades m\u00e1s relevantes de esta renovaci\u00f3n: en la escuela y en el conjunto de la educaci\u00f3n.<br \/>\nHay tres cuestiones que est\u00e1n presentes en toda la obra: la importancia de la relaci\u00f3n educativa entre los distintos actores para forjar una ciudadan\u00eda libre y democr\u00e1tica: capaz de ejercer responsablemente sus derechos y obligaciones, individuales y colectivas; el tipo de conocimiento que hay que ense\u00f1ar al alumnado para que el aprendizaje sea m\u00e1s s\u00f3lido y permita desarrollar sus m\u00faltiples capacidades, atendiendo particularidades y diversidades; y la concepci\u00f3n de la escuela, entendida como un proyecto que se construye en comunidad y para la comunidad. Un desaf\u00edo que apela a la corresponsabilidad de todos los agentes sociales.<\/p>\n","protected":false},"featured_media":16625,"comment_status":"open","ping_status":"closed","template":"","meta":{"_et_pb_use_builder":"","_et_pb_old_content":"","_et_gb_content_width":""},"product_cat":[1512,6675],"product_tag":[2602],"edicion":[1083],"editoriales":[1160],"tienda":[],"autor_id":[5246],"universidades_coeditoras":[],"palabras_clave":[],"listado_alfabetico":[],"acf":[],"_links":{"self":[{"href":"https:\/\/wizardly-davinci.82-223-8-23.plesk.page\/en\/wp-json\/wp\/v2\/product\/16624"}],"collection":[{"href":"https:\/\/wizardly-davinci.82-223-8-23.plesk.page\/en\/wp-json\/wp\/v2\/product"}],"about":[{"href":"https:\/\/wizardly-davinci.82-223-8-23.plesk.page\/en\/wp-json\/wp\/v2\/types\/product"}],"replies":[{"embeddable":true,"href":"https:\/\/wizardly-davinci.82-223-8-23.plesk.page\/en\/wp-json\/wp\/v2\/comments?post=16624"}],"wp:featuredmedia":[{"embeddable":true,"href":"https:\/\/wizardly-davinci.82-223-8-23.plesk.page\/en\/wp-json\/wp\/v2\/media\/16625"}],"wp:attachment":[{"href":"https:\/\/wizardly-davinci.82-223-8-23.plesk.page\/en\/wp-json\/wp\/v2\/media?parent=16624"}],"wp:term":[{"taxonomy":"product_cat","embeddable":true,"href":"https:\/\/wizardly-davinci.82-223-8-23.plesk.page\/en\/wp-json\/wp\/v2\/product_cat?post=16624"},{"taxonomy":"product_tag","embeddable":true,"href":"https:\/\/wizardly-davinci.82-223-8-23.plesk.page\/en\/wp-json\/wp\/v2\/product_tag?post=16624"},{"taxonomy":"edicion","embeddable":true,"href":"https:\/\/wizardly-davinci.82-223-8-23.plesk.page\/en\/wp-json\/wp\/v2\/edicion?post=16624"},{"taxonomy":"editoriales","embeddable":true,"href":"https:\/\/wizardly-davinci.82-223-8-23.plesk.page\/en\/wp-json\/wp\/v2\/editoriales?post=16624"},{"taxonomy":"tienda","embeddable":true,"href":"https:\/\/wizardly-davinci.82-223-8-23.plesk.page\/en\/wp-json\/wp\/v2\/tienda?post=16624"},{"taxonomy":"autor_id","embeddable":true,"href":"https:\/\/wizardly-davinci.82-223-8-23.plesk.page\/en\/wp-json\/wp\/v2\/autor_id?post=16624"},{"taxonomy":"universidades_coeditoras","embeddable":true,"href":"https:\/\/wizardly-davinci.82-223-8-23.plesk.page\/en\/wp-json\/wp\/v2\/universidades_coeditoras?post=16624"},{"taxonomy":"palabras_clave","embeddable":true,"href":"https:\/\/wizardly-davinci.82-223-8-23.plesk.page\/en\/wp-json\/wp\/v2\/palabras_clave?post=16624"},{"taxonomy":"listado_alfabetico","embeddable":true,"href":"https:\/\/wizardly-davinci.82-223-8-23.plesk.page\/en\/wp-json\/wp\/v2\/listado_alfabetico?post=16624"}],"curies":[{"name":"wp","href":"https:\/\/api.w.org\/{rel}","templated":true}]}}