{"id":16626,"date":"2019-04-09T22:10:19","date_gmt":"2019-04-09T22:10:19","guid":{"rendered":"https:\/\/octaedro.com\/producto\/el-arbol-del-bien-y-del-mal\/"},"modified":"2023-04-20T10:18:56","modified_gmt":"2023-04-20T08:18:56","slug":"el-arbol-del-bien-y-del-mal","status":"publish","type":"product","link":"https:\/\/wizardly-davinci.82-223-8-23.plesk.page\/en\/producto\/el-arbol-del-bien-y-del-mal\/","title":{"rendered":"El \u00e1rbol del bien y del mal"},"content":{"rendered":"<p>Este libro es un cr\u00f3nica de la vida escolar en la Espa\u00f1a franquista. Situado en una ciudad andaluza que no se nombra, el relato nos cuenta la vida escolar de Pablo Campos, un ni\u00f1o que acude al colegio con cinco a\u00f1os, en 1956, y lo abandona con diecisiete en el m\u00edtico 1968.<br \/>\nEl tema de fondo es el descubrimiento de la vida, en el que el protagonista parte de una radical inocencia ante el desconocimiento de las cosas, hasta que, poco a poco, se va distanciando de las ideas que intentan inculcarle en el colegio para elaborar una forma de pensamiento propia. La amistad, el respeto de los compa\u00f1eros, el encuentro con los valores esenciales, el amor a la vida y el sentido de la muerte aparecen como temas de descubrimiento y conquista desde la perspectiva de un ni\u00f1o que, al enfrentarlos, va dejando de serlo.<\/p>\n","protected":false},"excerpt":{"rendered":"<p>Este libro es un cr\u00f3nica de la vida escolar en la Espa\u00f1a franquista. Situado en una ciudad andaluza que no se nombra, el relato nos cuenta la vida escolar de Pablo Campos, un ni\u00f1o que acude al colegio con cinco a\u00f1os, en 1956, y lo abandona con diecisiete en el m\u00edtico 1968.<br \/>\nEl tema de fondo es el descubrimiento de la vida, en el que el protagonista parte de una radical inocencia ante el desconocimiento de las cosas, hasta que, poco a poco, se va distanciando de las ideas que intentan inculcarle en el colegio para elaborar una forma de pensamiento propia. La amistad, el respeto de los compa\u00f1eros, el encuentro con los valores esenciales, el amor a la vida y el sentido de la muerte aparecen como temas de descubrimiento y conquista desde la perspectiva de un ni\u00f1o que, al enfrentarlos, va dejando de serlo.<\/p>\n","protected":false},"featured_media":16627,"comment_status":"open","ping_status":"closed","template":"","meta":{"_et_pb_use_builder":"","_et_pb_old_content":"","_et_gb_content_width":""},"product_cat":[1512,6675],"product_tag":[2602],"edicion":[1083],"editoriales":[1160],"tienda":[],"autor_id":[5443],"universidades_coeditoras":[],"palabras_clave":[],"listado_alfabetico":[],"acf":[],"_links":{"self":[{"href":"https:\/\/wizardly-davinci.82-223-8-23.plesk.page\/en\/wp-json\/wp\/v2\/product\/16626"}],"collection":[{"href":"https:\/\/wizardly-davinci.82-223-8-23.plesk.page\/en\/wp-json\/wp\/v2\/product"}],"about":[{"href":"https:\/\/wizardly-davinci.82-223-8-23.plesk.page\/en\/wp-json\/wp\/v2\/types\/product"}],"replies":[{"embeddable":true,"href":"https:\/\/wizardly-davinci.82-223-8-23.plesk.page\/en\/wp-json\/wp\/v2\/comments?post=16626"}],"wp:featuredmedia":[{"embeddable":true,"href":"https:\/\/wizardly-davinci.82-223-8-23.plesk.page\/en\/wp-json\/wp\/v2\/media\/16627"}],"wp:attachment":[{"href":"https:\/\/wizardly-davinci.82-223-8-23.plesk.page\/en\/wp-json\/wp\/v2\/media?parent=16626"}],"wp:term":[{"taxonomy":"product_cat","embeddable":true,"href":"https:\/\/wizardly-davinci.82-223-8-23.plesk.page\/en\/wp-json\/wp\/v2\/product_cat?post=16626"},{"taxonomy":"product_tag","embeddable":true,"href":"https:\/\/wizardly-davinci.82-223-8-23.plesk.page\/en\/wp-json\/wp\/v2\/product_tag?post=16626"},{"taxonomy":"edicion","embeddable":true,"href":"https:\/\/wizardly-davinci.82-223-8-23.plesk.page\/en\/wp-json\/wp\/v2\/edicion?post=16626"},{"taxonomy":"editoriales","embeddable":true,"href":"https:\/\/wizardly-davinci.82-223-8-23.plesk.page\/en\/wp-json\/wp\/v2\/editoriales?post=16626"},{"taxonomy":"tienda","embeddable":true,"href":"https:\/\/wizardly-davinci.82-223-8-23.plesk.page\/en\/wp-json\/wp\/v2\/tienda?post=16626"},{"taxonomy":"autor_id","embeddable":true,"href":"https:\/\/wizardly-davinci.82-223-8-23.plesk.page\/en\/wp-json\/wp\/v2\/autor_id?post=16626"},{"taxonomy":"universidades_coeditoras","embeddable":true,"href":"https:\/\/wizardly-davinci.82-223-8-23.plesk.page\/en\/wp-json\/wp\/v2\/universidades_coeditoras?post=16626"},{"taxonomy":"palabras_clave","embeddable":true,"href":"https:\/\/wizardly-davinci.82-223-8-23.plesk.page\/en\/wp-json\/wp\/v2\/palabras_clave?post=16626"},{"taxonomy":"listado_alfabetico","embeddable":true,"href":"https:\/\/wizardly-davinci.82-223-8-23.plesk.page\/en\/wp-json\/wp\/v2\/listado_alfabetico?post=16626"}],"curies":[{"name":"wp","href":"https:\/\/api.w.org\/{rel}","templated":true}]}}