{"id":16628,"date":"2019-04-09T22:10:19","date_gmt":"2019-04-09T22:10:19","guid":{"rendered":"https:\/\/octaedro.com\/producto\/una-educacion-para-el-cambio\/"},"modified":"2023-04-20T10:19:02","modified_gmt":"2023-04-20T08:19:02","slug":"una-educacion-para-el-cambio","status":"publish","type":"product","link":"https:\/\/wizardly-davinci.82-223-8-23.plesk.page\/en\/producto\/una-educacion-para-el-cambio\/","title":{"rendered":"Una educaci\u00f3n para el cambio"},"content":{"rendered":"<p>Este libro se basa en una amplia investigaci\u00f3n de car\u00e1cter internacional sobre c\u00f3mo los centros de ense\u00f1anza en general, y los de secuandaria en particular, est\u00e1n educando a los adolescentes. Escrito de una manera fundamentada y alejada de t\u00f3picos y lugares comunes, a la vez que accesible y provocadora, este libro explora algunas alternativas para mejorar la educaci\u00f3n de los adolescentes teniendo en cuenta los siguientes aspectos: la relaci\u00f3n entre las culturas de la escuela y la necesidad de promover un cambio en los j\u00f3venes, los sistemas de apoyo y las propuestas organizativas para realizar una mejora de la ense\u00f1anza y aprendizaje de los adolescentes, la necesidad de marcos curriculares alternativos que puedan guiar a los adolescentes a cambiar sus pr\u00e1cticas de ense\u00f1anza con los adolescentes y, por \u00faltimo, sugerencias para realizar una evaluaci\u00f3n alternativa que reconozca los diferentes tipos de inteligencias y las variadas formas de aprender de los adolescentes.<br \/>\nEstos aspectos se presentar\u00e1n a partir de evidenciar las limitaciones y deficiencias de las actuales pr\u00e1cticas docentes y la necesidad de llevar a cabo experiencias educativas alternativas con los adolescentes.<\/p>\n","protected":false},"excerpt":{"rendered":"<p>Este libro se basa en una amplia investigaci\u00f3n de car\u00e1cter internacional sobre c\u00f3mo los centros de ense\u00f1anza en general, y los de secuandaria en particular, est\u00e1n educando a los adolescentes. Escrito de una manera fundamentada y alejada de t\u00f3picos y lugares comunes, a la vez que accesible y provocadora, este libro explora algunas alternativas para mejorar la educaci\u00f3n de los adolescentes teniendo en cuenta los siguientes aspectos: la relaci\u00f3n entre las culturas de la escuela y la necesidad de promover un cambio en los j\u00f3venes, los sistemas de apoyo y las propuestas organizativas para realizar una mejora de la ense\u00f1anza y aprendizaje de los adolescentes, la necesidad de marcos curriculares alternativos que puedan guiar a los adolescentes a cambiar sus pr\u00e1cticas de ense\u00f1anza con los adolescentes y, por \u00faltimo, sugerencias para realizar una evaluaci\u00f3n alternativa que reconozca los diferentes tipos de inteligencias y las variadas formas de aprender de los adolescentes.<br \/>\nEstos aspectos se presentar\u00e1n a partir de evidenciar las limitaciones y deficiencias de las actuales pr\u00e1cticas docentes y la necesidad de llevar a cabo experiencias educativas alternativas con los adolescentes.<\/p>\n","protected":false},"featured_media":16629,"comment_status":"open","ping_status":"closed","template":"","meta":{"_et_pb_use_builder":"","_et_pb_old_content":"","_et_gb_content_width":""},"product_cat":[2606,1512,6675,6673],"product_tag":[2604],"edicion":[1084,1083],"editoriales":[1160],"tienda":[],"autor_id":[5403,5667,6326],"universidades_coeditoras":[],"palabras_clave":[],"listado_alfabetico":[],"acf":[],"_links":{"self":[{"href":"https:\/\/wizardly-davinci.82-223-8-23.plesk.page\/en\/wp-json\/wp\/v2\/product\/16628"}],"collection":[{"href":"https:\/\/wizardly-davinci.82-223-8-23.plesk.page\/en\/wp-json\/wp\/v2\/product"}],"about":[{"href":"https:\/\/wizardly-davinci.82-223-8-23.plesk.page\/en\/wp-json\/wp\/v2\/types\/product"}],"replies":[{"embeddable":true,"href":"https:\/\/wizardly-davinci.82-223-8-23.plesk.page\/en\/wp-json\/wp\/v2\/comments?post=16628"}],"wp:featuredmedia":[{"embeddable":true,"href":"https:\/\/wizardly-davinci.82-223-8-23.plesk.page\/en\/wp-json\/wp\/v2\/media\/16629"}],"wp:attachment":[{"href":"https:\/\/wizardly-davinci.82-223-8-23.plesk.page\/en\/wp-json\/wp\/v2\/media?parent=16628"}],"wp:term":[{"taxonomy":"product_cat","embeddable":true,"href":"https:\/\/wizardly-davinci.82-223-8-23.plesk.page\/en\/wp-json\/wp\/v2\/product_cat?post=16628"},{"taxonomy":"product_tag","embeddable":true,"href":"https:\/\/wizardly-davinci.82-223-8-23.plesk.page\/en\/wp-json\/wp\/v2\/product_tag?post=16628"},{"taxonomy":"edicion","embeddable":true,"href":"https:\/\/wizardly-davinci.82-223-8-23.plesk.page\/en\/wp-json\/wp\/v2\/edicion?post=16628"},{"taxonomy":"editoriales","embeddable":true,"href":"https:\/\/wizardly-davinci.82-223-8-23.plesk.page\/en\/wp-json\/wp\/v2\/editoriales?post=16628"},{"taxonomy":"tienda","embeddable":true,"href":"https:\/\/wizardly-davinci.82-223-8-23.plesk.page\/en\/wp-json\/wp\/v2\/tienda?post=16628"},{"taxonomy":"autor_id","embeddable":true,"href":"https:\/\/wizardly-davinci.82-223-8-23.plesk.page\/en\/wp-json\/wp\/v2\/autor_id?post=16628"},{"taxonomy":"universidades_coeditoras","embeddable":true,"href":"https:\/\/wizardly-davinci.82-223-8-23.plesk.page\/en\/wp-json\/wp\/v2\/universidades_coeditoras?post=16628"},{"taxonomy":"palabras_clave","embeddable":true,"href":"https:\/\/wizardly-davinci.82-223-8-23.plesk.page\/en\/wp-json\/wp\/v2\/palabras_clave?post=16628"},{"taxonomy":"listado_alfabetico","embeddable":true,"href":"https:\/\/wizardly-davinci.82-223-8-23.plesk.page\/en\/wp-json\/wp\/v2\/listado_alfabetico?post=16628"}],"curies":[{"name":"wp","href":"https:\/\/api.w.org\/{rel}","templated":true}]}}