{"id":16630,"date":"2019-04-09T22:10:19","date_gmt":"2019-04-09T22:10:19","guid":{"rendered":"https:\/\/octaedro.com\/producto\/el-porque-de-nuestros-gestos\/"},"modified":"2023-04-20T10:19:09","modified_gmt":"2023-04-20T08:19:09","slug":"el-porque-de-nuestros-gestos","status":"publish","type":"product","link":"https:\/\/wizardly-davinci.82-223-8-23.plesk.page\/en\/producto\/el-porque-de-nuestros-gestos\/","title":{"rendered":"El porqu\u00e9 de nuestros gestos"},"content":{"rendered":"<p>\u00bfA qui\u00e9n alguna vez no le han tirado de las oreja al cumplir a\u00f1os? \u00bfQui\u00e9n no se ha burlado de alguien sacando la lengua o haciendo orejas de asno? Por medio de los gestos nos comunicamos con los otros, expresamos nuestros pensamientos y emociones. A menudo no sabemos por qu\u00e9 los hacemos ni de d\u00f3nde provienen. Este libro, que va dirigido tanto al lector curioso como al especialista, busca en la Antig\u00fcedad romana el origen y el significado de algunos de los gestos m\u00e1s usados en la actualidad. M\u00e1s de dos mil a\u00f1os despu\u00e9s, Roma sigue presente no s\u00f3lo en muchos rincones de nuestra lenguas y de nuestras ciudades sino tambi\u00e9n en nuestra gestualidad.<\/p>\n","protected":false},"excerpt":{"rendered":"<p>\u00bfA qui\u00e9n alguna vez no le han tirado de las oreja al cumplir a\u00f1os? \u00bfQui\u00e9n no se ha burlado de alguien sacando la lengua o haciendo orejas de asno? Por medio de los gestos nos comunicamos con los otros, expresamos nuestros pensamientos y emociones. A menudo no sabemos por qu\u00e9 los hacemos ni de d\u00f3nde provienen. Este libro, que va dirigido tanto al lector curioso como al especialista, busca en la Antig\u00fcedad romana el origen y el significado de algunos de los gestos m\u00e1s usados en la actualidad. M\u00e1s de dos mil a\u00f1os despu\u00e9s, Roma sigue presente no s\u00f3lo en muchos rincones de nuestra lenguas y de nuestras ciudades sino tambi\u00e9n en nuestra gestualidad.<\/p>\n","protected":false},"featured_media":16631,"comment_status":"open","ping_status":"closed","template":"","meta":{"_et_pb_use_builder":"","_et_pb_old_content":"","_et_gb_content_width":""},"product_cat":[1512],"product_tag":[2602],"edicion":[],"editoriales":[1160],"tienda":[],"autor_id":[5499,6184],"universidades_coeditoras":[7245],"palabras_clave":[],"listado_alfabetico":[],"acf":[],"_links":{"self":[{"href":"https:\/\/wizardly-davinci.82-223-8-23.plesk.page\/en\/wp-json\/wp\/v2\/product\/16630"}],"collection":[{"href":"https:\/\/wizardly-davinci.82-223-8-23.plesk.page\/en\/wp-json\/wp\/v2\/product"}],"about":[{"href":"https:\/\/wizardly-davinci.82-223-8-23.plesk.page\/en\/wp-json\/wp\/v2\/types\/product"}],"replies":[{"embeddable":true,"href":"https:\/\/wizardly-davinci.82-223-8-23.plesk.page\/en\/wp-json\/wp\/v2\/comments?post=16630"}],"wp:featuredmedia":[{"embeddable":true,"href":"https:\/\/wizardly-davinci.82-223-8-23.plesk.page\/en\/wp-json\/wp\/v2\/media\/16631"}],"wp:attachment":[{"href":"https:\/\/wizardly-davinci.82-223-8-23.plesk.page\/en\/wp-json\/wp\/v2\/media?parent=16630"}],"wp:term":[{"taxonomy":"product_cat","embeddable":true,"href":"https:\/\/wizardly-davinci.82-223-8-23.plesk.page\/en\/wp-json\/wp\/v2\/product_cat?post=16630"},{"taxonomy":"product_tag","embeddable":true,"href":"https:\/\/wizardly-davinci.82-223-8-23.plesk.page\/en\/wp-json\/wp\/v2\/product_tag?post=16630"},{"taxonomy":"edicion","embeddable":true,"href":"https:\/\/wizardly-davinci.82-223-8-23.plesk.page\/en\/wp-json\/wp\/v2\/edicion?post=16630"},{"taxonomy":"editoriales","embeddable":true,"href":"https:\/\/wizardly-davinci.82-223-8-23.plesk.page\/en\/wp-json\/wp\/v2\/editoriales?post=16630"},{"taxonomy":"tienda","embeddable":true,"href":"https:\/\/wizardly-davinci.82-223-8-23.plesk.page\/en\/wp-json\/wp\/v2\/tienda?post=16630"},{"taxonomy":"autor_id","embeddable":true,"href":"https:\/\/wizardly-davinci.82-223-8-23.plesk.page\/en\/wp-json\/wp\/v2\/autor_id?post=16630"},{"taxonomy":"universidades_coeditoras","embeddable":true,"href":"https:\/\/wizardly-davinci.82-223-8-23.plesk.page\/en\/wp-json\/wp\/v2\/universidades_coeditoras?post=16630"},{"taxonomy":"palabras_clave","embeddable":true,"href":"https:\/\/wizardly-davinci.82-223-8-23.plesk.page\/en\/wp-json\/wp\/v2\/palabras_clave?post=16630"},{"taxonomy":"listado_alfabetico","embeddable":true,"href":"https:\/\/wizardly-davinci.82-223-8-23.plesk.page\/en\/wp-json\/wp\/v2\/listado_alfabetico?post=16630"}],"curies":[{"name":"wp","href":"https:\/\/api.w.org\/{rel}","templated":true}]}}