{"id":16632,"date":"2019-04-09T22:10:20","date_gmt":"2019-04-09T22:10:20","guid":{"rendered":"https:\/\/octaedro.com\/producto\/la-organizacion-del-curriculum-por-proyectos-de-trabajo\/"},"modified":"2023-04-20T10:08:05","modified_gmt":"2023-04-20T08:08:05","slug":"la-organizacion-del-curriculum-por-proyectos-de-trabajo","status":"publish","type":"product","link":"https:\/\/wizardly-davinci.82-223-8-23.plesk.page\/en\/producto\/la-organizacion-del-curriculum-por-proyectos-de-trabajo\/","title":{"rendered":"La organizaci\u00f3n del curr\u00edculum por proyectos de trabajo"},"content":{"rendered":"<p>Desde su primera publicaci\u00f3n en 1992, en la Editorial Gra\u00f3, esta obra ha sido reeditada en numerosas ocasiones porque, en ella, el profesorado ha encontrado el relato del proceso de una escuela que llev\u00f3 a cabo una manera diferente de abordar la pr\u00e1ctica educativa y de generar saber pedag\u00f3gico. Las reformas de la d\u00e9cada de los noventa convirtieron esta obra en una referencia pedag\u00f3gica sobre como llevar al aula un enfoque constructivista del aprendizaje y de la ense\u00f1anza. Se trata de una apuesta para otorgar un nuevo sentido a las relaciones pedag\u00f3gicas, partiendo de la indigaci\u00f3n como referente y del di\u00e1logo como elemento esencial de la relaci\u00f3n en el aula.<br \/>\nPero los proyectos de trabajo no son una estrategia did\u00e1ctica ni un m\u00e9todo. Por eso, en la presente edici\u00f3n, se ofrece una extensa introducci\u00f3n que reflexiona y actualiza la propuesta que conten\u00eda la publicaci\u00f3n original. Esta edici\u00f3n puede ser \u00fatil tanto a quienes ya est\u00e1n familiarizados con el contenido del libro como a quienes la lean por vez primera puesto que presenta nuevas formas para repensar las pr\u00e1cticas educativas.<\/p>\n","protected":false},"excerpt":{"rendered":"<p>Desde su primera publicaci\u00f3n en 1992, en la Editorial Gra\u00f3, esta obra ha sido reeditada en numerosas ocasiones porque, en ella, el profesorado ha encontrado el relato del proceso de una escuela que llev\u00f3 a cabo una manera diferente de abordar la pr\u00e1ctica educativa y de generar saber pedag\u00f3gico. Las reformas de la d\u00e9cada de los noventa convirtieron esta obra en una referencia pedag\u00f3gica sobre como llevar al aula un enfoque constructivista del aprendizaje y de la ense\u00f1anza. Se trata de una apuesta para otorgar un nuevo sentido a las relaciones pedag\u00f3gicas, partiendo de la indigaci\u00f3n como referente y del di\u00e1logo como elemento esencial de la relaci\u00f3n en el aula.<br \/>\nPero los proyectos de trabajo no son una estrategia did\u00e1ctica ni un m\u00e9todo. Por eso, en la presente edici\u00f3n, se ofrece una extensa introducci\u00f3n que reflexiona y actualiza la propuesta que conten\u00eda la publicaci\u00f3n original. Esta edici\u00f3n puede ser \u00fatil tanto a quienes ya est\u00e1n familiarizados con el contenido del libro como a quienes la lean por vez primera puesto que presenta nuevas formas para repensar las pr\u00e1cticas educativas.<\/p>\n","protected":false},"featured_media":16633,"comment_status":"open","ping_status":"closed","template":"","meta":{"_et_pb_use_builder":"","_et_pb_old_content":"","_et_gb_content_width":""},"product_cat":[1512,6675],"product_tag":[2602],"edicion":[1083],"editoriales":[1160],"tienda":[],"autor_id":[5675,6564],"universidades_coeditoras":[],"palabras_clave":[],"listado_alfabetico":[],"acf":[],"_links":{"self":[{"href":"https:\/\/wizardly-davinci.82-223-8-23.plesk.page\/en\/wp-json\/wp\/v2\/product\/16632"}],"collection":[{"href":"https:\/\/wizardly-davinci.82-223-8-23.plesk.page\/en\/wp-json\/wp\/v2\/product"}],"about":[{"href":"https:\/\/wizardly-davinci.82-223-8-23.plesk.page\/en\/wp-json\/wp\/v2\/types\/product"}],"replies":[{"embeddable":true,"href":"https:\/\/wizardly-davinci.82-223-8-23.plesk.page\/en\/wp-json\/wp\/v2\/comments?post=16632"}],"wp:featuredmedia":[{"embeddable":true,"href":"https:\/\/wizardly-davinci.82-223-8-23.plesk.page\/en\/wp-json\/wp\/v2\/media\/16633"}],"wp:attachment":[{"href":"https:\/\/wizardly-davinci.82-223-8-23.plesk.page\/en\/wp-json\/wp\/v2\/media?parent=16632"}],"wp:term":[{"taxonomy":"product_cat","embeddable":true,"href":"https:\/\/wizardly-davinci.82-223-8-23.plesk.page\/en\/wp-json\/wp\/v2\/product_cat?post=16632"},{"taxonomy":"product_tag","embeddable":true,"href":"https:\/\/wizardly-davinci.82-223-8-23.plesk.page\/en\/wp-json\/wp\/v2\/product_tag?post=16632"},{"taxonomy":"edicion","embeddable":true,"href":"https:\/\/wizardly-davinci.82-223-8-23.plesk.page\/en\/wp-json\/wp\/v2\/edicion?post=16632"},{"taxonomy":"editoriales","embeddable":true,"href":"https:\/\/wizardly-davinci.82-223-8-23.plesk.page\/en\/wp-json\/wp\/v2\/editoriales?post=16632"},{"taxonomy":"tienda","embeddable":true,"href":"https:\/\/wizardly-davinci.82-223-8-23.plesk.page\/en\/wp-json\/wp\/v2\/tienda?post=16632"},{"taxonomy":"autor_id","embeddable":true,"href":"https:\/\/wizardly-davinci.82-223-8-23.plesk.page\/en\/wp-json\/wp\/v2\/autor_id?post=16632"},{"taxonomy":"universidades_coeditoras","embeddable":true,"href":"https:\/\/wizardly-davinci.82-223-8-23.plesk.page\/en\/wp-json\/wp\/v2\/universidades_coeditoras?post=16632"},{"taxonomy":"palabras_clave","embeddable":true,"href":"https:\/\/wizardly-davinci.82-223-8-23.plesk.page\/en\/wp-json\/wp\/v2\/palabras_clave?post=16632"},{"taxonomy":"listado_alfabetico","embeddable":true,"href":"https:\/\/wizardly-davinci.82-223-8-23.plesk.page\/en\/wp-json\/wp\/v2\/listado_alfabetico?post=16632"}],"curies":[{"name":"wp","href":"https:\/\/api.w.org\/{rel}","templated":true}]}}