{"id":16634,"date":"2019-04-09T22:10:20","date_gmt":"2019-04-09T22:10:20","guid":{"rendered":"https:\/\/octaedro.com\/producto\/didactica-de-la-expresion-dramatica\/"},"modified":"2023-04-20T10:08:11","modified_gmt":"2023-04-20T08:08:11","slug":"didactica-de-la-expresion-dramatica","status":"publish","type":"product","link":"https:\/\/wizardly-davinci.82-223-8-23.plesk.page\/en\/producto\/didactica-de-la-expresion-dramatica\/","title":{"rendered":"Did\u00e1ctica de la expresi\u00f3n dram\u00e1tica"},"content":{"rendered":"<p>No es tan s\u00f3lo un libro m\u00e1s sobre teor\u00eda dram\u00e1tica aplicable al Centro Escolar. Es una reflexi\u00f3n viva acerca de las posibilidades did\u00e1cticas de la Dramatizaci\u00f3n y el Teatro en nuestras Aulas, realizada desde variados \u00e1ngulos y puntos de vista, apoyada en las m\u00e1s diversas t\u00e9cnicas de expresi\u00f3n y desde distintos niveles y proyectos educativos y siempre ?y esto es lo mas importante? para recrear el deseo de unos ni\u00f1os ilusionados por una Escuela Nueva donde sus rostros puedan ser libremente coloreados, se dibujen los escenarios ?los reales y los imposibles? y se pinten de reflejos vivos los muros del colegio y las estrellas colindantes&#8230;<br \/>\nEllos, alumnos y alumnas, reclaman en cada p\u00e1gina del libro, bajo la palabra de Jos\u00e9 Ca\u00f1as, un lugar para el TEATRO en la Escuela, un mayor uso de lo teatral como instrumento pedag\u00f3gico, maravilloso y \u00fatil, que abre como ninguno las puertas de la Imaginaci\u00f3n y de la Creatividad, que libera inhibiciones, que socializa conductas, que a\u00fana por el juego, que ampara y comparte por el grupo, que reproduce y ense\u00f1a (Alicia real con un tel\u00f3n de fondo como espejo) los sue\u00f1os y los anhelos que, nosotros, los adultos, pretendemos desde las Aulas que los ni\u00f1os conozcan, amen y vivan.<\/p>\n","protected":false},"excerpt":{"rendered":"<p>No es tan s\u00f3lo un libro m\u00e1s sobre teor\u00eda dram\u00e1tica aplicable al Centro Escolar. Es una reflexi\u00f3n viva acerca de las posibilidades did\u00e1cticas de la Dramatizaci\u00f3n y el Teatro en nuestras Aulas, realizada desde variados \u00e1ngulos y puntos de vista, apoyada en las m\u00e1s diversas t\u00e9cnicas de expresi\u00f3n y desde distintos niveles y proyectos educativos y siempre ?y esto es lo mas importante? para recrear el deseo de unos ni\u00f1os ilusionados por una Escuela Nueva donde sus rostros puedan ser libremente coloreados, se dibujen los escenarios ?los reales y los imposibles? y se pinten de reflejos vivos los muros del colegio y las estrellas colindantes&#8230;<br \/>\nEllos, alumnos y alumnas, reclaman en cada p\u00e1gina del libro, bajo la palabra de Jos\u00e9 Ca\u00f1as, un lugar para el TEATRO en la Escuela, un mayor uso de lo teatral como instrumento pedag\u00f3gico, maravilloso y \u00fatil, que abre como ninguno las puertas de la Imaginaci\u00f3n y de la Creatividad, que libera inhibiciones, que socializa conductas, que a\u00fana por el juego, que ampara y comparte por el grupo, que reproduce y ense\u00f1a (Alicia real con un tel\u00f3n de fondo como espejo) los sue\u00f1os y los anhelos que, nosotros, los adultos, pretendemos desde las Aulas que los ni\u00f1os conozcan, amen y vivan.<\/p>\n","protected":false},"featured_media":16635,"comment_status":"open","ping_status":"closed","template":"","meta":{"_et_pb_use_builder":"","_et_pb_old_content":"","_et_gb_content_width":""},"product_cat":[1512,6675],"product_tag":[2602],"edicion":[1083],"editoriales":[1160],"tienda":[],"autor_id":[5269],"universidades_coeditoras":[],"palabras_clave":[],"listado_alfabetico":[],"acf":[],"_links":{"self":[{"href":"https:\/\/wizardly-davinci.82-223-8-23.plesk.page\/en\/wp-json\/wp\/v2\/product\/16634"}],"collection":[{"href":"https:\/\/wizardly-davinci.82-223-8-23.plesk.page\/en\/wp-json\/wp\/v2\/product"}],"about":[{"href":"https:\/\/wizardly-davinci.82-223-8-23.plesk.page\/en\/wp-json\/wp\/v2\/types\/product"}],"replies":[{"embeddable":true,"href":"https:\/\/wizardly-davinci.82-223-8-23.plesk.page\/en\/wp-json\/wp\/v2\/comments?post=16634"}],"wp:featuredmedia":[{"embeddable":true,"href":"https:\/\/wizardly-davinci.82-223-8-23.plesk.page\/en\/wp-json\/wp\/v2\/media\/16635"}],"wp:attachment":[{"href":"https:\/\/wizardly-davinci.82-223-8-23.plesk.page\/en\/wp-json\/wp\/v2\/media?parent=16634"}],"wp:term":[{"taxonomy":"product_cat","embeddable":true,"href":"https:\/\/wizardly-davinci.82-223-8-23.plesk.page\/en\/wp-json\/wp\/v2\/product_cat?post=16634"},{"taxonomy":"product_tag","embeddable":true,"href":"https:\/\/wizardly-davinci.82-223-8-23.plesk.page\/en\/wp-json\/wp\/v2\/product_tag?post=16634"},{"taxonomy":"edicion","embeddable":true,"href":"https:\/\/wizardly-davinci.82-223-8-23.plesk.page\/en\/wp-json\/wp\/v2\/edicion?post=16634"},{"taxonomy":"editoriales","embeddable":true,"href":"https:\/\/wizardly-davinci.82-223-8-23.plesk.page\/en\/wp-json\/wp\/v2\/editoriales?post=16634"},{"taxonomy":"tienda","embeddable":true,"href":"https:\/\/wizardly-davinci.82-223-8-23.plesk.page\/en\/wp-json\/wp\/v2\/tienda?post=16634"},{"taxonomy":"autor_id","embeddable":true,"href":"https:\/\/wizardly-davinci.82-223-8-23.plesk.page\/en\/wp-json\/wp\/v2\/autor_id?post=16634"},{"taxonomy":"universidades_coeditoras","embeddable":true,"href":"https:\/\/wizardly-davinci.82-223-8-23.plesk.page\/en\/wp-json\/wp\/v2\/universidades_coeditoras?post=16634"},{"taxonomy":"palabras_clave","embeddable":true,"href":"https:\/\/wizardly-davinci.82-223-8-23.plesk.page\/en\/wp-json\/wp\/v2\/palabras_clave?post=16634"},{"taxonomy":"listado_alfabetico","embeddable":true,"href":"https:\/\/wizardly-davinci.82-223-8-23.plesk.page\/en\/wp-json\/wp\/v2\/listado_alfabetico?post=16634"}],"curies":[{"name":"wp","href":"https:\/\/api.w.org\/{rel}","templated":true}]}}