{"id":16636,"date":"2019-04-09T22:10:21","date_gmt":"2019-04-09T22:10:21","guid":{"rendered":"https:\/\/octaedro.com\/producto\/el-aula-diversificada\/"},"modified":"2023-04-20T10:08:18","modified_gmt":"2023-04-20T08:08:18","slug":"el-aula-diversificada","status":"publish","type":"product","link":"https:\/\/wizardly-davinci.82-223-8-23.plesk.page\/en\/producto\/el-aula-diversificada\/","title":{"rendered":"El aula diversificada"},"content":{"rendered":"<p>La autora propone en su libro una estrategia general, el think versus sink aproach, que plantea al profesor pensar en lugar de hundir. Sus planteamientos y estrategias de organizaci\u00f3n y planificaci\u00f3n de clases, resultado de una dilatada experiencia docente vivida en aulas de primaria y de secundaria, suponen una gran aportaci\u00f3n al nuevo panorama educativo. Por primera vez, la educaci\u00f3n ofrece respuesta a los miles de ni\u00f1os que, con escaso apoyo familiar, porque ni sus padres ni sus abuelos estuvieron escolarizados, se incorporan por primera vez a las escuelas, y considera la influencia de los compa\u00f1eros un est\u00edmulo que mejora la calidad del aprendizaje.<\/p>\n","protected":false},"excerpt":{"rendered":"<p>La autora propone en su libro una estrategia general, el think versus sink aproach, que plantea al profesor pensar en lugar de hundir. Sus planteamientos y estrategias de organizaci\u00f3n y planificaci\u00f3n de clases, resultado de una dilatada experiencia docente vivida en aulas de primaria y de secundaria, suponen una gran aportaci\u00f3n al nuevo panorama educativo. Por primera vez, la educaci\u00f3n ofrece respuesta a los miles de ni\u00f1os que, con escaso apoyo familiar, porque ni sus padres ni sus abuelos estuvieron escolarizados, se incorporan por primera vez a las escuelas, y considera la influencia de los compa\u00f1eros un est\u00edmulo que mejora la calidad del aprendizaje.<\/p>\n","protected":false},"featured_media":16637,"comment_status":"open","ping_status":"closed","template":"","meta":{"_et_pb_use_builder":"","_et_pb_old_content":"","_et_gb_content_width":""},"product_cat":[1512,6675],"product_tag":[2602],"edicion":[],"editoriales":[1160],"tienda":[],"autor_id":[6491],"universidades_coeditoras":[],"palabras_clave":[],"listado_alfabetico":[],"acf":[],"_links":{"self":[{"href":"https:\/\/wizardly-davinci.82-223-8-23.plesk.page\/en\/wp-json\/wp\/v2\/product\/16636"}],"collection":[{"href":"https:\/\/wizardly-davinci.82-223-8-23.plesk.page\/en\/wp-json\/wp\/v2\/product"}],"about":[{"href":"https:\/\/wizardly-davinci.82-223-8-23.plesk.page\/en\/wp-json\/wp\/v2\/types\/product"}],"replies":[{"embeddable":true,"href":"https:\/\/wizardly-davinci.82-223-8-23.plesk.page\/en\/wp-json\/wp\/v2\/comments?post=16636"}],"wp:featuredmedia":[{"embeddable":true,"href":"https:\/\/wizardly-davinci.82-223-8-23.plesk.page\/en\/wp-json\/wp\/v2\/media\/16637"}],"wp:attachment":[{"href":"https:\/\/wizardly-davinci.82-223-8-23.plesk.page\/en\/wp-json\/wp\/v2\/media?parent=16636"}],"wp:term":[{"taxonomy":"product_cat","embeddable":true,"href":"https:\/\/wizardly-davinci.82-223-8-23.plesk.page\/en\/wp-json\/wp\/v2\/product_cat?post=16636"},{"taxonomy":"product_tag","embeddable":true,"href":"https:\/\/wizardly-davinci.82-223-8-23.plesk.page\/en\/wp-json\/wp\/v2\/product_tag?post=16636"},{"taxonomy":"edicion","embeddable":true,"href":"https:\/\/wizardly-davinci.82-223-8-23.plesk.page\/en\/wp-json\/wp\/v2\/edicion?post=16636"},{"taxonomy":"editoriales","embeddable":true,"href":"https:\/\/wizardly-davinci.82-223-8-23.plesk.page\/en\/wp-json\/wp\/v2\/editoriales?post=16636"},{"taxonomy":"tienda","embeddable":true,"href":"https:\/\/wizardly-davinci.82-223-8-23.plesk.page\/en\/wp-json\/wp\/v2\/tienda?post=16636"},{"taxonomy":"autor_id","embeddable":true,"href":"https:\/\/wizardly-davinci.82-223-8-23.plesk.page\/en\/wp-json\/wp\/v2\/autor_id?post=16636"},{"taxonomy":"universidades_coeditoras","embeddable":true,"href":"https:\/\/wizardly-davinci.82-223-8-23.plesk.page\/en\/wp-json\/wp\/v2\/universidades_coeditoras?post=16636"},{"taxonomy":"palabras_clave","embeddable":true,"href":"https:\/\/wizardly-davinci.82-223-8-23.plesk.page\/en\/wp-json\/wp\/v2\/palabras_clave?post=16636"},{"taxonomy":"listado_alfabetico","embeddable":true,"href":"https:\/\/wizardly-davinci.82-223-8-23.plesk.page\/en\/wp-json\/wp\/v2\/listado_alfabetico?post=16636"}],"curies":[{"name":"wp","href":"https:\/\/api.w.org\/{rel}","templated":true}]}}